{"id":499,"date":"2017-11-21T16:49:02","date_gmt":"2017-11-21T16:49:02","guid":{"rendered":"https:\/\/www.bullhorn.com\/fr\/?page_id=499"},"modified":"2019-07-26T16:48:37","modified_gmt":"2019-07-26T16:48:37","slug":"logiciel-pour-les-cabinets-de-recrutement-et-les-agences-de-placement","status":"publish","type":"page","link":"https:\/\/www.bullhorn.com\/fr\/logiciel-pour-les-cabinets-de-recrutement-et-les-agences-de-placement\/","title":{"rendered":"Le logiciel pour les cabinets de recrutement et les agences de placement"},"content":{"rendered":"<h1 style=\"text-align: center;\"> Le logiciel pour les cabinets de recrutement et les agences de placement<\/h1>\n<p style=\"text-align: center;\">Prenez de meilleures d\u00e9cisions, augmentez la productivit\u00e9 des ventes ainsi que du recrutement et g\u00e9rez le processus complet du recrutement \u00e0 partir d&#8217;une seule interface facile \u00e0 utiliser.<\/p>\n<p>&nbsp;<\/p>\n<p style=\"text-align: center;\"><a href=\"\/fr\/demo\/?LS=Website&LSD=Recruitment_Solutions_Agencies_FR&LA=Agencies_ContactSales_FR&LAD=Agencies_ContactSales_FR\" class=\"btn btn-orange btn-lg\">Planifiez une d\u00e9monstration<\/a><\/p>\n<img loading=\"lazy\" decoding=\"async\" src=\"https:\/\/www.bullhorn.com\/eu\/wp-content\/uploads\/sites\/13\/2017\/11\/MAN_BE_Logo_SS_HOR_MC_RGB.png\" alt=\"\" width=\"1169\" height=\"222\" \/>\n<img decoding=\"async\" src=\"https:\/\/upload.wikimedia.org\/wikipedia\/commons\/thumb\/1\/10\/Randstad_Logo.svg\/2000px-Randstad_Logo.svg.png\" \/>\n<img loading=\"lazy\" decoding=\"async\" src=\"https:\/\/www.bullhorn.com\/fr\/wp-content\/uploads\/sites\/14\/2017\/11\/Trifinance.png\" alt=\"\" width=\"168\" height=\"53\" \/>\n<img loading=\"lazy\" decoding=\"async\" src=\"https:\/\/www.bullhorn.com\/fr\/wp-content\/uploads\/sites\/14\/2017\/11\/Trenkwalder.png\" alt=\"\" width=\"241\" height=\"27\" \/>\n<img loading=\"lazy\" decoding=\"async\" src=\"https:\/\/www.bullhorn.com\/fr\/wp-content\/uploads\/sites\/14\/2017\/11\/Otto-Workforce.png\" alt=\"\" width=\"121\" height=\"44\" \/>\n<h2 style=\"text-align: center;\">Le meilleur logiciel de recrutement pour le d\u00e9veloppement de votre entreprise<\/h2>\n<h3 style=\"text-align: center;\">Nous avons pour vous une solution gr\u00e2ce \u00e0 laquelle vous deviendrez plus productif, quelle que soit votre fonction.<\/h3>\n<p>&nbsp;<\/p>\n<h3 style=\"text-align: center;\">Recrutement<\/h3>\n<p>&nbsp;<\/p>\n<p style=\"text-align: center;\"><img loading=\"lazy\" decoding=\"async\" src=\"https:\/\/1agb93314bcf1knhv22id9u9-wpengine.netdna-ssl.com\/nl\/wp-content\/uploads\/sites\/10\/2017\/12\/Recruitment_2_V1.png\" width=\"149\" height=\"149\" \/><\/p>\n<p style=\"text-align: center;\">Dev\u00e9rouillez un autre niveau d&#8217;efficacit\u00e9 et simplifiez la gestion des candidats, du premier contacte jusqu&#8217;au placement.<\/p>\n<p><b><\/b><\/p>\n<p>&nbsp;<\/p>\n<p>&nbsp;<\/p>\n<h3 style=\"text-align: center;\">Vente et business d\u00e9veloppement de la comptabilit\u00e9<\/h3>\n<p style=\"text-align: center;\"><img loading=\"lazy\" decoding=\"async\" src=\"https:\/\/1agb93314bcf1knhv22id9u9-wpengine.netdna-ssl.com\/nl\/wp-content\/uploads\/sites\/10\/2017\/12\/SalesAccountDevelopment_1_V1.png\" width=\"148\" height=\"148\" \/><\/p>\n<p style=\"text-align: center;\">Obtenez de nouveaux clients et d\u00e9veloppez des comptes existants gr\u00e2ce \u00e0 des approches plus professionnelles pour garder contact avec vos clients ou prospects.<\/p>\n<p><b><\/b><\/p>\n<p>&nbsp;<\/p>\n<p>&nbsp;<\/p>\n<p style=\"text-align: center;\"><a href=\"\/fr\/demo\/?LS=Website&LSD=Recruitment_Solutions_Agencies_FR&LA=Agencies_ContactSales_FR&LAD=Agencies_ContactSales_FR\" class=\"btn btn-orange btn-md\">Planifiez une d\u00e9monstration<\/a><\/p>\n<h3 style=\"text-align: center;\">Administration<\/h3>\n<p>&nbsp;<\/p>\n<img loading=\"lazy\" decoding=\"async\" src=\"https:\/\/1agb93314bcf1knhv22id9u9-wpengine.netdna-ssl.com\/nl\/wp-content\/uploads\/sites\/10\/2017\/12\/Operations_1_V1.png\" width=\"148\" height=\"148\" \/>\n<p style=\"text-align: center;\">G\u00e9rez votre administration d&#8217;une mani\u00e8re efficace et am\u00e9liorez le fonctionnement de votre entreprise.<\/p>\n<p>&nbsp;<\/p>\n<h3>Pour les petits et nouveaux cabinets de recrutement<\/h3>\n<h4>Travaillez rapidement et benefissez d&#8217;une croissance incomparable<\/h4>\n<p>Que vous ayez une \u00e9quipe de 1 ou de 20 personnes: vous avez besoin d&#8217;un syst\u00e8me de suivi des candidats (ATS) facile \u00e0 utiliser et intuitif, gr\u00e2ce auquel vous pouvez rivaliser avec les plus grands cabinets sur le march\u00e9. D\u00e9marrez dans les 48 heures et obtenez des r\u00e9sultats imm\u00e9diats avec un syst\u00e8me optimis\u00e9 qui respecte les meilleures pratiques du recrutement.<\/p>\n<img loading=\"lazy\" decoding=\"async\" src=\"https:\/\/1agb93314bcf1knhv22id9u9-wpengine.netdna-ssl.com\/nl\/wp-content\/uploads\/sites\/10\/2017\/12\/Small_Companies_V1.png\" width=\"387\" height=\"226\" \/>\n<img loading=\"lazy\" decoding=\"async\" src=\"https:\/\/1agb93314bcf1knhv22id9u9-wpengine.netdna-ssl.com\/nl\/wp-content\/uploads\/sites\/10\/2017\/12\/Large_Companies_V1.png\" width=\"385\" height=\"225\" \/>\n<h3>Pour les cabinets de recrutement de moyennes et grandes taille<\/h3>\n<h4>Un v\u00e9ritable logiciel de recrutement test\u00e9, sur lequel vous pouvez compter<\/h4>\n<p>Tout cabinet de recrutement a besoin, de nos jours, d&#8217;une technologie qui supporte sa croissance et qui estcapable de g\u00e9rer le fonctionnement complexe de leurs processus interne. <\/p>\n<h4 style=\"text-align: center;\">Commencez le d\u00e9veloppement de votre entreprise<\/h4>\n<p style=\"text-align: center;\"><a href=\"\/fr\/demo\/?LS=Website&LSD=Recruitment_Solutions_Agencies_FR&LA=Agencies_ContactSales_FR&LAD=Agencies_ContactSales_FR\" class=\"btn btn-orange btn-md\">Live Demo<\/a><\/p>\n","protected":false},"excerpt":{"rendered":"<p>Le logiciel pour les cabinets de recrutement et les agences de placement Prenez de meilleures d\u00e9cisions, augmentez la productivit\u00e9 des ventes ainsi que du recrutement et g\u00e9rez le processus complet du recrutement \u00e0 partir d&#8217;une seule interface facile \u00e0 utiliser. &nbsp; Le meilleur logiciel de recrutement pour le d\u00e9veloppement de votre entreprise Nous avons pour [&hellip;]<\/p>\n","protected":false},"author":137,"featured_media":0,"parent":0,"menu_order":0,"comment_status":"closed","ping_status":"closed","template":"","meta":{"_acf_changed":false,"om_disable_all_campaigns":false},"class_list":["post-499","page","type-page","status-publish","hentry"],"acf":[],"yoast_head":"<!-- This site is optimized with the Yoast SEO plugin v27.2 - https:\/\/yoast.com\/product\/yoast-seo-wordpress\/ -->\n<title>Recruitment Agency Solutions | Bullhorn FR<\/title>\n<meta name=\"description\" content=\"Logiciels pour les bureaux et les agences de placement. Prenez de meilleures d\u00e9cisions, augmentez la productivit\u00e9 des ventes et du recrutement et g\u00e9rez ...\" \/>\n<meta name=\"robots\" content=\"index, follow, max-snippet:-1, max-image-preview:large, max-video-preview:-1\" \/>\n<link rel=\"canonical\" href=\"https:\/\/www.bullhorn.com\/fr\/logiciel-pour-les-cabinets-de-recrutement-et-les-agences-de-placement\/\" \/>\n<meta property=\"og:locale\" content=\"en_US\" \/>\n<meta property=\"og:type\" content=\"article\" \/>\n<meta property=\"og:title\" content=\"Recruitment Agency Solutions | Bullhorn FR\" \/>\n<meta property=\"og:description\" content=\"Logiciels pour les bureaux et les agences de placement. Prenez de meilleures d\u00e9cisions, augmentez la productivit\u00e9 des ventes et du recrutement et g\u00e9rez ...\" \/>\n<meta property=\"og:url\" content=\"https:\/\/www.bullhorn.com\/fr\/logiciel-pour-les-cabinets-de-recrutement-et-les-agences-de-placement\/\" \/>\n<meta property=\"og:site_name\" content=\"Bullhorn FR\" \/>\n<meta property=\"article:publisher\" content=\"https:\/\/www.facebook.com\/Bullhorn\/\" \/>\n<meta property=\"article:modified_time\" content=\"2019-07-26T16:48:37+00:00\" \/>\n<meta property=\"og:image\" content=\"https:\/\/www.bullhorn.com\/eu\/wp-content\/uploads\/sites\/13\/2017\/11\/MAN_BE_Logo_SS_HOR_MC_RGB.png\" \/>\n<meta name=\"twitter:card\" content=\"summary_large_image\" \/>\n<meta name=\"twitter:site\" content=\"@Bullhorn\" \/>\n<meta name=\"twitter:label1\" content=\"Est. reading time\" \/>\n\t<meta name=\"twitter:data1\" content=\"2 minutes\" \/>\n<script type=\"application\/ld+json\" class=\"yoast-schema-graph\">{\"@context\":\"https:\/\/schema.org\",\"@graph\":[{\"@type\":\"WebPage\",\"@id\":\"https:\/\/www.bullhorn.com\/fr\/logiciel-pour-les-cabinets-de-recrutement-et-les-agences-de-placement\/\",\"url\":\"https:\/\/www.bullhorn.com\/fr\/logiciel-pour-les-cabinets-de-recrutement-et-les-agences-de-placement\/\",\"name\":\"Recruitment Agency Solutions | Bullhorn FR\",\"isPartOf\":{\"@id\":\"https:\/\/www.bullhorn.com\/fr\/#website\"},\"primaryImageOfPage\":{\"@id\":\"https:\/\/www.bullhorn.com\/fr\/logiciel-pour-les-cabinets-de-recrutement-et-les-agences-de-placement\/#primaryimage\"},\"image\":{\"@id\":\"https:\/\/www.bullhorn.com\/fr\/logiciel-pour-les-cabinets-de-recrutement-et-les-agences-de-placement\/#primaryimage\"},\"thumbnailUrl\":\"https:\/\/www.bullhorn.com\/eu\/wp-content\/uploads\/sites\/13\/2017\/11\/MAN_BE_Logo_SS_HOR_MC_RGB.png\",\"datePublished\":\"2017-11-21T16:49:02+00:00\",\"dateModified\":\"2019-07-26T16:48:37+00:00\",\"description\":\"Logiciels pour les bureaux et les agences de placement. Prenez de meilleures d\u00e9cisions, augmentez la productivit\u00e9 des ventes et du recrutement et g\u00e9rez ...\",\"breadcrumb\":{\"@id\":\"https:\/\/www.bullhorn.com\/fr\/logiciel-pour-les-cabinets-de-recrutement-et-les-agences-de-placement\/#breadcrumb\"},\"inLanguage\":\"en-US\",\"potentialAction\":[{\"@type\":\"ReadAction\",\"target\":[\"https:\/\/www.bullhorn.com\/fr\/logiciel-pour-les-cabinets-de-recrutement-et-les-agences-de-placement\/\"]}]},{\"@type\":\"ImageObject\",\"inLanguage\":\"en-US\",\"@id\":\"https:\/\/www.bullhorn.com\/fr\/logiciel-pour-les-cabinets-de-recrutement-et-les-agences-de-placement\/#primaryimage\",\"url\":\"https:\/\/www.bullhorn.com\/eu\/wp-content\/uploads\/sites\/13\/2017\/11\/MAN_BE_Logo_SS_HOR_MC_RGB.png\",\"contentUrl\":\"https:\/\/www.bullhorn.com\/eu\/wp-content\/uploads\/sites\/13\/2017\/11\/MAN_BE_Logo_SS_HOR_MC_RGB.png\"},{\"@type\":\"BreadcrumbList\",\"@id\":\"https:\/\/www.bullhorn.com\/fr\/logiciel-pour-les-cabinets-de-recrutement-et-les-agences-de-placement\/#breadcrumb\",\"itemListElement\":[{\"@type\":\"ListItem\",\"position\":1,\"name\":\"Home\",\"item\":\"https:\/\/www.bullhorn.com\/fr\/\"},{\"@type\":\"ListItem\",\"position\":2,\"name\":\"Le logiciel pour les cabinets de recrutement et les agences de placement\"}]},{\"@type\":\"WebSite\",\"@id\":\"https:\/\/www.bullhorn.com\/fr\/#website\",\"url\":\"https:\/\/www.bullhorn.com\/fr\/\",\"name\":\"Bullhorn FR\",\"description\":\"\",\"publisher\":{\"@id\":\"https:\/\/www.bullhorn.com\/fr\/#organization\"},\"potentialAction\":[{\"@type\":\"SearchAction\",\"target\":{\"@type\":\"EntryPoint\",\"urlTemplate\":\"https:\/\/www.bullhorn.com\/fr\/?s={search_term_string}\"},\"query-input\":{\"@type\":\"PropertyValueSpecification\",\"valueRequired\":true,\"valueName\":\"search_term_string\"}}],\"inLanguage\":\"en-US\"},{\"@type\":\"Organization\",\"@id\":\"https:\/\/www.bullhorn.com\/fr\/#organization\",\"name\":\"Bullhorn\",\"url\":\"https:\/\/www.bullhorn.com\/fr\/\",\"logo\":{\"@type\":\"ImageObject\",\"inLanguage\":\"en-US\",\"@id\":\"https:\/\/www.bullhorn.com\/fr\/#\/schema\/logo\/image\/\",\"url\":\"https:\/\/www.bullhorn.com\/fr\/wp-content\/uploads\/sites\/14\/2021\/09\/og-img.png\",\"contentUrl\":\"https:\/\/www.bullhorn.com\/fr\/wp-content\/uploads\/sites\/14\/2021\/09\/og-img.png\",\"width\":1200,\"height\":628,\"caption\":\"Bullhorn\"},\"image\":{\"@id\":\"https:\/\/www.bullhorn.com\/fr\/#\/schema\/logo\/image\/\"},\"sameAs\":[\"https:\/\/www.facebook.com\/Bullhorn\/\",\"https:\/\/x.com\/Bullhorn\",\"https:\/\/www.instagram.com\/lifeatbullhorn\/?hl=fr\",\"https:\/\/www.linkedin.com\/company\/bullhorn\",\"https:\/\/www.youtube.com\/channel\/UC-Rgm5YxtoxsvlCHy6KW3Ug\",\"https:\/\/en.wikipedia.org\/wiki\/Bullhorn,_Inc.\"]}]}<\/script>\n<!-- \/ Yoast SEO plugin. -->","yoast_head_json":{"title":"Recruitment Agency Solutions | Bullhorn FR","description":"Logiciels pour les bureaux et les agences de placement. Prenez de meilleures d\u00e9cisions, augmentez la productivit\u00e9 des ventes et du recrutement et g\u00e9rez ...","robots":{"index":"index","follow":"follow","max-snippet":"max-snippet:-1","max-image-preview":"max-image-preview:large","max-video-preview":"max-video-preview:-1"},"canonical":"https:\/\/www.bullhorn.com\/fr\/logiciel-pour-les-cabinets-de-recrutement-et-les-agences-de-placement\/","og_locale":"en_US","og_type":"article","og_title":"Recruitment Agency Solutions | Bullhorn FR","og_description":"Logiciels pour les bureaux et les agences de placement. Prenez de meilleures d\u00e9cisions, augmentez la productivit\u00e9 des ventes et du recrutement et g\u00e9rez ...","og_url":"https:\/\/www.bullhorn.com\/fr\/logiciel-pour-les-cabinets-de-recrutement-et-les-agences-de-placement\/","og_site_name":"Bullhorn FR","article_publisher":"https:\/\/www.facebook.com\/Bullhorn\/","article_modified_time":"2019-07-26T16:48:37+00:00","og_image":[{"url":"https:\/\/www.bullhorn.com\/eu\/wp-content\/uploads\/sites\/13\/2017\/11\/MAN_BE_Logo_SS_HOR_MC_RGB.png","type":"","width":"","height":""}],"twitter_card":"summary_large_image","twitter_site":"@Bullhorn","twitter_misc":{"Est. reading time":"2 minutes"},"schema":{"@context":"https:\/\/schema.org","@graph":[{"@type":"WebPage","@id":"https:\/\/www.bullhorn.com\/fr\/logiciel-pour-les-cabinets-de-recrutement-et-les-agences-de-placement\/","url":"https:\/\/www.bullhorn.com\/fr\/logiciel-pour-les-cabinets-de-recrutement-et-les-agences-de-placement\/","name":"Recruitment Agency Solutions | Bullhorn FR","isPartOf":{"@id":"https:\/\/www.bullhorn.com\/fr\/#website"},"primaryImageOfPage":{"@id":"https:\/\/www.bullhorn.com\/fr\/logiciel-pour-les-cabinets-de-recrutement-et-les-agences-de-placement\/#primaryimage"},"image":{"@id":"https:\/\/www.bullhorn.com\/fr\/logiciel-pour-les-cabinets-de-recrutement-et-les-agences-de-placement\/#primaryimage"},"thumbnailUrl":"https:\/\/www.bullhorn.com\/eu\/wp-content\/uploads\/sites\/13\/2017\/11\/MAN_BE_Logo_SS_HOR_MC_RGB.png","datePublished":"2017-11-21T16:49:02+00:00","dateModified":"2019-07-26T16:48:37+00:00","description":"Logiciels pour les bureaux et les agences de placement. Prenez de meilleures d\u00e9cisions, augmentez la productivit\u00e9 des ventes et du recrutement et g\u00e9rez ...","breadcrumb":{"@id":"https:\/\/www.bullhorn.com\/fr\/logiciel-pour-les-cabinets-de-recrutement-et-les-agences-de-placement\/#breadcrumb"},"inLanguage":"en-US","potentialAction":[{"@type":"ReadAction","target":["https:\/\/www.bullhorn.com\/fr\/logiciel-pour-les-cabinets-de-recrutement-et-les-agences-de-placement\/"]}]},{"@type":"ImageObject","inLanguage":"en-US","@id":"https:\/\/www.bullhorn.com\/fr\/logiciel-pour-les-cabinets-de-recrutement-et-les-agences-de-placement\/#primaryimage","url":"https:\/\/www.bullhorn.com\/eu\/wp-content\/uploads\/sites\/13\/2017\/11\/MAN_BE_Logo_SS_HOR_MC_RGB.png","contentUrl":"https:\/\/www.bullhorn.com\/eu\/wp-content\/uploads\/sites\/13\/2017\/11\/MAN_BE_Logo_SS_HOR_MC_RGB.png"},{"@type":"BreadcrumbList","@id":"https:\/\/www.bullhorn.com\/fr\/logiciel-pour-les-cabinets-de-recrutement-et-les-agences-de-placement\/#breadcrumb","itemListElement":[{"@type":"ListItem","position":1,"name":"Home","item":"https:\/\/www.bullhorn.com\/fr\/"},{"@type":"ListItem","position":2,"name":"Le logiciel pour les cabinets de recrutement et les agences de placement"}]},{"@type":"WebSite","@id":"https:\/\/www.bullhorn.com\/fr\/#website","url":"https:\/\/www.bullhorn.com\/fr\/","name":"Bullhorn FR","description":"","publisher":{"@id":"https:\/\/www.bullhorn.com\/fr\/#organization"},"potentialAction":[{"@type":"SearchAction","target":{"@type":"EntryPoint","urlTemplate":"https:\/\/www.bullhorn.com\/fr\/?s={search_term_string}"},"query-input":{"@type":"PropertyValueSpecification","valueRequired":true,"valueName":"search_term_string"}}],"inLanguage":"en-US"},{"@type":"Organization","@id":"https:\/\/www.bullhorn.com\/fr\/#organization","name":"Bullhorn","url":"https:\/\/www.bullhorn.com\/fr\/","logo":{"@type":"ImageObject","inLanguage":"en-US","@id":"https:\/\/www.bullhorn.com\/fr\/#\/schema\/logo\/image\/","url":"https:\/\/www.bullhorn.com\/fr\/wp-content\/uploads\/sites\/14\/2021\/09\/og-img.png","contentUrl":"https:\/\/www.bullhorn.com\/fr\/wp-content\/uploads\/sites\/14\/2021\/09\/og-img.png","width":1200,"height":628,"caption":"Bullhorn"},"image":{"@id":"https:\/\/www.bullhorn.com\/fr\/#\/schema\/logo\/image\/"},"sameAs":["https:\/\/www.facebook.com\/Bullhorn\/","https:\/\/x.com\/Bullhorn","https:\/\/www.instagram.com\/lifeatbullhorn\/?hl=fr","https:\/\/www.linkedin.com\/company\/bullhorn","https:\/\/www.youtube.com\/channel\/UC-Rgm5YxtoxsvlCHy6KW3Ug","https:\/\/en.wikipedia.org\/wiki\/Bullhorn,_Inc."]}]}},"grav_blocks":null,"_links":{"self":[{"href":"https:\/\/www.bullhorn.com\/fr\/wp-json\/wp\/v2\/pages\/499","targetHints":{"allow":["GET"]}}],"collection":[{"href":"https:\/\/www.bullhorn.com\/fr\/wp-json\/wp\/v2\/pages"}],"about":[{"href":"https:\/\/www.bullhorn.com\/fr\/wp-json\/wp\/v2\/types\/page"}],"author":[{"embeddable":true,"href":"https:\/\/www.bullhorn.com\/fr\/wp-json\/wp\/v2\/users\/137"}],"replies":[{"embeddable":true,"href":"https:\/\/www.bullhorn.com\/fr\/wp-json\/wp\/v2\/comments?post=499"}],"version-history":[{"count":0,"href":"https:\/\/www.bullhorn.com\/fr\/wp-json\/wp\/v2\/pages\/499\/revisions"}],"wp:attachment":[{"href":"https:\/\/www.bullhorn.com\/fr\/wp-json\/wp\/v2\/media?parent=499"}],"curies":[{"name":"wp","href":"https:\/\/api.w.org\/{rel}","templated":true}]}}