{"id":503,"date":"2017-11-21T16:49:06","date_gmt":"2017-11-21T16:49:06","guid":{"rendered":"https:\/\/www.bullhorn.com\/fr\/?page_id=503"},"modified":"2021-09-14T19:12:34","modified_gmt":"2021-09-14T19:12:34","slug":"demo","status":"publish","type":"page","link":"https:\/\/www.bullhorn.com\/fr\/demo\/","title":{"rendered":"Demo"},"content":{"rendered":"<h1>Planification de D\u00e9mo<\/h1>\n\n<img loading=\"lazy\" decoding=\"async\" src=\"https:\/\/www.bullhorn.com\/eu\/wp-content\/uploads\/sites\/13\/2017\/11\/MAN_BE_Logo_SS_HOR_MC_RGB.png\" alt=\"\" width=\"1169\" height=\"222\" \/>\n<img decoding=\"async\" src=\"https:\/\/upload.wikimedia.org\/wikipedia\/commons\/thumb\/1\/10\/Randstad_Logo.svg\/2000px-Randstad_Logo.svg.png\" \/>\n<img loading=\"lazy\" decoding=\"async\" src=\"https:\/\/www.bullhorn.com\/fr\/wp-content\/uploads\/sites\/14\/2017\/11\/Heinz-300x123.png\" alt=\"\" width=\"110\" height=\"45\" \/>\n<img loading=\"lazy\" decoding=\"async\" src=\"https:\/\/www.bullhorn.com\/fr\/wp-content\/uploads\/sites\/14\/2017\/11\/KPMG.png\" alt=\"\" width=\"110\" height=\"43\" \/>\n<img loading=\"lazy\" decoding=\"async\" src=\"https:\/\/www.bullhorn.com\/fr\/wp-content\/uploads\/sites\/14\/2017\/11\/Dura-Vermeer.png\" alt=\"\" width=\"452\" height=\"81\" \/>\n<h2 style=\"text-align: center;\">La solution de confiance pour les agences et les organisations en t\u00eate du recrutement en Europe<\/h2>\n<ul>\n<li style=\"font-weight: 400;\">Leader du march\u00e9 en Europe <\/li>\n<li style=\"font-weight: 400;\">Concentr\u00e9 sur l&#8217;industrie du recrutement depuis 1999<\/li>\n<li style=\"font-weight: 400;\">Syst\u00e8me de rep\u00e9rage de candidats et gestion de la relation client de renomm\u00e9e mondiale <\/li>\n<\/ul>\n<ul>\n<li style=\"font-weight: 400;\">Plus de 11.000 clients partout dans le monde <\/li>\n<li style=\"font-weight: 400;\">60% d&#8217;augmentation du taux de remplissage<\/li>\n<li style=\"font-weight: 400;\">Laur\u00e9at du Recruitment Tech Award <\/li>\n<\/ul>\n","protected":false},"excerpt":{"rendered":"<p>Planification de D\u00e9mo La solution de confiance pour les agences et les organisations en t\u00eate du recrutement en Europe Leader du march\u00e9 en Europe Concentr\u00e9 sur l&#8217;industrie du recrutement depuis 1999 Syst\u00e8me de rep\u00e9rage de candidats et gestion de la relation client de renomm\u00e9e mondiale Plus de 11.000 clients partout dans le monde 60% d&#8217;augmentation [&hellip;]<\/p>\n","protected":false},"author":137,"featured_media":0,"parent":0,"menu_order":0,"comment_status":"closed","ping_status":"closed","template":"","meta":{"_acf_changed":false,"om_disable_all_campaigns":false},"class_list":["post-503","page","type-page","status-publish","hentry"],"acf":[],"yoast_head":"<!-- This site is optimized with the Yoast SEO plugin v27.2 - https:\/\/yoast.com\/product\/yoast-seo-wordpress\/ -->\n<title>Demander une d\u00e9mo | Bullhorn FR<\/title>\n<meta name=\"robots\" content=\"index, follow, max-snippet:-1, max-image-preview:large, max-video-preview:-1\" \/>\n<link rel=\"canonical\" href=\"https:\/\/www.bullhorn.com\/fr\/demo\/\" \/>\n<meta property=\"og:locale\" content=\"en_US\" \/>\n<meta property=\"og:type\" content=\"article\" \/>\n<meta property=\"og:title\" content=\"Demander une d\u00e9mo | Bullhorn FR\" \/>\n<meta property=\"og:description\" content=\"Planification de D\u00e9mo La solution de confiance pour les agences et les organisations en t\u00eate du recrutement en Europe Leader du march\u00e9 en Europe Concentr\u00e9 sur l&#8217;industrie du recrutement depuis 1999 Syst\u00e8me de rep\u00e9rage de candidats et gestion de la relation client de renomm\u00e9e mondiale Plus de 11.000 clients partout dans le monde 60% d&#8217;augmentation [&hellip;]\" \/>\n<meta property=\"og:url\" content=\"https:\/\/www.bullhorn.com\/fr\/demo\/\" \/>\n<meta property=\"og:site_name\" content=\"Bullhorn FR\" \/>\n<meta property=\"article:publisher\" content=\"https:\/\/www.facebook.com\/Bullhorn\/\" \/>\n<meta property=\"article:modified_time\" content=\"2021-09-14T19:12:34+00:00\" \/>\n<meta property=\"og:image\" content=\"https:\/\/www.bullhorn.com\/eu\/wp-content\/uploads\/sites\/13\/2017\/11\/MAN_BE_Logo_SS_HOR_MC_RGB.png\" \/>\n<meta name=\"twitter:card\" content=\"summary_large_image\" \/>\n<meta name=\"twitter:site\" content=\"@Bullhorn\" \/>\n<script type=\"application\/ld+json\" class=\"yoast-schema-graph\">{\"@context\":\"https:\/\/schema.org\",\"@graph\":[{\"@type\":\"WebPage\",\"@id\":\"https:\/\/www.bullhorn.com\/fr\/demo\/\",\"url\":\"https:\/\/www.bullhorn.com\/fr\/demo\/\",\"name\":\"Demander une d\u00e9mo | Bullhorn FR\",\"isPartOf\":{\"@id\":\"https:\/\/www.bullhorn.com\/fr\/#website\"},\"primaryImageOfPage\":{\"@id\":\"https:\/\/www.bullhorn.com\/fr\/demo\/#primaryimage\"},\"image\":{\"@id\":\"https:\/\/www.bullhorn.com\/fr\/demo\/#primaryimage\"},\"thumbnailUrl\":\"https:\/\/www.bullhorn.com\/eu\/wp-content\/uploads\/sites\/13\/2017\/11\/MAN_BE_Logo_SS_HOR_MC_RGB.png\",\"datePublished\":\"2017-11-21T16:49:06+00:00\",\"dateModified\":\"2021-09-14T19:12:34+00:00\",\"breadcrumb\":{\"@id\":\"https:\/\/www.bullhorn.com\/fr\/demo\/#breadcrumb\"},\"inLanguage\":\"en-US\",\"potentialAction\":[{\"@type\":\"ReadAction\",\"target\":[\"https:\/\/www.bullhorn.com\/fr\/demo\/\"]}]},{\"@type\":\"ImageObject\",\"inLanguage\":\"en-US\",\"@id\":\"https:\/\/www.bullhorn.com\/fr\/demo\/#primaryimage\",\"url\":\"https:\/\/www.bullhorn.com\/eu\/wp-content\/uploads\/sites\/13\/2017\/11\/MAN_BE_Logo_SS_HOR_MC_RGB.png\",\"contentUrl\":\"https:\/\/www.bullhorn.com\/eu\/wp-content\/uploads\/sites\/13\/2017\/11\/MAN_BE_Logo_SS_HOR_MC_RGB.png\"},{\"@type\":\"BreadcrumbList\",\"@id\":\"https:\/\/www.bullhorn.com\/fr\/demo\/#breadcrumb\",\"itemListElement\":[{\"@type\":\"ListItem\",\"position\":1,\"name\":\"Home\",\"item\":\"https:\/\/www.bullhorn.com\/fr\/\"},{\"@type\":\"ListItem\",\"position\":2,\"name\":\"Demo\"}]},{\"@type\":\"WebSite\",\"@id\":\"https:\/\/www.bullhorn.com\/fr\/#website\",\"url\":\"https:\/\/www.bullhorn.com\/fr\/\",\"name\":\"Bullhorn FR\",\"description\":\"\",\"publisher\":{\"@id\":\"https:\/\/www.bullhorn.com\/fr\/#organization\"},\"potentialAction\":[{\"@type\":\"SearchAction\",\"target\":{\"@type\":\"EntryPoint\",\"urlTemplate\":\"https:\/\/www.bullhorn.com\/fr\/?s={search_term_string}\"},\"query-input\":{\"@type\":\"PropertyValueSpecification\",\"valueRequired\":true,\"valueName\":\"search_term_string\"}}],\"inLanguage\":\"en-US\"},{\"@type\":\"Organization\",\"@id\":\"https:\/\/www.bullhorn.com\/fr\/#organization\",\"name\":\"Bullhorn\",\"url\":\"https:\/\/www.bullhorn.com\/fr\/\",\"logo\":{\"@type\":\"ImageObject\",\"inLanguage\":\"en-US\",\"@id\":\"https:\/\/www.bullhorn.com\/fr\/#\/schema\/logo\/image\/\",\"url\":\"https:\/\/www.bullhorn.com\/fr\/wp-content\/uploads\/sites\/14\/2021\/09\/og-img.png\",\"contentUrl\":\"https:\/\/www.bullhorn.com\/fr\/wp-content\/uploads\/sites\/14\/2021\/09\/og-img.png\",\"width\":1200,\"height\":628,\"caption\":\"Bullhorn\"},\"image\":{\"@id\":\"https:\/\/www.bullhorn.com\/fr\/#\/schema\/logo\/image\/\"},\"sameAs\":[\"https:\/\/www.facebook.com\/Bullhorn\/\",\"https:\/\/x.com\/Bullhorn\",\"https:\/\/www.instagram.com\/lifeatbullhorn\/?hl=fr\",\"https:\/\/www.linkedin.com\/company\/bullhorn\",\"https:\/\/www.youtube.com\/channel\/UC-Rgm5YxtoxsvlCHy6KW3Ug\",\"https:\/\/en.wikipedia.org\/wiki\/Bullhorn,_Inc.\"]}]}<\/script>\n<!-- \/ Yoast SEO plugin. -->","yoast_head_json":{"title":"Demander une d\u00e9mo | Bullhorn FR","robots":{"index":"index","follow":"follow","max-snippet":"max-snippet:-1","max-image-preview":"max-image-preview:large","max-video-preview":"max-video-preview:-1"},"canonical":"https:\/\/www.bullhorn.com\/fr\/demo\/","og_locale":"en_US","og_type":"article","og_title":"Demander une d\u00e9mo | Bullhorn FR","og_description":"Planification de D\u00e9mo La solution de confiance pour les agences et les organisations en t\u00eate du recrutement en Europe Leader du march\u00e9 en Europe Concentr\u00e9 sur l&#8217;industrie du recrutement depuis 1999 Syst\u00e8me de rep\u00e9rage de candidats et gestion de la relation client de renomm\u00e9e mondiale Plus de 11.000 clients partout dans le monde 60% d&#8217;augmentation [&hellip;]","og_url":"https:\/\/www.bullhorn.com\/fr\/demo\/","og_site_name":"Bullhorn FR","article_publisher":"https:\/\/www.facebook.com\/Bullhorn\/","article_modified_time":"2021-09-14T19:12:34+00:00","og_image":[{"url":"https:\/\/www.bullhorn.com\/eu\/wp-content\/uploads\/sites\/13\/2017\/11\/MAN_BE_Logo_SS_HOR_MC_RGB.png","type":"","width":"","height":""}],"twitter_card":"summary_large_image","twitter_site":"@Bullhorn","schema":{"@context":"https:\/\/schema.org","@graph":[{"@type":"WebPage","@id":"https:\/\/www.bullhorn.com\/fr\/demo\/","url":"https:\/\/www.bullhorn.com\/fr\/demo\/","name":"Demander une d\u00e9mo | Bullhorn FR","isPartOf":{"@id":"https:\/\/www.bullhorn.com\/fr\/#website"},"primaryImageOfPage":{"@id":"https:\/\/www.bullhorn.com\/fr\/demo\/#primaryimage"},"image":{"@id":"https:\/\/www.bullhorn.com\/fr\/demo\/#primaryimage"},"thumbnailUrl":"https:\/\/www.bullhorn.com\/eu\/wp-content\/uploads\/sites\/13\/2017\/11\/MAN_BE_Logo_SS_HOR_MC_RGB.png","datePublished":"2017-11-21T16:49:06+00:00","dateModified":"2021-09-14T19:12:34+00:00","breadcrumb":{"@id":"https:\/\/www.bullhorn.com\/fr\/demo\/#breadcrumb"},"inLanguage":"en-US","potentialAction":[{"@type":"ReadAction","target":["https:\/\/www.bullhorn.com\/fr\/demo\/"]}]},{"@type":"ImageObject","inLanguage":"en-US","@id":"https:\/\/www.bullhorn.com\/fr\/demo\/#primaryimage","url":"https:\/\/www.bullhorn.com\/eu\/wp-content\/uploads\/sites\/13\/2017\/11\/MAN_BE_Logo_SS_HOR_MC_RGB.png","contentUrl":"https:\/\/www.bullhorn.com\/eu\/wp-content\/uploads\/sites\/13\/2017\/11\/MAN_BE_Logo_SS_HOR_MC_RGB.png"},{"@type":"BreadcrumbList","@id":"https:\/\/www.bullhorn.com\/fr\/demo\/#breadcrumb","itemListElement":[{"@type":"ListItem","position":1,"name":"Home","item":"https:\/\/www.bullhorn.com\/fr\/"},{"@type":"ListItem","position":2,"name":"Demo"}]},{"@type":"WebSite","@id":"https:\/\/www.bullhorn.com\/fr\/#website","url":"https:\/\/www.bullhorn.com\/fr\/","name":"Bullhorn FR","description":"","publisher":{"@id":"https:\/\/www.bullhorn.com\/fr\/#organization"},"potentialAction":[{"@type":"SearchAction","target":{"@type":"EntryPoint","urlTemplate":"https:\/\/www.bullhorn.com\/fr\/?s={search_term_string}"},"query-input":{"@type":"PropertyValueSpecification","valueRequired":true,"valueName":"search_term_string"}}],"inLanguage":"en-US"},{"@type":"Organization","@id":"https:\/\/www.bullhorn.com\/fr\/#organization","name":"Bullhorn","url":"https:\/\/www.bullhorn.com\/fr\/","logo":{"@type":"ImageObject","inLanguage":"en-US","@id":"https:\/\/www.bullhorn.com\/fr\/#\/schema\/logo\/image\/","url":"https:\/\/www.bullhorn.com\/fr\/wp-content\/uploads\/sites\/14\/2021\/09\/og-img.png","contentUrl":"https:\/\/www.bullhorn.com\/fr\/wp-content\/uploads\/sites\/14\/2021\/09\/og-img.png","width":1200,"height":628,"caption":"Bullhorn"},"image":{"@id":"https:\/\/www.bullhorn.com\/fr\/#\/schema\/logo\/image\/"},"sameAs":["https:\/\/www.facebook.com\/Bullhorn\/","https:\/\/x.com\/Bullhorn","https:\/\/www.instagram.com\/lifeatbullhorn\/?hl=fr","https:\/\/www.linkedin.com\/company\/bullhorn","https:\/\/www.youtube.com\/channel\/UC-Rgm5YxtoxsvlCHy6KW3Ug","https:\/\/en.wikipedia.org\/wiki\/Bullhorn,_Inc."]}]}},"grav_blocks":false,"_links":{"self":[{"href":"https:\/\/www.bullhorn.com\/fr\/wp-json\/wp\/v2\/pages\/503","targetHints":{"allow":["GET"]}}],"collection":[{"href":"https:\/\/www.bullhorn.com\/fr\/wp-json\/wp\/v2\/pages"}],"about":[{"href":"https:\/\/www.bullhorn.com\/fr\/wp-json\/wp\/v2\/types\/page"}],"author":[{"embeddable":true,"href":"https:\/\/www.bullhorn.com\/fr\/wp-json\/wp\/v2\/users\/137"}],"replies":[{"embeddable":true,"href":"https:\/\/www.bullhorn.com\/fr\/wp-json\/wp\/v2\/comments?post=503"}],"version-history":[{"count":2,"href":"https:\/\/www.bullhorn.com\/fr\/wp-json\/wp\/v2\/pages\/503\/revisions"}],"predecessor-version":[{"id":1559,"href":"https:\/\/www.bullhorn.com\/fr\/wp-json\/wp\/v2\/pages\/503\/revisions\/1559"}],"wp:attachment":[{"href":"https:\/\/www.bullhorn.com\/fr\/wp-json\/wp\/v2\/media?parent=503"}],"curies":[{"name":"wp","href":"https:\/\/api.w.org\/{rel}","templated":true}]}}