{"id":708,"date":"2018-04-11T07:15:22","date_gmt":"2018-04-11T07:15:22","guid":{"rendered":"https:\/\/www.bullhorn.com\/fr\/?page_id=708"},"modified":"2021-04-09T16:21:54","modified_gmt":"2021-04-09T16:21:54","slug":"clients","status":"publish","type":"page","link":"https:\/\/www.bullhorn.com\/fr\/clients\/","title":{"rendered":"Clients"},"content":{"rendered":"\r\n\r\n\t<h2><strong>Nos clients<\/strong><\/h2>\r\n<h3>D\u00e9couvrez les t\u00e9moignages de nos clients quelque soit la taille de l&#8217;entreprise, localisation g\u00e9ographique et secteur d&#8217;activit\u00e9.<\/h3>\r\n<p>&nbsp;<\/p>\r\n\t<p>Au cours de ces derni\u00e8res 20 ann\u00e9es, les solutions Bullhorn pour le recrutement ont aid\u00e9 nos clients \u00e0 faire partie des agences les plus rentables et efficaces dans leurs industries respective. Actuellement, Bullhorn aide plus de 10,000 clients dans plus de 150 pays. R\u00e9f\u00e9rez-vous ci-dessous pour avoir un aper\u00e7u des entreprises qui utilisent les solutions de Bullhorn pour garantir leur r\u00e9ussite.<\/p>\r\n\t\r\n\t\t\t\t<img loading=\"lazy\" decoding=\"async\" src=\"https:\/\/www.bullhorn.com\/fr\/wp-content\/uploads\/sites\/14\/2021\/04\/cooptalis-300x52.png\" alt=\"cooptalis\" itemprop=\"image\" height=\"52\" width=\"300\" title=\"cooptalis\" onerror=\"this.style.display='none'\"  \/>\r\n\t<p>&nbsp;<\/p>\r\n<p><a href=\"https:\/\/www.bullhorn.com\/fr\/case_study\/cooptalis\/\"><strong>Cooptalis<\/strong><\/a> est un op\u00e9rateur de mobilit\u00e9 internationale qui accompagne les candidats et les entreprises dans leurs projets de mobilit\u00e9 professionnelle internationale depuis 2012. Cooptalis propose une offre unique et compl\u00e8te \u00e0 destination des entreprises et les talents qui ont un projet de mobilit\u00e9 \u00e0 l&#8217;international : Le recrutement, l&#8217;immigration, et la relocation.<\/p>\r\n<hr \/>\r\n\r\n<p>&#8211; Nadia Hammouche, Cooptalis<\/p>\r\n\t<a href=\"https:\/\/www.bullhorn.com\/fr\/case_study\/cooptalis\/\" class=\"btn btn-blue btn-md\">En savoir plus<\/a>\r\n\r\n","protected":false},"excerpt":{"rendered":"","protected":false},"author":186,"featured_media":0,"parent":0,"menu_order":0,"comment_status":"closed","ping_status":"closed","template":"page-templates\/page-customers.php","meta":{"_acf_changed":false,"om_disable_all_campaigns":false},"class_list":["post-708","page","type-page","status-publish","hentry"],"acf":[],"yoast_head":"<!-- This site is optimized with the Yoast SEO plugin v27.2 - https:\/\/yoast.com\/product\/yoast-seo-wordpress\/ -->\n<title>Clients de Bullhorn &amp; Connexys logiciels de recrutement | Bullhorn FR<\/title>\n<meta name=\"description\" content=\"D\u00e9couvrez les clients de r\u00e9f\u00e9rences de Bullhorn Connexys autour du Globe et apprenez \u00e0 travailler avec notre logiciel de recrutement!\" \/>\n<meta name=\"robots\" content=\"index, follow, max-snippet:-1, max-image-preview:large, max-video-preview:-1\" \/>\n<link rel=\"canonical\" href=\"https:\/\/www.bullhorn.com\/fr\/clients\/\" \/>\n<meta property=\"og:locale\" content=\"en_US\" \/>\n<meta property=\"og:type\" content=\"article\" \/>\n<meta property=\"og:title\" content=\"Clients de Bullhorn &amp; Connexys logiciels de recrutement | Bullhorn FR\" \/>\n<meta property=\"og:description\" content=\"D\u00e9couvrez les clients de r\u00e9f\u00e9rences de Bullhorn Connexys autour du Globe et apprenez \u00e0 travailler avec notre logiciel de recrutement!\" \/>\n<meta property=\"og:url\" content=\"https:\/\/www.bullhorn.com\/fr\/clients\/\" \/>\n<meta property=\"og:site_name\" content=\"Bullhorn FR\" \/>\n<meta property=\"article:publisher\" content=\"https:\/\/www.facebook.com\/Bullhorn\/\" \/>\n<meta property=\"article:modified_time\" content=\"2021-04-09T16:21:54+00:00\" \/>\n<meta property=\"og:image\" content=\"https:\/\/www.bullhorn.com\/fr\/wp-content\/uploads\/sites\/14\/2021\/04\/cooptalis-300x52.png\" \/>\n<meta name=\"twitter:card\" content=\"summary_large_image\" \/>\n<meta name=\"twitter:site\" content=\"@Bullhorn\" \/>\n<meta name=\"twitter:label1\" content=\"Est. reading time\" \/>\n\t<meta name=\"twitter:data1\" content=\"1 minute\" \/>\n<script type=\"application\/ld+json\" class=\"yoast-schema-graph\">{\"@context\":\"https:\/\/schema.org\",\"@graph\":[{\"@type\":\"WebPage\",\"@id\":\"https:\/\/www.bullhorn.com\/fr\/clients\/\",\"url\":\"https:\/\/www.bullhorn.com\/fr\/clients\/\",\"name\":\"Clients de Bullhorn & Connexys logiciels de recrutement | Bullhorn FR\",\"isPartOf\":{\"@id\":\"https:\/\/www.bullhorn.com\/fr\/#website\"},\"primaryImageOfPage\":{\"@id\":\"https:\/\/www.bullhorn.com\/fr\/clients\/#primaryimage\"},\"image\":{\"@id\":\"https:\/\/www.bullhorn.com\/fr\/clients\/#primaryimage\"},\"thumbnailUrl\":\"https:\/\/www.bullhorn.com\/fr\/wp-content\/uploads\/sites\/14\/2021\/04\/cooptalis-300x52.png\",\"datePublished\":\"2018-04-11T07:15:22+00:00\",\"dateModified\":\"2021-04-09T16:21:54+00:00\",\"description\":\"D\u00e9couvrez les clients de r\u00e9f\u00e9rences de Bullhorn Connexys autour du Globe et apprenez \u00e0 travailler avec notre logiciel de recrutement!\",\"breadcrumb\":{\"@id\":\"https:\/\/www.bullhorn.com\/fr\/clients\/#breadcrumb\"},\"inLanguage\":\"en-US\",\"potentialAction\":[{\"@type\":\"ReadAction\",\"target\":[\"https:\/\/www.bullhorn.com\/fr\/clients\/\"]}]},{\"@type\":\"ImageObject\",\"inLanguage\":\"en-US\",\"@id\":\"https:\/\/www.bullhorn.com\/fr\/clients\/#primaryimage\",\"url\":\"https:\/\/www.bullhorn.com\/fr\/wp-content\/uploads\/sites\/14\/2021\/04\/cooptalis.png\",\"contentUrl\":\"https:\/\/www.bullhorn.com\/fr\/wp-content\/uploads\/sites\/14\/2021\/04\/cooptalis.png\",\"width\":3257,\"height\":560},{\"@type\":\"BreadcrumbList\",\"@id\":\"https:\/\/www.bullhorn.com\/fr\/clients\/#breadcrumb\",\"itemListElement\":[{\"@type\":\"ListItem\",\"position\":1,\"name\":\"Home\",\"item\":\"https:\/\/www.bullhorn.com\/fr\/\"},{\"@type\":\"ListItem\",\"position\":2,\"name\":\"Clients\"}]},{\"@type\":\"WebSite\",\"@id\":\"https:\/\/www.bullhorn.com\/fr\/#website\",\"url\":\"https:\/\/www.bullhorn.com\/fr\/\",\"name\":\"Bullhorn FR\",\"description\":\"\",\"publisher\":{\"@id\":\"https:\/\/www.bullhorn.com\/fr\/#organization\"},\"potentialAction\":[{\"@type\":\"SearchAction\",\"target\":{\"@type\":\"EntryPoint\",\"urlTemplate\":\"https:\/\/www.bullhorn.com\/fr\/?s={search_term_string}\"},\"query-input\":{\"@type\":\"PropertyValueSpecification\",\"valueRequired\":true,\"valueName\":\"search_term_string\"}}],\"inLanguage\":\"en-US\"},{\"@type\":\"Organization\",\"@id\":\"https:\/\/www.bullhorn.com\/fr\/#organization\",\"name\":\"Bullhorn\",\"url\":\"https:\/\/www.bullhorn.com\/fr\/\",\"logo\":{\"@type\":\"ImageObject\",\"inLanguage\":\"en-US\",\"@id\":\"https:\/\/www.bullhorn.com\/fr\/#\/schema\/logo\/image\/\",\"url\":\"https:\/\/www.bullhorn.com\/fr\/wp-content\/uploads\/sites\/14\/2021\/09\/og-img.png\",\"contentUrl\":\"https:\/\/www.bullhorn.com\/fr\/wp-content\/uploads\/sites\/14\/2021\/09\/og-img.png\",\"width\":1200,\"height\":628,\"caption\":\"Bullhorn\"},\"image\":{\"@id\":\"https:\/\/www.bullhorn.com\/fr\/#\/schema\/logo\/image\/\"},\"sameAs\":[\"https:\/\/www.facebook.com\/Bullhorn\/\",\"https:\/\/x.com\/Bullhorn\",\"https:\/\/www.instagram.com\/lifeatbullhorn\/?hl=fr\",\"https:\/\/www.linkedin.com\/company\/bullhorn\",\"https:\/\/www.youtube.com\/channel\/UC-Rgm5YxtoxsvlCHy6KW3Ug\",\"https:\/\/en.wikipedia.org\/wiki\/Bullhorn,_Inc.\"]}]}<\/script>\n<!-- \/ Yoast SEO plugin. -->","yoast_head_json":{"title":"Clients de Bullhorn & Connexys logiciels de recrutement | Bullhorn FR","description":"D\u00e9couvrez les clients de r\u00e9f\u00e9rences de Bullhorn Connexys autour du Globe et apprenez \u00e0 travailler avec notre logiciel de recrutement!","robots":{"index":"index","follow":"follow","max-snippet":"max-snippet:-1","max-image-preview":"max-image-preview:large","max-video-preview":"max-video-preview:-1"},"canonical":"https:\/\/www.bullhorn.com\/fr\/clients\/","og_locale":"en_US","og_type":"article","og_title":"Clients de Bullhorn & Connexys logiciels de recrutement | Bullhorn FR","og_description":"D\u00e9couvrez les clients de r\u00e9f\u00e9rences de Bullhorn Connexys autour du Globe et apprenez \u00e0 travailler avec notre logiciel de recrutement!","og_url":"https:\/\/www.bullhorn.com\/fr\/clients\/","og_site_name":"Bullhorn FR","article_publisher":"https:\/\/www.facebook.com\/Bullhorn\/","article_modified_time":"2021-04-09T16:21:54+00:00","og_image":[{"url":"https:\/\/www.bullhorn.com\/fr\/wp-content\/uploads\/sites\/14\/2021\/04\/cooptalis-300x52.png","type":"","width":"","height":""}],"twitter_card":"summary_large_image","twitter_site":"@Bullhorn","twitter_misc":{"Est. reading time":"1 minute"},"schema":{"@context":"https:\/\/schema.org","@graph":[{"@type":"WebPage","@id":"https:\/\/www.bullhorn.com\/fr\/clients\/","url":"https:\/\/www.bullhorn.com\/fr\/clients\/","name":"Clients de Bullhorn & Connexys logiciels de recrutement | Bullhorn FR","isPartOf":{"@id":"https:\/\/www.bullhorn.com\/fr\/#website"},"primaryImageOfPage":{"@id":"https:\/\/www.bullhorn.com\/fr\/clients\/#primaryimage"},"image":{"@id":"https:\/\/www.bullhorn.com\/fr\/clients\/#primaryimage"},"thumbnailUrl":"https:\/\/www.bullhorn.com\/fr\/wp-content\/uploads\/sites\/14\/2021\/04\/cooptalis-300x52.png","datePublished":"2018-04-11T07:15:22+00:00","dateModified":"2021-04-09T16:21:54+00:00","description":"D\u00e9couvrez les clients de r\u00e9f\u00e9rences de Bullhorn Connexys autour du Globe et apprenez \u00e0 travailler avec notre logiciel de recrutement!","breadcrumb":{"@id":"https:\/\/www.bullhorn.com\/fr\/clients\/#breadcrumb"},"inLanguage":"en-US","potentialAction":[{"@type":"ReadAction","target":["https:\/\/www.bullhorn.com\/fr\/clients\/"]}]},{"@type":"ImageObject","inLanguage":"en-US","@id":"https:\/\/www.bullhorn.com\/fr\/clients\/#primaryimage","url":"https:\/\/www.bullhorn.com\/fr\/wp-content\/uploads\/sites\/14\/2021\/04\/cooptalis.png","contentUrl":"https:\/\/www.bullhorn.com\/fr\/wp-content\/uploads\/sites\/14\/2021\/04\/cooptalis.png","width":3257,"height":560},{"@type":"BreadcrumbList","@id":"https:\/\/www.bullhorn.com\/fr\/clients\/#breadcrumb","itemListElement":[{"@type":"ListItem","position":1,"name":"Home","item":"https:\/\/www.bullhorn.com\/fr\/"},{"@type":"ListItem","position":2,"name":"Clients"}]},{"@type":"WebSite","@id":"https:\/\/www.bullhorn.com\/fr\/#website","url":"https:\/\/www.bullhorn.com\/fr\/","name":"Bullhorn FR","description":"","publisher":{"@id":"https:\/\/www.bullhorn.com\/fr\/#organization"},"potentialAction":[{"@type":"SearchAction","target":{"@type":"EntryPoint","urlTemplate":"https:\/\/www.bullhorn.com\/fr\/?s={search_term_string}"},"query-input":{"@type":"PropertyValueSpecification","valueRequired":true,"valueName":"search_term_string"}}],"inLanguage":"en-US"},{"@type":"Organization","@id":"https:\/\/www.bullhorn.com\/fr\/#organization","name":"Bullhorn","url":"https:\/\/www.bullhorn.com\/fr\/","logo":{"@type":"ImageObject","inLanguage":"en-US","@id":"https:\/\/www.bullhorn.com\/fr\/#\/schema\/logo\/image\/","url":"https:\/\/www.bullhorn.com\/fr\/wp-content\/uploads\/sites\/14\/2021\/09\/og-img.png","contentUrl":"https:\/\/www.bullhorn.com\/fr\/wp-content\/uploads\/sites\/14\/2021\/09\/og-img.png","width":1200,"height":628,"caption":"Bullhorn"},"image":{"@id":"https:\/\/www.bullhorn.com\/fr\/#\/schema\/logo\/image\/"},"sameAs":["https:\/\/www.facebook.com\/Bullhorn\/","https:\/\/x.com\/Bullhorn","https:\/\/www.instagram.com\/lifeatbullhorn\/?hl=fr","https:\/\/www.linkedin.com\/company\/bullhorn","https:\/\/www.youtube.com\/channel\/UC-Rgm5YxtoxsvlCHy6KW3Ug","https:\/\/en.wikipedia.org\/wiki\/Bullhorn,_Inc."]}]}},"grav_blocks":null,"_links":{"self":[{"href":"https:\/\/www.bullhorn.com\/fr\/wp-json\/wp\/v2\/pages\/708","targetHints":{"allow":["GET"]}}],"collection":[{"href":"https:\/\/www.bullhorn.com\/fr\/wp-json\/wp\/v2\/pages"}],"about":[{"href":"https:\/\/www.bullhorn.com\/fr\/wp-json\/wp\/v2\/types\/page"}],"author":[{"embeddable":true,"href":"https:\/\/www.bullhorn.com\/fr\/wp-json\/wp\/v2\/users\/186"}],"replies":[{"embeddable":true,"href":"https:\/\/www.bullhorn.com\/fr\/wp-json\/wp\/v2\/comments?post=708"}],"version-history":[{"count":2,"href":"https:\/\/www.bullhorn.com\/fr\/wp-json\/wp\/v2\/pages\/708\/revisions"}],"predecessor-version":[{"id":1012,"href":"https:\/\/www.bullhorn.com\/fr\/wp-json\/wp\/v2\/pages\/708\/revisions\/1012"}],"wp:attachment":[{"href":"https:\/\/www.bullhorn.com\/fr\/wp-json\/wp\/v2\/media?parent=708"}],"curies":[{"name":"wp","href":"https:\/\/api.w.org\/{rel}","templated":true}]}}