{"id":713,"date":"2018-04-16T12:31:51","date_gmt":"2018-04-16T12:31:51","guid":{"rendered":"https:\/\/www.bullhorn.com\/fr\/?page_id=713"},"modified":"2019-06-17T12:37:56","modified_gmt":"2019-06-17T12:37:56","slug":"applicant-tracking-system","status":"publish","type":"page","link":"https:\/\/www.bullhorn.com\/fr\/applicant-tracking-system\/","title":{"rendered":"L&#8217;Applicant Tracking System de Bullhorn"},"content":{"rendered":"<h1>L&#8217;Applicant Tracking System et le CRM de Bullhorn<\/h1>\n<h2>Travailler plus vite et plus intelligement avec la plateforme de Bullhorn<\/h2>\n<p>&nbsp;<\/p>\n<a href=\"\/fr\/demo\/?LS=Website&LSD=Bullhorn_ATS_ProductPage_FR&LA=BH_ATS_ContactSales_FR&LAD=BH_ATS_ContactSales_FR\" class=\"btn btn-orange btn-md\">Planifiez une d\u00e9monstration<\/a>\n<h2 style=\"text-align: center;\">Sauvez du temps et am\u00e9liorez votre productivit\u00e9<\/h2>\n<h3 style=\"text-align: center;\">Profilez vos candidats, de la recherche jusqu&#8217;au placement sur un poste<\/h3>\n<p>&nbsp;<\/p>\n<img loading=\"lazy\" decoding=\"async\" src=\"https:\/\/www.bullhorn.com\/eu\/wp-content\/uploads\/sites\/13\/2017\/11\/view@2x-2.png\" alt=\"\" width=\"350\" height=\"187\" \/>\n<p>L\u2019Applicant Tracking System (ATS) de Bullhorn qui vient du model Logiciel en tant que Service [SaaS (Software-as-a-Service)] marche jusqu\u2019\u00e0 40% plus rapidement que d\u2019autres logiciels similaires. Ainsi, vous pouvez aider vos consultants en recrutement \u00e0 placer jusqu\u2019\u00e0 43% plus de candidats.<\/p>\n<p>&nbsp;<\/p>\n<a href=\"\/fr\/demo\/?LS=Website&LSD=Bullhorn_ATS_ProductPage_FR&LA=BH_ATS_ContactSales_FR&LAD=BH_ATS_ContactSales_FR\" class=\"btn btn-orange btn-md\">En savoir plus<\/a>\n<h2 style=\"text-align: center;\">Recrutement depuis un t\u00e9l\u00e9phone portable<\/h2>\n<h3 style=\"text-align: center;\">Rentrez en contact avec des candidats n&#8217;importe o\u00f9, n&#8217;importe quand<\/h3>\n<p>Vos interactions avec les candidats ne se font pas toutes au m\u00eame endroit, et vous ne devriez pas non plus \u00eatre confin\u00e9 \u00e0 travailler sur le m\u00eame emplacement chaque jour. <\/p>\n<p>Le logiciel de recrutement de Bullhorn depuis un t\u00e9l\u00e9phone portable vous permet de voir et d\u2019\u00e9diter les dossiers de vos candidats, de cr\u00e9er des notes, et d\u2019acc\u00e9der aux donn\u00e9es de placement n\u2019importe o\u00f9, n\u2019importe quand, lorsque vous avez besoin de conseils.<\/p>\n<p>Entrez vos donn\u00e9es dans votre Applicant Tracking System (ATS) imm\u00e9diatement apr\u00e8s avoir rencontr\u00e9 votre candidat afin qu\u2019aucun d\u00e9tail ne soit perdu.<\/p>\n<div class=\"quote quote-single\">\r\n  <div class=\"quote-bubble\">\r\n    <span class=\"quote-text\">Avoir Bullhorn Mobile dans ma poche est un avantage \u00e9norme pour mon chiffre d\u2019affaire. Avec toutes les informations juste l\u00e0 \u00e0 port\u00e9e de main, je suis toujours en avance sur la comp\u00e9tition ! <\/span>\r\n  <\/div>\r\n<span class=\"quote-name\">Paul Sabatino<\/span> <span class=\"quote-company\">Harmer Consultants<\/span>\r\n<\/div>\n<img loading=\"lazy\" decoding=\"async\" src=\"https:\/\/www.bullhorn.com\/au\/wp-content\/uploads\/sites\/3\/2014\/08\/view@2x.jpg\" width=\"273\" height=\"426\" \/>\n<h2 style=\"text-align: center;\">Activit\u00e9s passives de rep\u00e9rage<\/h2>\n<h3 style=\"text-align: center;\">Ne manquez jamais un entretien<\/h3>\n<img decoding=\"async\" src=\"https:\/\/www.bullhorn.com\/au\/wp-content\/uploads\/sites\/3\/2014\/08\/view@2x1.jpg\" \/>\n<p>Les consultants en recrutement ne peuvent pas se permettre de manquer un entretien avec un ou des candidat(s). Avec les activit\u00e9s passives de rep\u00e9rage de Bullhorn, ils n\u2019en manqueront jamais un\u00a0seul !<\/p>\n<p>Le logiciel rep\u00e8re automatiquement toutes activit\u00e9s par email associ\u00e9es au dossier d\u2019un candidat particulier et mets \u00e0 jour ce dossier en temps r\u00e9el. Cela offre une vision parfaite des interactions et des relations de votre candidat.<\/p>\n<p style=\"text-align: center;\"><a href=\"\/fr\/demo\/?LS=Website&LSD=Bullhorn_ATS_ProductPage_FR&LA=BH_ATS_ContactSales_FR&LAD=BH_ATS_ContactSales_FR\" class=\"btn btn-orange btn-md\">Planifiez une d\u00e9monstration<\/a><\/p>\n<p>&nbsp;<\/p>\n<h2 style=\"text-align: center;\">Int\u00e9gration d&#8217;email<\/h2>\n<h3 style=\"text-align: center;\">Int\u00e9gration harmonieuse de Gmail et Outlook afin que vous puissiez fair plus, plus rapidement<\/h3>\n<img decoding=\"async\" src=\"https:\/\/www.bullhorn.com\/au\/wp-content\/uploads\/sites\/3\/2014\/08\/view@2x3.jpg\" \/>\n<p>Bullhorn par email int\u00e8gre harmonieuse l\u2019Applicant Tracking System (ATS) avec Gmail et Outlook afin que vous puissiez voir votre boite email directement au sein de Bullhorn.<\/p>\n<p>Analysez facilement des r\u00e9sum\u00e9s, ajoutez des notes et cr\u00e9ez de nouvelles t\u00e2ches ainsi que des rendez-vous par emails avec vos candidats. Regardez les derni\u00e8res informations sur votre candidat tout en \u00e9tant dans votre boite de r\u00e9ception, et acc\u00e9dez au dossier complet d\u2019un contact depuis un email en passant sur Bullhorn en un simple clic.<\/p>\n<h2 style=\"text-align: center;\">Rapport<\/h2>\n<h3 style=\"text-align: center;\">Transformez des activit\u00e9s en informations<\/h3>\n<img decoding=\"async\" src=\"https:\/\/www.bullhorn.com\/au\/wp-content\/uploads\/sites\/3\/2014\/08\/ats-jobs-by-stage.png\" \/>\n<p>Les capacit\u00e9s d\u2019analyse et de rapport de Bullhorn vous permettent de transformer les donn\u00e9es d\u2019activit\u00e9s de recrutement de votre \u00e9quipe en informations pour les affaires.<\/p>\n<p>Les rapports standards comportent une analyse globale des performances de l\u2019\u00e9quipe et des performances individuelles de consultants en recrutement, d\u2019activit\u00e9s de placement, d\u2019activit\u00e9s venant \u00e0 l\u2019encontre de certains ordres rattach\u00e9s \u00e0 la profession, la touche personnelle des candidats, l\u2019efficacit\u00e9 du sour\u00e7age, et plus encore.<\/p>\n<p>Vous pouvez aussi cr\u00e9er des rapports configurables que vous pouvez fa\u00e7onner \u00e0 vos objectifs sp\u00e9cifiques et KPIs. <\/p>\n<img decoding=\"async\" src=\"https:\/\/www.bullhorn.com\/au\/wp-content\/uploads\/sites\/3\/2014\/08\/jobs-by-owner.png\" \/>\n<h2 style=\"text-align: center;\">L&#8217;int\u00e9gration de recruteurs de LinkedIn<\/h2>\n<h3 style=\"text-align: center;\">Un flux du travail uniformis\u00e9, moin de clics et des informations constamment mises \u00e0 jour<\/h3>\n<p>Bullhorn a fourni le premier Applicant tracking system (ATS) sp\u00e9cifique au recrutement dans cette industrie avec les recruteurs de LinkedIn.<\/p>\n<p><strong>Provenant de Bullhorn<\/strong><\/p>\n<p>Regardez les dossiers LinkedIn des candidats et des clients.<\/p>\n<p>&nbsp;<\/p>\n<p><strong>Provenant des recruteurs de LinkedIn\u00a0<\/strong><\/p>\n<p>Voyez si les dossiers de contacts sont \u00e0 Bullhorn, et si c\u2019est le cas, cliquez pour visionner ces dossiers dans Bullhorn.<\/p>\n<p>Cette int\u00e9gration uniformise le flux du travail dans le recrutement, r\u00e9duit le nombre de clics, et fournis des informations sur le candidat qui sont constamment mises \u00e0 jour.<\/p>\n<img decoding=\"async\" src=\"https:\/\/www.bullhorn.com\/wp-content\/uploads\/2014\/08\/linkedin-rc.png\" \/>\n<h2 style=\"text-align: center;\">Cr\u00e9ez et trouvez des candidats rapidement<\/h2>\n<h3 style=\"text-align: center;\">Saisie des donn\u00e9es sur leWeb<img loading=\"lazy\" decoding=\"async\" src=\"https:\/\/www.bullhorn.com\/wp-content\/uploads\/2016\/12\/view@2x-4.png\" alt=\"ATS PPC Page Icons\" width=\"531\" height=\"122\" \/><\/h3>\n<h4 style=\"text-align: center;\">Oubliez copier-coller<\/h4>\n<p>L\u2019acc\u00e9l\u00e9rateur de Bullhorn vous permet de capturer facilement des informations sur le web et de les ajouter imm\u00e9diatement sur Bullhorn. En utilisant l\u2019extension gratuite de Google Chrome fournie par Bullhorn, vous cliquerez simplement sur l\u2019ic\u00f4ne de Bullhorn et vous aurez la possibilit\u00e9 de mettre \u00e0 jour ou d\u2019ajouter des candidats, des contacts et\/ou des offres d\u2019emplois.<\/p>\n<h3 style=\"text-align: center;\">Parsemer<\/h3>\n<img decoding=\"async\" src=\"https:\/\/www.bullhorn.com\/wp-content\/uploads\/2016\/12\/view@2x-5.png\" alt=\"ATS PPC Page Icons\" \/>\n<p>&nbsp;<\/p>\n<h4 style=\"text-align: center;\">Sauvez du temps et r\u00e9duisez les erreurs<\/h4>\n<p>Augmentez votre efficacit\u00e9 et r\u00e9duisez le nombre de clics en parsemant pour extraire des informations \u2013 peu importe o\u00f9 vous les trouvez \u2013 \u00a0afin d\u2019occuper en avance certains domaines pour les candidats de Bullhorn, les contacts et les annonces d\u2019emplois.<\/p>\n<h3 style=\"text-align: center;\">Recherche de candidats<\/h3>\n<img decoding=\"async\" src=\"https:\/\/www.bullhorn.com\/wp-content\/uploads\/2016\/12\/view@2x-6.png\" alt=\"ATS PPC Page Icons\" \/>\n<p>&nbsp;<\/p>\n<h4 style=\"text-align: center;\">Trouvez le bon candidat<\/h4>\n<p>Avec la barre de recherche \u00ab\u00a0trouvez rapidement\u00a0\u00bb de Bullhorn, la logique Boolean, la recherche de mots cl\u00e9s avanc\u00e9s, et la priorisation des r\u00e9sultats bas\u00e9s sur leur r\u00e9cente pertinence, vous pouvez construire une pr\u00e9s\u00e9lection qualifi\u00e9e en un rien de temps. Personnalisez et configurez qui peut voir votre liste et enregistrez vos recherches favorites afin de sauver encore plus de temps.<\/p>\n<p>Bullhorn est un puissant Applicant Tracking System (ATS) facile \u00e0 utiliser qui vous permet de g\u00e9rer le processus de recrutement entier depuis une interface unique \u2013 depuis un bureau d\u2019ordinateur ou depuis un t\u00e9l\u00e9phone portable, sur n\u2019importe quel navigateur internet, depuis un Mac ou un PC. De l\u2019annonce d\u2019emplois au placement du candidat, l\u2019Applicant Tracking System (ATS) de Bullhorn \u00e9limine le temps perdu \u00e0 entrer manuellement des donn\u00e9es, rationnalisant le processus de bout-\u00e0-bout du recrutement et permettant \u00e0 votre \u00e9quipe d\u2019avancer plus facilement et de travailler plus intelligemment. L\u2019Applicant Tracking System (ATS) de Bullhorn autorise\u00a0:<\/p>\n<ul>\n<li>Des candidats suivis automatiquement tout au long du processus de recrutement<\/li>\n<li>Des activit\u00e9s de vente et de recrutement int\u00e9gr\u00e9es pour aider \u00e0 obtenir un emploi plus rapidement<\/li>\n<li>Une gestion efficace des informations sur les candidats et un contr\u00f4le des activit\u00e9s des recruteurs<\/li>\n<li>Une r\u00e9ponse instantan\u00e9e aux candidats et une collaboration avec des membres de l\u2019\u00e9quipe.<\/li>\n<\/ul>\n<h4 style=\"text-align: center;\">Commencez le d\u00e9veloppement de votre entreprise<\/h4>\n<p style=\"text-align: center;\"><a href=\"\/fr\/demo\/?LS=Website&LSD=Bullhorn_ATS_ProductPage_FR&LA=BH_ATS_ContactSales_FR&LAD=BH_ATS_ContactSales_FR\" class=\"btn btn-orange btn-md\">Demo<\/a><\/p>\n","protected":false},"excerpt":{"rendered":"<p>L&#8217;Applicant Tracking System et le CRM de Bullhorn Travailler plus vite et plus intelligement avec la plateforme de Bullhorn &nbsp; Sauvez du temps et am\u00e9liorez votre productivit\u00e9 Profilez vos candidats, de la recherche jusqu&#8217;au placement sur un poste &nbsp; L\u2019Applicant Tracking System (ATS) de Bullhorn qui vient du model Logiciel en tant que Service [SaaS [&hellip;]<\/p>\n","protected":false},"author":255,"featured_media":0,"parent":0,"menu_order":0,"comment_status":"closed","ping_status":"closed","template":"","meta":{"_acf_changed":false,"om_disable_all_campaigns":false},"class_list":["post-713","page","type-page","status-publish","hentry"],"acf":[],"yoast_head":"<!-- This site is optimized with the Yoast SEO plugin v27.2 - https:\/\/yoast.com\/product\/yoast-seo-wordpress\/ -->\n<title>Applicant Tracking System (ATS) | Bullhorn FR<\/title>\n<meta name=\"description\" content=\"Bullhorn&#039;s applicant tracking system sets a new standard for speed. Increase placements, cut downtime, and grow faster with our applicant tracking system.\" \/>\n<meta name=\"robots\" content=\"index, follow, max-snippet:-1, max-image-preview:large, max-video-preview:-1\" \/>\n<link rel=\"canonical\" href=\"https:\/\/www.bullhorn.com\/fr\/applicant-tracking-system\/\" \/>\n<meta property=\"og:locale\" content=\"en_US\" \/>\n<meta property=\"og:type\" content=\"article\" \/>\n<meta property=\"og:title\" content=\"Applicant Tracking System (ATS) | Bullhorn FR\" \/>\n<meta property=\"og:description\" content=\"Bullhorn&#039;s applicant tracking system sets a new standard for speed. Increase placements, cut downtime, and grow faster with our applicant tracking system.\" \/>\n<meta property=\"og:url\" content=\"https:\/\/www.bullhorn.com\/fr\/applicant-tracking-system\/\" \/>\n<meta property=\"og:site_name\" content=\"Bullhorn FR\" \/>\n<meta property=\"article:publisher\" content=\"https:\/\/www.facebook.com\/Bullhorn\/\" \/>\n<meta property=\"article:modified_time\" content=\"2019-06-17T12:37:56+00:00\" \/>\n<meta property=\"og:image\" content=\"https:\/\/www.bullhorn.com\/eu\/wp-content\/uploads\/sites\/13\/2017\/11\/view@2x-2.png\" \/>\n<meta name=\"twitter:card\" content=\"summary_large_image\" \/>\n<meta name=\"twitter:site\" content=\"@Bullhorn\" \/>\n<meta name=\"twitter:label1\" content=\"Est. reading time\" \/>\n\t<meta name=\"twitter:data1\" content=\"6 minutes\" \/>\n<script type=\"application\/ld+json\" class=\"yoast-schema-graph\">{\"@context\":\"https:\/\/schema.org\",\"@graph\":[{\"@type\":\"WebPage\",\"@id\":\"https:\/\/www.bullhorn.com\/fr\/applicant-tracking-system\/\",\"url\":\"https:\/\/www.bullhorn.com\/fr\/applicant-tracking-system\/\",\"name\":\"Applicant Tracking System (ATS) | Bullhorn FR\",\"isPartOf\":{\"@id\":\"https:\/\/www.bullhorn.com\/fr\/#website\"},\"primaryImageOfPage\":{\"@id\":\"https:\/\/www.bullhorn.com\/fr\/applicant-tracking-system\/#primaryimage\"},\"image\":{\"@id\":\"https:\/\/www.bullhorn.com\/fr\/applicant-tracking-system\/#primaryimage\"},\"thumbnailUrl\":\"https:\/\/www.bullhorn.com\/eu\/wp-content\/uploads\/sites\/13\/2017\/11\/view@2x-2.png\",\"datePublished\":\"2018-04-16T12:31:51+00:00\",\"dateModified\":\"2019-06-17T12:37:56+00:00\",\"description\":\"Bullhorn's applicant tracking system sets a new standard for speed. Increase placements, cut downtime, and grow faster with our applicant tracking system.\",\"breadcrumb\":{\"@id\":\"https:\/\/www.bullhorn.com\/fr\/applicant-tracking-system\/#breadcrumb\"},\"inLanguage\":\"en-US\",\"potentialAction\":[{\"@type\":\"ReadAction\",\"target\":[\"https:\/\/www.bullhorn.com\/fr\/applicant-tracking-system\/\"]}]},{\"@type\":\"ImageObject\",\"inLanguage\":\"en-US\",\"@id\":\"https:\/\/www.bullhorn.com\/fr\/applicant-tracking-system\/#primaryimage\",\"url\":\"https:\/\/www.bullhorn.com\/eu\/wp-content\/uploads\/sites\/13\/2017\/11\/view@2x-2.png\",\"contentUrl\":\"https:\/\/www.bullhorn.com\/eu\/wp-content\/uploads\/sites\/13\/2017\/11\/view@2x-2.png\"},{\"@type\":\"BreadcrumbList\",\"@id\":\"https:\/\/www.bullhorn.com\/fr\/applicant-tracking-system\/#breadcrumb\",\"itemListElement\":[{\"@type\":\"ListItem\",\"position\":1,\"name\":\"Home\",\"item\":\"https:\/\/www.bullhorn.com\/fr\/\"},{\"@type\":\"ListItem\",\"position\":2,\"name\":\"L&#8217;Applicant Tracking System de Bullhorn\"}]},{\"@type\":\"WebSite\",\"@id\":\"https:\/\/www.bullhorn.com\/fr\/#website\",\"url\":\"https:\/\/www.bullhorn.com\/fr\/\",\"name\":\"Bullhorn FR\",\"description\":\"\",\"publisher\":{\"@id\":\"https:\/\/www.bullhorn.com\/fr\/#organization\"},\"potentialAction\":[{\"@type\":\"SearchAction\",\"target\":{\"@type\":\"EntryPoint\",\"urlTemplate\":\"https:\/\/www.bullhorn.com\/fr\/?s={search_term_string}\"},\"query-input\":{\"@type\":\"PropertyValueSpecification\",\"valueRequired\":true,\"valueName\":\"search_term_string\"}}],\"inLanguage\":\"en-US\"},{\"@type\":\"Organization\",\"@id\":\"https:\/\/www.bullhorn.com\/fr\/#organization\",\"name\":\"Bullhorn\",\"url\":\"https:\/\/www.bullhorn.com\/fr\/\",\"logo\":{\"@type\":\"ImageObject\",\"inLanguage\":\"en-US\",\"@id\":\"https:\/\/www.bullhorn.com\/fr\/#\/schema\/logo\/image\/\",\"url\":\"https:\/\/www.bullhorn.com\/fr\/wp-content\/uploads\/sites\/14\/2021\/09\/og-img.png\",\"contentUrl\":\"https:\/\/www.bullhorn.com\/fr\/wp-content\/uploads\/sites\/14\/2021\/09\/og-img.png\",\"width\":1200,\"height\":628,\"caption\":\"Bullhorn\"},\"image\":{\"@id\":\"https:\/\/www.bullhorn.com\/fr\/#\/schema\/logo\/image\/\"},\"sameAs\":[\"https:\/\/www.facebook.com\/Bullhorn\/\",\"https:\/\/x.com\/Bullhorn\",\"https:\/\/www.instagram.com\/lifeatbullhorn\/?hl=fr\",\"https:\/\/www.linkedin.com\/company\/bullhorn\",\"https:\/\/www.youtube.com\/channel\/UC-Rgm5YxtoxsvlCHy6KW3Ug\",\"https:\/\/en.wikipedia.org\/wiki\/Bullhorn,_Inc.\"]}]}<\/script>\n<!-- \/ Yoast SEO plugin. -->","yoast_head_json":{"title":"Applicant Tracking System (ATS) | Bullhorn FR","description":"Bullhorn's applicant tracking system sets a new standard for speed. Increase placements, cut downtime, and grow faster with our applicant tracking system.","robots":{"index":"index","follow":"follow","max-snippet":"max-snippet:-1","max-image-preview":"max-image-preview:large","max-video-preview":"max-video-preview:-1"},"canonical":"https:\/\/www.bullhorn.com\/fr\/applicant-tracking-system\/","og_locale":"en_US","og_type":"article","og_title":"Applicant Tracking System (ATS) | Bullhorn FR","og_description":"Bullhorn's applicant tracking system sets a new standard for speed. Increase placements, cut downtime, and grow faster with our applicant tracking system.","og_url":"https:\/\/www.bullhorn.com\/fr\/applicant-tracking-system\/","og_site_name":"Bullhorn FR","article_publisher":"https:\/\/www.facebook.com\/Bullhorn\/","article_modified_time":"2019-06-17T12:37:56+00:00","og_image":[{"url":"https:\/\/www.bullhorn.com\/eu\/wp-content\/uploads\/sites\/13\/2017\/11\/view@2x-2.png","type":"","width":"","height":""}],"twitter_card":"summary_large_image","twitter_site":"@Bullhorn","twitter_misc":{"Est. reading time":"6 minutes"},"schema":{"@context":"https:\/\/schema.org","@graph":[{"@type":"WebPage","@id":"https:\/\/www.bullhorn.com\/fr\/applicant-tracking-system\/","url":"https:\/\/www.bullhorn.com\/fr\/applicant-tracking-system\/","name":"Applicant Tracking System (ATS) | Bullhorn FR","isPartOf":{"@id":"https:\/\/www.bullhorn.com\/fr\/#website"},"primaryImageOfPage":{"@id":"https:\/\/www.bullhorn.com\/fr\/applicant-tracking-system\/#primaryimage"},"image":{"@id":"https:\/\/www.bullhorn.com\/fr\/applicant-tracking-system\/#primaryimage"},"thumbnailUrl":"https:\/\/www.bullhorn.com\/eu\/wp-content\/uploads\/sites\/13\/2017\/11\/view@2x-2.png","datePublished":"2018-04-16T12:31:51+00:00","dateModified":"2019-06-17T12:37:56+00:00","description":"Bullhorn's applicant tracking system sets a new standard for speed. Increase placements, cut downtime, and grow faster with our applicant tracking system.","breadcrumb":{"@id":"https:\/\/www.bullhorn.com\/fr\/applicant-tracking-system\/#breadcrumb"},"inLanguage":"en-US","potentialAction":[{"@type":"ReadAction","target":["https:\/\/www.bullhorn.com\/fr\/applicant-tracking-system\/"]}]},{"@type":"ImageObject","inLanguage":"en-US","@id":"https:\/\/www.bullhorn.com\/fr\/applicant-tracking-system\/#primaryimage","url":"https:\/\/www.bullhorn.com\/eu\/wp-content\/uploads\/sites\/13\/2017\/11\/view@2x-2.png","contentUrl":"https:\/\/www.bullhorn.com\/eu\/wp-content\/uploads\/sites\/13\/2017\/11\/view@2x-2.png"},{"@type":"BreadcrumbList","@id":"https:\/\/www.bullhorn.com\/fr\/applicant-tracking-system\/#breadcrumb","itemListElement":[{"@type":"ListItem","position":1,"name":"Home","item":"https:\/\/www.bullhorn.com\/fr\/"},{"@type":"ListItem","position":2,"name":"L&#8217;Applicant Tracking System de Bullhorn"}]},{"@type":"WebSite","@id":"https:\/\/www.bullhorn.com\/fr\/#website","url":"https:\/\/www.bullhorn.com\/fr\/","name":"Bullhorn FR","description":"","publisher":{"@id":"https:\/\/www.bullhorn.com\/fr\/#organization"},"potentialAction":[{"@type":"SearchAction","target":{"@type":"EntryPoint","urlTemplate":"https:\/\/www.bullhorn.com\/fr\/?s={search_term_string}"},"query-input":{"@type":"PropertyValueSpecification","valueRequired":true,"valueName":"search_term_string"}}],"inLanguage":"en-US"},{"@type":"Organization","@id":"https:\/\/www.bullhorn.com\/fr\/#organization","name":"Bullhorn","url":"https:\/\/www.bullhorn.com\/fr\/","logo":{"@type":"ImageObject","inLanguage":"en-US","@id":"https:\/\/www.bullhorn.com\/fr\/#\/schema\/logo\/image\/","url":"https:\/\/www.bullhorn.com\/fr\/wp-content\/uploads\/sites\/14\/2021\/09\/og-img.png","contentUrl":"https:\/\/www.bullhorn.com\/fr\/wp-content\/uploads\/sites\/14\/2021\/09\/og-img.png","width":1200,"height":628,"caption":"Bullhorn"},"image":{"@id":"https:\/\/www.bullhorn.com\/fr\/#\/schema\/logo\/image\/"},"sameAs":["https:\/\/www.facebook.com\/Bullhorn\/","https:\/\/x.com\/Bullhorn","https:\/\/www.instagram.com\/lifeatbullhorn\/?hl=fr","https:\/\/www.linkedin.com\/company\/bullhorn","https:\/\/www.youtube.com\/channel\/UC-Rgm5YxtoxsvlCHy6KW3Ug","https:\/\/en.wikipedia.org\/wiki\/Bullhorn,_Inc."]}]}},"grav_blocks":null,"_links":{"self":[{"href":"https:\/\/www.bullhorn.com\/fr\/wp-json\/wp\/v2\/pages\/713","targetHints":{"allow":["GET"]}}],"collection":[{"href":"https:\/\/www.bullhorn.com\/fr\/wp-json\/wp\/v2\/pages"}],"about":[{"href":"https:\/\/www.bullhorn.com\/fr\/wp-json\/wp\/v2\/types\/page"}],"author":[{"embeddable":true,"href":"https:\/\/www.bullhorn.com\/fr\/wp-json\/wp\/v2\/users\/255"}],"replies":[{"embeddable":true,"href":"https:\/\/www.bullhorn.com\/fr\/wp-json\/wp\/v2\/comments?post=713"}],"version-history":[{"count":0,"href":"https:\/\/www.bullhorn.com\/fr\/wp-json\/wp\/v2\/pages\/713\/revisions"}],"wp:attachment":[{"href":"https:\/\/www.bullhorn.com\/fr\/wp-json\/wp\/v2\/media?parent=713"}],"curies":[{"name":"wp","href":"https:\/\/api.w.org\/{rel}","templated":true}]}}