{"id":720,"date":"2018-04-23T13:25:29","date_gmt":"2018-04-23T13:25:29","guid":{"rendered":"https:\/\/www.bullhorn.com\/fr\/?page_id=720"},"modified":"2018-04-23T13:32:53","modified_gmt":"2018-04-23T13:32:53","slug":"reviews","status":"publish","type":"page","link":"https:\/\/www.bullhorn.com\/fr\/reviews\/","title":{"rendered":"Commentaires clients"},"content":{"rendered":"<p>&nbsp;<\/p>\n<h1 style=\"text-align: center\">Commentaires clients<\/h1>\n<p>Les solutions CRM de Bullhorn ont aid\u00e9 de nombreux clients au cours des derni\u00e8res 15 ann\u00e9es. Aujourd\u2019hui, nous aidons plus de 7000 clients dans plusieurs pays du monde. Leurs exp\u00e9riences avec Bullhorn sont d\u2019une importance extr\u00eame pour nous. Sur cette page, vous pouvez lire les commentaires laiss\u00e9s par certains clients.<\/p>\n<h2>Marco van Kooten , Propri\u00e9taire &#8211; KOOTprofessionals<\/h2>\n<p>\u00ab\u00a0Le meilleur outil CRM pour les agences de recrutement ! Maintenant, je peux facilement g\u00e9rer notre entreprise avec des donn\u00e9es en temps r\u00e9el qui ont \u00e9t\u00e9 assembl\u00e9es sur un seul et m\u00eame tableau. La combinaison d\u2019un outil CRM de premi\u00e8re qualit\u00e9 et d\u2019un outil de recrutement donne un logiciel flexible et \u00e9volutif.\u00a0\u00bb<\/p>\n<h2>Henk Jan Scholten , Recruteur &#8211; Rijk Zwaan<\/h2>\n<p>\u00ab\u00a0Notre logiciel de recrutement est compl\u00e8tement configur\u00e9 \u00e0 la demande de Rijk Zwaan. La personnalisation sans programmation informatique fait de Bullhorn Connexys l\u2019ATS le plus flexible sur le march\u00e9 actuel.\u00a0\u00bb<\/p>\n<h2>Remco van der Pluijm , Marketer en\u00a0recruitment\u00a0 &#8211; KOOTprofessionals<\/h2>\n<p>\u00ab\u00a0Les ATS et CRM les plus complets ! Construit sur la plateforme Salesforce CRM, Bullhorn Connexys est l\u2019outil de recrutement le plus complet. En tant que marketer en recrutement, je peux facilement int\u00e9grer tous les outils\/int\u00e9grations que je veux utiliser afin de rendre la vie des recruteurs de KOOTprofessionals plus facile.\u00a0\u00bb<\/p>\n<h2>Niels Valks , Directeur des applications\u00a0CORE\u00a0&#8211; Manpower<\/h2>\n<p>\u00ab\u00a0Bullhorn Connexys est un outil de recrutement du tonnerre sur la plateforme Salesforce. Pour nous, Bullhorn est un partenaire qui correspond \u00e0 notre ADN. Sans concordance de la sorte, l\u2019outillage ne sera jamais am\u00e9lior\u00e9.\u00a0\u00bb<\/p>\n<h2>Bart Groeliken , Recruteur\u00a0corporatif\u00a0&#8211; VGZ<\/h2>\n<p>\u00ab\u00a0A c\u00f4t\u00e9 des possibilit\u00e9s exhaustives qu\u2019offre Bullhorn Connexys, le soutien tr\u00e8s professionnel et service-orient\u00e9 des consultants de Bullhorn pendant et apr\u00e8s l\u2019impl\u00e9mentation est un facteur important de notre succ\u00e8s conjoint. Avec des rapports exhaustifs qui pr\u00e9sentent les ing\u00e9nieux outils CRM, le logiciel de recrutement de Bullhorn Connexys est l\u2019application RH la plus flexible, \u00e9volutive et id\u00e9ale pour r\u00e9aliser les missions ambitieuses du centre de ressources de VGZ.\u00a0\u00bb<\/p>\n<h2>Moniek Morsink , Recruteuse\u00a0corporative\u00a0&#8211; St. Antonius Hospital<\/h2>\n<p>\u00ab\u00a0Tout comme le travail d\u2019un recruteur, Bullhorn Connexys est constamment en d\u00e9veloppement. Bullhorn Connexys rend tout le processus de recrutement beaucoup plus simple.\u00a0\u00bb<\/p>\n<p><em><\/em><\/p>\n<h2>Dave Nabuurs , Analyste d&#8217;informations &#8211; OTTO Work Force<\/h2>\n<p>\u00ab\u00a0Nous avons d\u00e9sormais constamment des informations concernant la disponibilit\u00e9 de candidats certifi\u00e9s, nationalement aussi bien qu\u2019internationalement. Le processus de recrutement se passe sans-\u00e0-coup et de fa\u00e7on transparente. Le risque de commettre une erreur a \u00e9t\u00e9 consid\u00e9rablement r\u00e9duit.\u00a0\u00bb<\/p>\n<p>&nbsp;<\/p>\n<p><em><\/em><\/p>\n<h2>Aart Hulleman , Sup\u00e9rieur des politiques internes\u00a0 &#8211; The Salvation Army<\/h2>\n<p>\u00ab\u00a0Avec Bullhorn Connexys, nous pouvons standardiser plus ainsi qu\u2019exploiter de nouvelles technologies et de nouveaux m\u00e9diaux sociaux afin d\u2019op\u00e9rer plus efficacement et plus effectivement sur le march\u00e9 du travail\u00a0\u00bb<\/p>\n<p><em><\/em><\/p>\n<h2>Erik van Assche , Manager en RH, traitement et logiciels &#8211; Belfius Insurance<\/h2>\n<p>\u00ab\u00a0Les r\u00e9sultats que nous avons atteint ensemble avec Bullhorn montre que vous pouvez d\u00e9livrer votre message aux candidats potentiels sans avoir \u00e0 utiliser trop de mots. Gr\u00e2ce \u00e0 des images expressives, un style agr\u00e9able et clair ainsi que l\u2019utilisation des bons outils de recrutement, nous sommes arriv\u00e9s \u00e0 lancer un site carri\u00e8re attirant et effectif.\u00a0\u00bb<\/p>\n<p>&nbsp;<\/p>\n<p><em><\/em><\/p>\n<h2>Eric Houwen , Manager en recrutement &#8211; CAK<\/h2>\n<p>\u00ab\u00a0Gr\u00e2ce au logiciel de recrutement de Bullhorn, nous avons pu optimiser soigneusement notre processus de recrutement. Cela a assur\u00e9 que nous puissions davantage engager les bonnes personnes pour les bons postes. C\u2019est la raison pour laquelle nous sommes heureux d\u2019utiliser Bullhorn Connexys depuis 2011.\u00a0\u00bb<\/p>\n<p>&nbsp;<\/p>\n<p><em><\/em><\/p>\n<h2>Janny van Logten , Recruteuse corporative &#8211; Enexis<\/h2>\n<p>\u00ab\u00a0Le lien entre le site internet et Bullhorn Connexys marche extr\u00eamement bien. Cela permet de servir \u00e0 la fois nos managers et nos candidats depuis un seul et m\u00eame endroit. Bullhorn nous a \u00e9galement tr\u00e8s bien \u00e9couter quand ils construisaient notre site internet\u00a0: presque 50% des visiteurs sur notre site utilisent un t\u00e9l\u00e9phone portable, et par cons\u00e9quent, nous voulions un webdesign qui r\u00e9ponde \u00e0 cette demande. Aujourd\u2019hui, que vous visitiez notre site internet depuis un t\u00e9l\u00e9phone portable, une tablette ou un ordinateur, le contenu appara\u00eetra toujours clairement et correctement.\u00a0\u00bb<\/p>\n<p>&nbsp;<\/p>\n<p><em><\/em><\/p>\n<h2>Ronald van Gerwen , PDG &#8211; TMC<\/h2>\n<p>\u00ab\u00a0Le logiciel technologique de pointe de Bullhorn et leur volont\u00e9 de travailler ensemble forme un match parfait avec ce en quoi nous croyons\u00a0: la volont\u00e9, les gens et la technologie de TMC\u00a0\u00bb<\/p>\n<p>&nbsp;<\/p>\n<p><em><\/em><\/p>\n","protected":false},"excerpt":{"rendered":"<p>&nbsp; Commentaires clients Les solutions CRM de Bullhorn ont aid\u00e9 de nombreux clients au cours des derni\u00e8res 15 ann\u00e9es. Aujourd\u2019hui, nous aidons plus de 7000 clients dans plusieurs pays du monde. Leurs exp\u00e9riences avec Bullhorn sont d\u2019une importance extr\u00eame pour nous. Sur cette page, vous pouvez lire les commentaires laiss\u00e9s par certains clients. Marco van [&hellip;]<\/p>\n","protected":false},"author":255,"featured_media":0,"parent":0,"menu_order":0,"comment_status":"closed","ping_status":"closed","template":"","meta":{"_acf_changed":false,"om_disable_all_campaigns":false},"class_list":["post-720","page","type-page","status-publish","hentry"],"acf":[],"yoast_head":"<!-- This site is optimized with the Yoast SEO plugin v27.2 - https:\/\/yoast.com\/product\/yoast-seo-wordpress\/ -->\n<title>Commentaires clients | Bullhorn FR<\/title>\n<meta name=\"description\" content=\"Les exp\u00e9riences avec Bullhorn sont d\u2019une importance extr\u00eame pour nous. Sur cette page, vous pouvez lire les commentaires laiss\u00e9s par certains clients.\" \/>\n<meta name=\"robots\" content=\"index, follow, max-snippet:-1, max-image-preview:large, max-video-preview:-1\" \/>\n<link rel=\"canonical\" href=\"https:\/\/www.bullhorn.com\/fr\/reviews\/\" \/>\n<meta property=\"og:locale\" content=\"en_US\" \/>\n<meta property=\"og:type\" content=\"article\" \/>\n<meta property=\"og:title\" content=\"Commentaires clients | Bullhorn FR\" \/>\n<meta property=\"og:description\" content=\"Les exp\u00e9riences avec Bullhorn sont d\u2019une importance extr\u00eame pour nous. Sur cette page, vous pouvez lire les commentaires laiss\u00e9s par certains clients.\" \/>\n<meta property=\"og:url\" content=\"https:\/\/www.bullhorn.com\/fr\/reviews\/\" \/>\n<meta property=\"og:site_name\" content=\"Bullhorn FR\" \/>\n<meta property=\"article:publisher\" content=\"https:\/\/www.facebook.com\/Bullhorn\/\" \/>\n<meta property=\"article:modified_time\" content=\"2018-04-23T13:32:53+00:00\" \/>\n<meta name=\"twitter:card\" content=\"summary_large_image\" \/>\n<meta name=\"twitter:site\" content=\"@Bullhorn\" \/>\n<meta name=\"twitter:label1\" content=\"Est. reading time\" \/>\n\t<meta name=\"twitter:data1\" content=\"4 minutes\" \/>\n<script type=\"application\/ld+json\" class=\"yoast-schema-graph\">{\"@context\":\"https:\/\/schema.org\",\"@graph\":[{\"@type\":\"WebPage\",\"@id\":\"https:\/\/www.bullhorn.com\/fr\/reviews\/\",\"url\":\"https:\/\/www.bullhorn.com\/fr\/reviews\/\",\"name\":\"Commentaires clients | Bullhorn FR\",\"isPartOf\":{\"@id\":\"https:\/\/www.bullhorn.com\/fr\/#website\"},\"datePublished\":\"2018-04-23T13:25:29+00:00\",\"dateModified\":\"2018-04-23T13:32:53+00:00\",\"description\":\"Les exp\u00e9riences avec Bullhorn sont d\u2019une importance extr\u00eame pour nous. Sur cette page, vous pouvez lire les commentaires laiss\u00e9s par certains clients.\",\"breadcrumb\":{\"@id\":\"https:\/\/www.bullhorn.com\/fr\/reviews\/#breadcrumb\"},\"inLanguage\":\"en-US\",\"potentialAction\":[{\"@type\":\"ReadAction\",\"target\":[\"https:\/\/www.bullhorn.com\/fr\/reviews\/\"]}]},{\"@type\":\"BreadcrumbList\",\"@id\":\"https:\/\/www.bullhorn.com\/fr\/reviews\/#breadcrumb\",\"itemListElement\":[{\"@type\":\"ListItem\",\"position\":1,\"name\":\"Home\",\"item\":\"https:\/\/www.bullhorn.com\/fr\/\"},{\"@type\":\"ListItem\",\"position\":2,\"name\":\"Commentaires clients\"}]},{\"@type\":\"WebSite\",\"@id\":\"https:\/\/www.bullhorn.com\/fr\/#website\",\"url\":\"https:\/\/www.bullhorn.com\/fr\/\",\"name\":\"Bullhorn FR\",\"description\":\"\",\"publisher\":{\"@id\":\"https:\/\/www.bullhorn.com\/fr\/#organization\"},\"potentialAction\":[{\"@type\":\"SearchAction\",\"target\":{\"@type\":\"EntryPoint\",\"urlTemplate\":\"https:\/\/www.bullhorn.com\/fr\/?s={search_term_string}\"},\"query-input\":{\"@type\":\"PropertyValueSpecification\",\"valueRequired\":true,\"valueName\":\"search_term_string\"}}],\"inLanguage\":\"en-US\"},{\"@type\":\"Organization\",\"@id\":\"https:\/\/www.bullhorn.com\/fr\/#organization\",\"name\":\"Bullhorn\",\"url\":\"https:\/\/www.bullhorn.com\/fr\/\",\"logo\":{\"@type\":\"ImageObject\",\"inLanguage\":\"en-US\",\"@id\":\"https:\/\/www.bullhorn.com\/fr\/#\/schema\/logo\/image\/\",\"url\":\"https:\/\/www.bullhorn.com\/fr\/wp-content\/uploads\/sites\/14\/2021\/09\/og-img.png\",\"contentUrl\":\"https:\/\/www.bullhorn.com\/fr\/wp-content\/uploads\/sites\/14\/2021\/09\/og-img.png\",\"width\":1200,\"height\":628,\"caption\":\"Bullhorn\"},\"image\":{\"@id\":\"https:\/\/www.bullhorn.com\/fr\/#\/schema\/logo\/image\/\"},\"sameAs\":[\"https:\/\/www.facebook.com\/Bullhorn\/\",\"https:\/\/x.com\/Bullhorn\",\"https:\/\/www.instagram.com\/lifeatbullhorn\/?hl=fr\",\"https:\/\/www.linkedin.com\/company\/bullhorn\",\"https:\/\/www.youtube.com\/channel\/UC-Rgm5YxtoxsvlCHy6KW3Ug\",\"https:\/\/en.wikipedia.org\/wiki\/Bullhorn,_Inc.\"]}]}<\/script>\n<!-- \/ Yoast SEO plugin. -->","yoast_head_json":{"title":"Commentaires clients | Bullhorn FR","description":"Les exp\u00e9riences avec Bullhorn sont d\u2019une importance extr\u00eame pour nous. Sur cette page, vous pouvez lire les commentaires laiss\u00e9s par certains clients.","robots":{"index":"index","follow":"follow","max-snippet":"max-snippet:-1","max-image-preview":"max-image-preview:large","max-video-preview":"max-video-preview:-1"},"canonical":"https:\/\/www.bullhorn.com\/fr\/reviews\/","og_locale":"en_US","og_type":"article","og_title":"Commentaires clients | Bullhorn FR","og_description":"Les exp\u00e9riences avec Bullhorn sont d\u2019une importance extr\u00eame pour nous. Sur cette page, vous pouvez lire les commentaires laiss\u00e9s par certains clients.","og_url":"https:\/\/www.bullhorn.com\/fr\/reviews\/","og_site_name":"Bullhorn FR","article_publisher":"https:\/\/www.facebook.com\/Bullhorn\/","article_modified_time":"2018-04-23T13:32:53+00:00","twitter_card":"summary_large_image","twitter_site":"@Bullhorn","twitter_misc":{"Est. reading time":"4 minutes"},"schema":{"@context":"https:\/\/schema.org","@graph":[{"@type":"WebPage","@id":"https:\/\/www.bullhorn.com\/fr\/reviews\/","url":"https:\/\/www.bullhorn.com\/fr\/reviews\/","name":"Commentaires clients | Bullhorn FR","isPartOf":{"@id":"https:\/\/www.bullhorn.com\/fr\/#website"},"datePublished":"2018-04-23T13:25:29+00:00","dateModified":"2018-04-23T13:32:53+00:00","description":"Les exp\u00e9riences avec Bullhorn sont d\u2019une importance extr\u00eame pour nous. Sur cette page, vous pouvez lire les commentaires laiss\u00e9s par certains clients.","breadcrumb":{"@id":"https:\/\/www.bullhorn.com\/fr\/reviews\/#breadcrumb"},"inLanguage":"en-US","potentialAction":[{"@type":"ReadAction","target":["https:\/\/www.bullhorn.com\/fr\/reviews\/"]}]},{"@type":"BreadcrumbList","@id":"https:\/\/www.bullhorn.com\/fr\/reviews\/#breadcrumb","itemListElement":[{"@type":"ListItem","position":1,"name":"Home","item":"https:\/\/www.bullhorn.com\/fr\/"},{"@type":"ListItem","position":2,"name":"Commentaires clients"}]},{"@type":"WebSite","@id":"https:\/\/www.bullhorn.com\/fr\/#website","url":"https:\/\/www.bullhorn.com\/fr\/","name":"Bullhorn FR","description":"","publisher":{"@id":"https:\/\/www.bullhorn.com\/fr\/#organization"},"potentialAction":[{"@type":"SearchAction","target":{"@type":"EntryPoint","urlTemplate":"https:\/\/www.bullhorn.com\/fr\/?s={search_term_string}"},"query-input":{"@type":"PropertyValueSpecification","valueRequired":true,"valueName":"search_term_string"}}],"inLanguage":"en-US"},{"@type":"Organization","@id":"https:\/\/www.bullhorn.com\/fr\/#organization","name":"Bullhorn","url":"https:\/\/www.bullhorn.com\/fr\/","logo":{"@type":"ImageObject","inLanguage":"en-US","@id":"https:\/\/www.bullhorn.com\/fr\/#\/schema\/logo\/image\/","url":"https:\/\/www.bullhorn.com\/fr\/wp-content\/uploads\/sites\/14\/2021\/09\/og-img.png","contentUrl":"https:\/\/www.bullhorn.com\/fr\/wp-content\/uploads\/sites\/14\/2021\/09\/og-img.png","width":1200,"height":628,"caption":"Bullhorn"},"image":{"@id":"https:\/\/www.bullhorn.com\/fr\/#\/schema\/logo\/image\/"},"sameAs":["https:\/\/www.facebook.com\/Bullhorn\/","https:\/\/x.com\/Bullhorn","https:\/\/www.instagram.com\/lifeatbullhorn\/?hl=fr","https:\/\/www.linkedin.com\/company\/bullhorn","https:\/\/www.youtube.com\/channel\/UC-Rgm5YxtoxsvlCHy6KW3Ug","https:\/\/en.wikipedia.org\/wiki\/Bullhorn,_Inc."]}]}},"grav_blocks":null,"_links":{"self":[{"href":"https:\/\/www.bullhorn.com\/fr\/wp-json\/wp\/v2\/pages\/720","targetHints":{"allow":["GET"]}}],"collection":[{"href":"https:\/\/www.bullhorn.com\/fr\/wp-json\/wp\/v2\/pages"}],"about":[{"href":"https:\/\/www.bullhorn.com\/fr\/wp-json\/wp\/v2\/types\/page"}],"author":[{"embeddable":true,"href":"https:\/\/www.bullhorn.com\/fr\/wp-json\/wp\/v2\/users\/255"}],"replies":[{"embeddable":true,"href":"https:\/\/www.bullhorn.com\/fr\/wp-json\/wp\/v2\/comments?post=720"}],"version-history":[{"count":0,"href":"https:\/\/www.bullhorn.com\/fr\/wp-json\/wp\/v2\/pages\/720\/revisions"}],"wp:attachment":[{"href":"https:\/\/www.bullhorn.com\/fr\/wp-json\/wp\/v2\/media?parent=720"}],"curies":[{"name":"wp","href":"https:\/\/api.w.org\/{rel}","templated":true}]}}