{"id":798,"date":"2018-05-24T12:44:21","date_gmt":"2018-05-24T12:44:21","guid":{"rendered":"https:\/\/www.bullhorn.com\/fr\/?page_id=798"},"modified":"2018-05-24T12:44:21","modified_gmt":"2018-05-24T12:44:21","slug":"logiciel-recrutement-detachement","status":"publish","type":"page","link":"https:\/\/www.bullhorn.com\/fr\/logiciel-recrutement-detachement\/","title":{"rendered":"Logiciel de recrutement pour le d\u00e9tachement"},"content":{"rendered":"<h1><strong><em>Logiciel de recrutement pour le d\u00e9tachement<\/em><\/strong><\/h1>\n<p>Leader mondial des logiciels de recrutement pour le d\u00e9tachement, Bullhorn propose diff\u00e9rentes\u00a0<a href=\"https:\/\/www.bullhorn.com\/fr\/solution-agences-dinterim-et-cabinets-de-recrutement\/\" target=\"_blank\" rel=\"noopener\">solutions de recrutement<\/a>\u00a0sp\u00e9cialement d\u00e9velopp\u00e9es pour les entreprises de d\u00e9tachement. C&#8217;est pourquoi des interm\u00e9diaires de l&#8217;emploi tels que\u00a0<a href=\"https:\/\/www.bullhorn.com\/fr\/case_study\/linkit\/\" target=\"_blank\" rel=\"noopener\">LINKIT\u00a0<\/a>et\u00a0<a href=\"https:\/\/www.bullhorn.com\/fr\/case_study\/tmc\/\" target=\"_blank\" rel=\"noopener\">TMC<\/a> ont d\u00e9j\u00e0 opt\u00e9 pour Bullhorn.<\/p>\n<h2>D\u00e9tachement et recrutement<\/h2>\n<p>Een detacheringsbureau kent veel uitdagingen. De werknemers die Un organisme de d\u00e9tachement fait face \u00e0 de nombreux d\u00e9fis. Les employ\u00e9s qui font l&#8217;objet d&#8217;une m\u00e9diation par une agence de d\u00e9tachement sont employ\u00e9s par l&#8217;agence elle-m\u00eame, ce qui rend \u00e9galement l&#8217;agence responsable des salaires de ces employ\u00e9s. Il est donc tr\u00e8s important que le d\u00e9tachement d&#8217;un travailleur ait effectivement lieu, sans quoi, dit travailleur continuera \u00e0 \u00eatre pay\u00e9 alors qu&#8217;il est en attente d&#8217;\u00eatre plac\u00e9 chez un employeur.<\/p>\n<p>La pression que vous subissez en tant qu&#8217;agence de d\u00e9tachement \u00e0 la suite de vos propres contrats est plus forte que celle des autres interm\u00e9diaires. La priorit\u00e9 de votre agence de d\u00e9tachement est toujours de placer ses employ\u00e9s aux bons endroits.<\/p>\n<p>&nbsp;<\/p>\n<h2><strong>Logiciel de recrutement<\/strong><\/h2>\n<p>Pour atteindre leurs objectifs, de nombreuses agences de d\u00e9tachement optent pour\u00a0<a href=\"https:\/\/www.bullhorn.com\/fr\/solution-agences-dinterim-et-cabinets-de-recrutement\/\" target=\"_blank\" rel=\"noopener\">le logiciel de recrutement de Bullhorn<\/a>.\u00a0Le logiciel de Bullhorn pr\u00e9sente un haut degr\u00e9 de flexibilit\u00e9, de configurabilit\u00e9, et une facilit\u00e9 d\u2019utilisation d\u00e9concertante, ce qui permet de concevoir l&#8217;application de mani\u00e8re \u00e0 ce qu&#8217;elle corresponde parfaitement aux souhaits et aux exigences des parties d\u00e9tach\u00e9es.<\/p>\n<a href=\"https:\/\/www.bullhorn.com\/nl\/connexys-recruitmentsysteem\/\" target=\"_blank\" rel=\"noopener\"><img loading=\"lazy\" decoding=\"async\" src=\"https:\/\/www.bullhorn.com\/nl\/wp-content\/uploads\/sites\/10\/2018\/04\/staffing-software-300x230.png\" alt=\"Recruitment software voor detachering\" width=\"300\" height=\"230\" \/><\/a>\n<h2>D\u00e9monstration<\/h2>\n<p>Etes-vous curieux de savoir ce que notre approche et notre logiciel de recrutement peuvent signifier pour les agences de d\u00e9tachement ? Nous aimerions donner une\u00a0<a href=\"https:\/\/www.bullhorn.com\/fr\/demo\/?LS=Website&amp;LSD=Topics_RecruitmentSoftwareDetachering_NED&amp;LA=ATS_ContactSales_NED&amp;LAD=ATS_ContactSales_NED\" target=\"_blank\" rel=\"noopener\"><strong>d\u00e9monstration compl\u00e8te et gratuite<\/strong><\/a>.\u00a0Bien s\u00fbr, vous pouvez aussi nous appeler au 010-4133906 ou nous envoyer un mail \u00e0 <a href=\"mailto:marketing@bullhorn.com\">info@bullhorn.com<\/a>.<\/p>\n","protected":false},"excerpt":{"rendered":"<p>Logiciel de recrutement pour le d\u00e9tachement Leader mondial des logiciels de recrutement pour le d\u00e9tachement, Bullhorn propose diff\u00e9rentes\u00a0solutions de recrutement\u00a0sp\u00e9cialement d\u00e9velopp\u00e9es pour les entreprises de d\u00e9tachement. C&#8217;est pourquoi des interm\u00e9diaires de l&#8217;emploi tels que\u00a0LINKIT\u00a0et\u00a0TMC ont d\u00e9j\u00e0 opt\u00e9 pour Bullhorn. D\u00e9tachement et recrutement Een detacheringsbureau kent veel uitdagingen. De werknemers die Un organisme de d\u00e9tachement fait [&hellip;]<\/p>\n","protected":false},"author":255,"featured_media":0,"parent":0,"menu_order":0,"comment_status":"closed","ping_status":"closed","template":"","meta":{"_acf_changed":false,"om_disable_all_campaigns":false},"class_list":["post-798","page","type-page","status-publish","hentry"],"acf":[],"yoast_head":"<!-- This site is optimized with the Yoast SEO plugin v27.2 - https:\/\/yoast.com\/product\/yoast-seo-wordpress\/ -->\n<title>Logiciel de recrutement pour le d\u00e9tachement | Bullhorn FR<\/title>\n<meta name=\"description\" content=\"Recherchez-vous un logiciel de recrutement pour le d\u00e9tachement ? Bullhorn a de grandes agences de d\u00e9tachement comme clients, telles que TMC, LINKIT, IT-Staffing, InWork et Aethon.\" \/>\n<meta name=\"robots\" content=\"index, follow, max-snippet:-1, max-image-preview:large, max-video-preview:-1\" \/>\n<link rel=\"canonical\" href=\"https:\/\/www.bullhorn.com\/fr\/logiciel-recrutement-detachement\/\" \/>\n<meta property=\"og:locale\" content=\"en_US\" \/>\n<meta property=\"og:type\" content=\"article\" \/>\n<meta property=\"og:title\" content=\"Logiciel de recrutement pour le d\u00e9tachement | Bullhorn FR\" \/>\n<meta property=\"og:description\" content=\"Recherchez-vous un logiciel de recrutement pour le d\u00e9tachement ? Bullhorn a de grandes agences de d\u00e9tachement comme clients, telles que TMC, LINKIT, IT-Staffing, InWork et Aethon.\" \/>\n<meta property=\"og:url\" content=\"https:\/\/www.bullhorn.com\/fr\/logiciel-recrutement-detachement\/\" \/>\n<meta property=\"og:site_name\" content=\"Bullhorn FR\" \/>\n<meta property=\"article:publisher\" content=\"https:\/\/www.facebook.com\/Bullhorn\/\" \/>\n<meta property=\"og:image\" content=\"https:\/\/www.bullhorn.com\/nl\/wp-content\/uploads\/sites\/10\/2018\/04\/staffing-software-300x230.png\" \/>\n<meta name=\"twitter:card\" content=\"summary_large_image\" \/>\n<meta name=\"twitter:site\" content=\"@Bullhorn\" \/>\n<meta name=\"twitter:label1\" content=\"Est. reading time\" \/>\n\t<meta name=\"twitter:data1\" content=\"2 minutes\" \/>\n<script type=\"application\/ld+json\" class=\"yoast-schema-graph\">{\"@context\":\"https:\/\/schema.org\",\"@graph\":[{\"@type\":\"WebPage\",\"@id\":\"https:\/\/www.bullhorn.com\/fr\/logiciel-recrutement-detachement\/\",\"url\":\"https:\/\/www.bullhorn.com\/fr\/logiciel-recrutement-detachement\/\",\"name\":\"Logiciel de recrutement pour le d\u00e9tachement | Bullhorn FR\",\"isPartOf\":{\"@id\":\"https:\/\/www.bullhorn.com\/fr\/#website\"},\"primaryImageOfPage\":{\"@id\":\"https:\/\/www.bullhorn.com\/fr\/logiciel-recrutement-detachement\/#primaryimage\"},\"image\":{\"@id\":\"https:\/\/www.bullhorn.com\/fr\/logiciel-recrutement-detachement\/#primaryimage\"},\"thumbnailUrl\":\"https:\/\/www.bullhorn.com\/nl\/wp-content\/uploads\/sites\/10\/2018\/04\/staffing-software-300x230.png\",\"datePublished\":\"2018-05-24T12:44:21+00:00\",\"description\":\"Recherchez-vous un logiciel de recrutement pour le d\u00e9tachement ? Bullhorn a de grandes agences de d\u00e9tachement comme clients, telles que TMC, LINKIT, IT-Staffing, InWork et Aethon.\",\"breadcrumb\":{\"@id\":\"https:\/\/www.bullhorn.com\/fr\/logiciel-recrutement-detachement\/#breadcrumb\"},\"inLanguage\":\"en-US\",\"potentialAction\":[{\"@type\":\"ReadAction\",\"target\":[\"https:\/\/www.bullhorn.com\/fr\/logiciel-recrutement-detachement\/\"]}]},{\"@type\":\"ImageObject\",\"inLanguage\":\"en-US\",\"@id\":\"https:\/\/www.bullhorn.com\/fr\/logiciel-recrutement-detachement\/#primaryimage\",\"url\":\"https:\/\/www.bullhorn.com\/nl\/wp-content\/uploads\/sites\/10\/2018\/04\/staffing-software-300x230.png\",\"contentUrl\":\"https:\/\/www.bullhorn.com\/nl\/wp-content\/uploads\/sites\/10\/2018\/04\/staffing-software-300x230.png\"},{\"@type\":\"BreadcrumbList\",\"@id\":\"https:\/\/www.bullhorn.com\/fr\/logiciel-recrutement-detachement\/#breadcrumb\",\"itemListElement\":[{\"@type\":\"ListItem\",\"position\":1,\"name\":\"Home\",\"item\":\"https:\/\/www.bullhorn.com\/fr\/\"},{\"@type\":\"ListItem\",\"position\":2,\"name\":\"Logiciel de recrutement pour le d\u00e9tachement\"}]},{\"@type\":\"WebSite\",\"@id\":\"https:\/\/www.bullhorn.com\/fr\/#website\",\"url\":\"https:\/\/www.bullhorn.com\/fr\/\",\"name\":\"Bullhorn FR\",\"description\":\"\",\"publisher\":{\"@id\":\"https:\/\/www.bullhorn.com\/fr\/#organization\"},\"potentialAction\":[{\"@type\":\"SearchAction\",\"target\":{\"@type\":\"EntryPoint\",\"urlTemplate\":\"https:\/\/www.bullhorn.com\/fr\/?s={search_term_string}\"},\"query-input\":{\"@type\":\"PropertyValueSpecification\",\"valueRequired\":true,\"valueName\":\"search_term_string\"}}],\"inLanguage\":\"en-US\"},{\"@type\":\"Organization\",\"@id\":\"https:\/\/www.bullhorn.com\/fr\/#organization\",\"name\":\"Bullhorn\",\"url\":\"https:\/\/www.bullhorn.com\/fr\/\",\"logo\":{\"@type\":\"ImageObject\",\"inLanguage\":\"en-US\",\"@id\":\"https:\/\/www.bullhorn.com\/fr\/#\/schema\/logo\/image\/\",\"url\":\"https:\/\/www.bullhorn.com\/fr\/wp-content\/uploads\/sites\/14\/2021\/09\/og-img.png\",\"contentUrl\":\"https:\/\/www.bullhorn.com\/fr\/wp-content\/uploads\/sites\/14\/2021\/09\/og-img.png\",\"width\":1200,\"height\":628,\"caption\":\"Bullhorn\"},\"image\":{\"@id\":\"https:\/\/www.bullhorn.com\/fr\/#\/schema\/logo\/image\/\"},\"sameAs\":[\"https:\/\/www.facebook.com\/Bullhorn\/\",\"https:\/\/x.com\/Bullhorn\",\"https:\/\/www.instagram.com\/lifeatbullhorn\/?hl=fr\",\"https:\/\/www.linkedin.com\/company\/bullhorn\",\"https:\/\/www.youtube.com\/channel\/UC-Rgm5YxtoxsvlCHy6KW3Ug\",\"https:\/\/en.wikipedia.org\/wiki\/Bullhorn,_Inc.\"]}]}<\/script>\n<!-- \/ Yoast SEO plugin. -->","yoast_head_json":{"title":"Logiciel de recrutement pour le d\u00e9tachement | Bullhorn FR","description":"Recherchez-vous un logiciel de recrutement pour le d\u00e9tachement ? Bullhorn a de grandes agences de d\u00e9tachement comme clients, telles que TMC, LINKIT, IT-Staffing, InWork et Aethon.","robots":{"index":"index","follow":"follow","max-snippet":"max-snippet:-1","max-image-preview":"max-image-preview:large","max-video-preview":"max-video-preview:-1"},"canonical":"https:\/\/www.bullhorn.com\/fr\/logiciel-recrutement-detachement\/","og_locale":"en_US","og_type":"article","og_title":"Logiciel de recrutement pour le d\u00e9tachement | Bullhorn FR","og_description":"Recherchez-vous un logiciel de recrutement pour le d\u00e9tachement ? Bullhorn a de grandes agences de d\u00e9tachement comme clients, telles que TMC, LINKIT, IT-Staffing, InWork et Aethon.","og_url":"https:\/\/www.bullhorn.com\/fr\/logiciel-recrutement-detachement\/","og_site_name":"Bullhorn FR","article_publisher":"https:\/\/www.facebook.com\/Bullhorn\/","og_image":[{"url":"https:\/\/www.bullhorn.com\/nl\/wp-content\/uploads\/sites\/10\/2018\/04\/staffing-software-300x230.png","type":"","width":"","height":""}],"twitter_card":"summary_large_image","twitter_site":"@Bullhorn","twitter_misc":{"Est. reading time":"2 minutes"},"schema":{"@context":"https:\/\/schema.org","@graph":[{"@type":"WebPage","@id":"https:\/\/www.bullhorn.com\/fr\/logiciel-recrutement-detachement\/","url":"https:\/\/www.bullhorn.com\/fr\/logiciel-recrutement-detachement\/","name":"Logiciel de recrutement pour le d\u00e9tachement | Bullhorn FR","isPartOf":{"@id":"https:\/\/www.bullhorn.com\/fr\/#website"},"primaryImageOfPage":{"@id":"https:\/\/www.bullhorn.com\/fr\/logiciel-recrutement-detachement\/#primaryimage"},"image":{"@id":"https:\/\/www.bullhorn.com\/fr\/logiciel-recrutement-detachement\/#primaryimage"},"thumbnailUrl":"https:\/\/www.bullhorn.com\/nl\/wp-content\/uploads\/sites\/10\/2018\/04\/staffing-software-300x230.png","datePublished":"2018-05-24T12:44:21+00:00","description":"Recherchez-vous un logiciel de recrutement pour le d\u00e9tachement ? Bullhorn a de grandes agences de d\u00e9tachement comme clients, telles que TMC, LINKIT, IT-Staffing, InWork et Aethon.","breadcrumb":{"@id":"https:\/\/www.bullhorn.com\/fr\/logiciel-recrutement-detachement\/#breadcrumb"},"inLanguage":"en-US","potentialAction":[{"@type":"ReadAction","target":["https:\/\/www.bullhorn.com\/fr\/logiciel-recrutement-detachement\/"]}]},{"@type":"ImageObject","inLanguage":"en-US","@id":"https:\/\/www.bullhorn.com\/fr\/logiciel-recrutement-detachement\/#primaryimage","url":"https:\/\/www.bullhorn.com\/nl\/wp-content\/uploads\/sites\/10\/2018\/04\/staffing-software-300x230.png","contentUrl":"https:\/\/www.bullhorn.com\/nl\/wp-content\/uploads\/sites\/10\/2018\/04\/staffing-software-300x230.png"},{"@type":"BreadcrumbList","@id":"https:\/\/www.bullhorn.com\/fr\/logiciel-recrutement-detachement\/#breadcrumb","itemListElement":[{"@type":"ListItem","position":1,"name":"Home","item":"https:\/\/www.bullhorn.com\/fr\/"},{"@type":"ListItem","position":2,"name":"Logiciel de recrutement pour le d\u00e9tachement"}]},{"@type":"WebSite","@id":"https:\/\/www.bullhorn.com\/fr\/#website","url":"https:\/\/www.bullhorn.com\/fr\/","name":"Bullhorn FR","description":"","publisher":{"@id":"https:\/\/www.bullhorn.com\/fr\/#organization"},"potentialAction":[{"@type":"SearchAction","target":{"@type":"EntryPoint","urlTemplate":"https:\/\/www.bullhorn.com\/fr\/?s={search_term_string}"},"query-input":{"@type":"PropertyValueSpecification","valueRequired":true,"valueName":"search_term_string"}}],"inLanguage":"en-US"},{"@type":"Organization","@id":"https:\/\/www.bullhorn.com\/fr\/#organization","name":"Bullhorn","url":"https:\/\/www.bullhorn.com\/fr\/","logo":{"@type":"ImageObject","inLanguage":"en-US","@id":"https:\/\/www.bullhorn.com\/fr\/#\/schema\/logo\/image\/","url":"https:\/\/www.bullhorn.com\/fr\/wp-content\/uploads\/sites\/14\/2021\/09\/og-img.png","contentUrl":"https:\/\/www.bullhorn.com\/fr\/wp-content\/uploads\/sites\/14\/2021\/09\/og-img.png","width":1200,"height":628,"caption":"Bullhorn"},"image":{"@id":"https:\/\/www.bullhorn.com\/fr\/#\/schema\/logo\/image\/"},"sameAs":["https:\/\/www.facebook.com\/Bullhorn\/","https:\/\/x.com\/Bullhorn","https:\/\/www.instagram.com\/lifeatbullhorn\/?hl=fr","https:\/\/www.linkedin.com\/company\/bullhorn","https:\/\/www.youtube.com\/channel\/UC-Rgm5YxtoxsvlCHy6KW3Ug","https:\/\/en.wikipedia.org\/wiki\/Bullhorn,_Inc."]}]}},"grav_blocks":null,"_links":{"self":[{"href":"https:\/\/www.bullhorn.com\/fr\/wp-json\/wp\/v2\/pages\/798","targetHints":{"allow":["GET"]}}],"collection":[{"href":"https:\/\/www.bullhorn.com\/fr\/wp-json\/wp\/v2\/pages"}],"about":[{"href":"https:\/\/www.bullhorn.com\/fr\/wp-json\/wp\/v2\/types\/page"}],"author":[{"embeddable":true,"href":"https:\/\/www.bullhorn.com\/fr\/wp-json\/wp\/v2\/users\/255"}],"replies":[{"embeddable":true,"href":"https:\/\/www.bullhorn.com\/fr\/wp-json\/wp\/v2\/comments?post=798"}],"version-history":[{"count":0,"href":"https:\/\/www.bullhorn.com\/fr\/wp-json\/wp\/v2\/pages\/798\/revisions"}],"wp:attachment":[{"href":"https:\/\/www.bullhorn.com\/fr\/wp-json\/wp\/v2\/media?parent=798"}],"curies":[{"name":"wp","href":"https:\/\/api.w.org\/{rel}","templated":true}]}}