{"id":14533,"date":"2021-07-21T16:14:39","date_gmt":"2021-07-21T16:14:39","guid":{"rendered":"https:\/\/www.bullhorn.com\/nl\/?page_id=14533"},"modified":"2022-02-02T16:36:51","modified_gmt":"2022-02-02T16:36:51","slug":"grote-organisaties","status":"publish","type":"page","link":"https:\/\/www.bullhorn.com\/nl\/grote-organisaties\/","title":{"rendered":"Grote organisaties"},"content":{"rendered":"","protected":false},"excerpt":{"rendered":"","protected":false},"author":403,"featured_media":15879,"parent":0,"menu_order":0,"comment_status":"closed","ping_status":"closed","template":"","meta":{"_acf_changed":false,"om_disable_all_campaigns":false},"class_list":["post-14533","page","type-page","status-publish","has-post-thumbnail","hentry"],"acf":[],"yoast_head":"<!-- This site is optimized with the Yoast SEO plugin v27.2 - https:\/\/yoast.com\/product\/yoast-seo-wordpress\/ -->\n<title>Grote organisaties - Bullhorn NL<\/title>\n<meta name=\"description\" content=\"De enterprise recruitmentsoftware van Bullhorn wordt gebruikt door Randstad, Kelly Services, Vaco, Spencer Ogden en nog veel meer organisaties wereldwijd.\" \/>\n<meta name=\"robots\" content=\"index, follow, max-snippet:-1, max-image-preview:large, max-video-preview:-1\" \/>\n<link rel=\"canonical\" href=\"https:\/\/www.bullhorn.com\/nl\/grote-organisaties\/\" \/>\n<meta property=\"og:locale\" content=\"nl_NL\" \/>\n<meta property=\"og:type\" content=\"article\" \/>\n<meta property=\"og:title\" content=\"Grote organisaties - Bullhorn NL\" \/>\n<meta property=\"og:description\" content=\"De enterprise recruitmentsoftware van Bullhorn wordt gebruikt door Randstad, Kelly Services, Vaco, Spencer Ogden en nog veel meer organisaties wereldwijd.\" \/>\n<meta property=\"og:url\" content=\"https:\/\/www.bullhorn.com\/nl\/grote-organisaties\/\" \/>\n<meta property=\"og:site_name\" content=\"Bullhorn NL\" \/>\n<meta property=\"article:publisher\" content=\"https:\/\/www.facebook.com\/Bullhorn\/\" \/>\n<meta property=\"article:modified_time\" content=\"2022-02-02T16:36:51+00:00\" \/>\n<meta property=\"og:image\" content=\"https:\/\/www.bullhorn.com\/nl\/wp-content\/uploads\/sites\/10\/2021\/09\/shutterstock_596101520.jpg\" \/>\n\t<meta property=\"og:image:width\" content=\"1920\" \/>\n\t<meta property=\"og:image:height\" content=\"1080\" \/>\n\t<meta property=\"og:image:type\" content=\"image\/jpeg\" \/>\n<meta name=\"twitter:card\" content=\"summary_large_image\" \/>\n<meta name=\"twitter:site\" content=\"@Bullhorn\" \/>\n<script type=\"application\/ld+json\" class=\"yoast-schema-graph\">{\"@context\":\"https:\/\/schema.org\",\"@graph\":[{\"@type\":\"WebPage\",\"@id\":\"https:\/\/www.bullhorn.com\/nl\/grote-organisaties\/\",\"url\":\"https:\/\/www.bullhorn.com\/nl\/grote-organisaties\/\",\"name\":\"Grote organisaties - Bullhorn NL\",\"isPartOf\":{\"@id\":\"https:\/\/www.bullhorn.com\/nl\/#website\"},\"primaryImageOfPage\":{\"@id\":\"https:\/\/www.bullhorn.com\/nl\/grote-organisaties\/#primaryimage\"},\"image\":{\"@id\":\"https:\/\/www.bullhorn.com\/nl\/grote-organisaties\/#primaryimage\"},\"thumbnailUrl\":\"https:\/\/www.bullhorn.com\/nl\/wp-content\/uploads\/sites\/10\/2021\/09\/shutterstock_596101520.jpg\",\"datePublished\":\"2021-07-21T16:14:39+00:00\",\"dateModified\":\"2022-02-02T16:36:51+00:00\",\"description\":\"De enterprise recruitmentsoftware van Bullhorn wordt gebruikt door Randstad, Kelly Services, Vaco, Spencer Ogden en nog veel meer organisaties wereldwijd.\",\"breadcrumb\":{\"@id\":\"https:\/\/www.bullhorn.com\/nl\/grote-organisaties\/#breadcrumb\"},\"inLanguage\":\"nl-NL\",\"potentialAction\":[{\"@type\":\"ReadAction\",\"target\":[\"https:\/\/www.bullhorn.com\/nl\/grote-organisaties\/\"]}]},{\"@type\":\"ImageObject\",\"inLanguage\":\"nl-NL\",\"@id\":\"https:\/\/www.bullhorn.com\/nl\/grote-organisaties\/#primaryimage\",\"url\":\"https:\/\/www.bullhorn.com\/nl\/wp-content\/uploads\/sites\/10\/2021\/09\/shutterstock_596101520.jpg\",\"contentUrl\":\"https:\/\/www.bullhorn.com\/nl\/wp-content\/uploads\/sites\/10\/2021\/09\/shutterstock_596101520.jpg\",\"width\":1920,\"height\":1080},{\"@type\":\"BreadcrumbList\",\"@id\":\"https:\/\/www.bullhorn.com\/nl\/grote-organisaties\/#breadcrumb\",\"itemListElement\":[{\"@type\":\"ListItem\",\"position\":1,\"name\":\"Home\",\"item\":\"https:\/\/www.bullhorn.com\/nl\/\"},{\"@type\":\"ListItem\",\"position\":2,\"name\":\"Grote organisaties\"}]},{\"@type\":\"WebSite\",\"@id\":\"https:\/\/www.bullhorn.com\/nl\/#website\",\"url\":\"https:\/\/www.bullhorn.com\/nl\/\",\"name\":\"Bullhorn NL\",\"description\":\"Just another Bullhorn Sites site\",\"publisher\":{\"@id\":\"https:\/\/www.bullhorn.com\/nl\/#organization\"},\"potentialAction\":[{\"@type\":\"SearchAction\",\"target\":{\"@type\":\"EntryPoint\",\"urlTemplate\":\"https:\/\/www.bullhorn.com\/nl\/?s={search_term_string}\"},\"query-input\":{\"@type\":\"PropertyValueSpecification\",\"valueRequired\":true,\"valueName\":\"search_term_string\"}}],\"inLanguage\":\"nl-NL\"},{\"@type\":\"Organization\",\"@id\":\"https:\/\/www.bullhorn.com\/nl\/#organization\",\"name\":\"Bullhorn\",\"url\":\"https:\/\/www.bullhorn.com\/nl\/\",\"logo\":{\"@type\":\"ImageObject\",\"inLanguage\":\"nl-NL\",\"@id\":\"https:\/\/www.bullhorn.com\/nl\/#\/schema\/logo\/image\/\",\"url\":\"https:\/\/www.bullhorn.com\/nl\/wp-content\/uploads\/sites\/10\/2021\/09\/og-img.png\",\"contentUrl\":\"https:\/\/www.bullhorn.com\/nl\/wp-content\/uploads\/sites\/10\/2021\/09\/og-img.png\",\"width\":1200,\"height\":628,\"caption\":\"Bullhorn\"},\"image\":{\"@id\":\"https:\/\/www.bullhorn.com\/nl\/#\/schema\/logo\/image\/\"},\"sameAs\":[\"https:\/\/www.facebook.com\/Bullhorn\/\",\"https:\/\/x.com\/Bullhorn\",\"https:\/\/www.instagram.com\/lifeatbullhorn\/?hl=nl\",\"https:\/\/www.linkedin.com\/company\/bullhorn\",\"https:\/\/www.youtube.com\/channel\/UC-Rgm5YxtoxsvlCHy6KW3Ug\",\"https:\/\/en.wikipedia.org\/wiki\/Bullhorn,_Inc.\"]}]}<\/script>\n<!-- \/ Yoast SEO plugin. -->","yoast_head_json":{"title":"Grote organisaties - Bullhorn NL","description":"De enterprise recruitmentsoftware van Bullhorn wordt gebruikt door Randstad, Kelly Services, Vaco, Spencer Ogden en nog veel meer organisaties wereldwijd.","robots":{"index":"index","follow":"follow","max-snippet":"max-snippet:-1","max-image-preview":"max-image-preview:large","max-video-preview":"max-video-preview:-1"},"canonical":"https:\/\/www.bullhorn.com\/nl\/grote-organisaties\/","og_locale":"nl_NL","og_type":"article","og_title":"Grote organisaties - Bullhorn NL","og_description":"De enterprise recruitmentsoftware van Bullhorn wordt gebruikt door Randstad, Kelly Services, Vaco, Spencer Ogden en nog veel meer organisaties wereldwijd.","og_url":"https:\/\/www.bullhorn.com\/nl\/grote-organisaties\/","og_site_name":"Bullhorn NL","article_publisher":"https:\/\/www.facebook.com\/Bullhorn\/","article_modified_time":"2022-02-02T16:36:51+00:00","og_image":[{"width":1920,"height":1080,"url":"https:\/\/www.bullhorn.com\/nl\/wp-content\/uploads\/sites\/10\/2021\/09\/shutterstock_596101520.jpg","type":"image\/jpeg"}],"twitter_card":"summary_large_image","twitter_site":"@Bullhorn","schema":{"@context":"https:\/\/schema.org","@graph":[{"@type":"WebPage","@id":"https:\/\/www.bullhorn.com\/nl\/grote-organisaties\/","url":"https:\/\/www.bullhorn.com\/nl\/grote-organisaties\/","name":"Grote organisaties - Bullhorn NL","isPartOf":{"@id":"https:\/\/www.bullhorn.com\/nl\/#website"},"primaryImageOfPage":{"@id":"https:\/\/www.bullhorn.com\/nl\/grote-organisaties\/#primaryimage"},"image":{"@id":"https:\/\/www.bullhorn.com\/nl\/grote-organisaties\/#primaryimage"},"thumbnailUrl":"https:\/\/www.bullhorn.com\/nl\/wp-content\/uploads\/sites\/10\/2021\/09\/shutterstock_596101520.jpg","datePublished":"2021-07-21T16:14:39+00:00","dateModified":"2022-02-02T16:36:51+00:00","description":"De enterprise recruitmentsoftware van Bullhorn wordt gebruikt door Randstad, Kelly Services, Vaco, Spencer Ogden en nog veel meer organisaties wereldwijd.","breadcrumb":{"@id":"https:\/\/www.bullhorn.com\/nl\/grote-organisaties\/#breadcrumb"},"inLanguage":"nl-NL","potentialAction":[{"@type":"ReadAction","target":["https:\/\/www.bullhorn.com\/nl\/grote-organisaties\/"]}]},{"@type":"ImageObject","inLanguage":"nl-NL","@id":"https:\/\/www.bullhorn.com\/nl\/grote-organisaties\/#primaryimage","url":"https:\/\/www.bullhorn.com\/nl\/wp-content\/uploads\/sites\/10\/2021\/09\/shutterstock_596101520.jpg","contentUrl":"https:\/\/www.bullhorn.com\/nl\/wp-content\/uploads\/sites\/10\/2021\/09\/shutterstock_596101520.jpg","width":1920,"height":1080},{"@type":"BreadcrumbList","@id":"https:\/\/www.bullhorn.com\/nl\/grote-organisaties\/#breadcrumb","itemListElement":[{"@type":"ListItem","position":1,"name":"Home","item":"https:\/\/www.bullhorn.com\/nl\/"},{"@type":"ListItem","position":2,"name":"Grote organisaties"}]},{"@type":"WebSite","@id":"https:\/\/www.bullhorn.com\/nl\/#website","url":"https:\/\/www.bullhorn.com\/nl\/","name":"Bullhorn NL","description":"Just another Bullhorn Sites site","publisher":{"@id":"https:\/\/www.bullhorn.com\/nl\/#organization"},"potentialAction":[{"@type":"SearchAction","target":{"@type":"EntryPoint","urlTemplate":"https:\/\/www.bullhorn.com\/nl\/?s={search_term_string}"},"query-input":{"@type":"PropertyValueSpecification","valueRequired":true,"valueName":"search_term_string"}}],"inLanguage":"nl-NL"},{"@type":"Organization","@id":"https:\/\/www.bullhorn.com\/nl\/#organization","name":"Bullhorn","url":"https:\/\/www.bullhorn.com\/nl\/","logo":{"@type":"ImageObject","inLanguage":"nl-NL","@id":"https:\/\/www.bullhorn.com\/nl\/#\/schema\/logo\/image\/","url":"https:\/\/www.bullhorn.com\/nl\/wp-content\/uploads\/sites\/10\/2021\/09\/og-img.png","contentUrl":"https:\/\/www.bullhorn.com\/nl\/wp-content\/uploads\/sites\/10\/2021\/09\/og-img.png","width":1200,"height":628,"caption":"Bullhorn"},"image":{"@id":"https:\/\/www.bullhorn.com\/nl\/#\/schema\/logo\/image\/"},"sameAs":["https:\/\/www.facebook.com\/Bullhorn\/","https:\/\/x.com\/Bullhorn","https:\/\/www.instagram.com\/lifeatbullhorn\/?hl=nl","https:\/\/www.linkedin.com\/company\/bullhorn","https:\/\/www.youtube.com\/channel\/UC-Rgm5YxtoxsvlCHy6KW3Ug","https:\/\/en.wikipedia.org\/wiki\/Bullhorn,_Inc."]}]}},"grav_blocks":[{"acf_fc_layout":"card-grid","block_title":"","block_aria":"","block_subtitle":"","background_shape":"","background_shape_position":"left","parallax_fx":false,"title_position":"top","cards_bg_color":"","cards_border":false,"cards_per_row":"4","cards":[{"icon":"icons\/crane","icon_color":"blue-light","line_title_with_icon":false,"inline_title":"","content":"<h4>Platform<\/h4>\n<p>Enterpriseorganisaties hebben behoefte aan platforms die kunnen opschalen om aan hun groeidoelstellingen en complexe processen te voldoen en om concurrerend te blijven. Of je administratiesysteem nu op het Bullhorn- of het force.com-platform zit, onze technologie is ontworpen om vandaag en in de toekomst te helpen.<\/p>\n"},{"icon":"icons\/support","icon_color":"blue-light","line_title_with_icon":false,"inline_title":"","content":"<h4>Partners<\/h4>\n<p>Bullhorn is een partner voor jouw organisatie, niet alleen een leverancier. Niet alleen bieden wij een team dat is toegewijd aan het zorgen voor jouw succes, wij beschikken ook over de ervaring om je meest complexe uitdagingen op te lossen en de unieke processen van je organisatie te ondersteunen.<\/p>\n"},{"icon":"icons\/lightbulb","icon_color":"blue-light","line_title_with_icon":false,"inline_title":"","content":"<h4>Innovatie<\/h4>\n<p>Met jaarlijkse investeringen van meer dan \u20ac35 miljoen in onderzoek en ontwikkeling, is het team van Bullhorn erop gebrand om de nieuwste technologie te kunnen bieden. Ons cloudgebaseerde platform werkt met alle internetbrowsers op alle apparaten en zorgt ervoor dat wij sneller kunnen innoveren dan welke andere aanbieder van enterprise CRM-software dan ook.<\/p>\n"}],"block_background":"block-bg-none","block_background_video_type":"url","block_background_video_url":"","block_background_video_file":false,"block_background_image":false,"block_background_overlay":false,"unique_id":"","block_option_custom_class":"","block_animate":true,"block_option_padding":[],"block_option_hide":[],"bg_lower_slant_color":""},{"acf_fc_layout":"content-icon-box","icon":"content-icon-box\/CE_Shape_2","icon_color":"blue-light","icon_alignment":"right","background_shape":"","parallax_fx":true,"title":"E\u00e9n system of record, \u00e9\u00e9n source-of-truth","block_aria":"","content":"<p>Technologie die gebouwd is in de cloud betekent dat ieder teamlid toegang heeft tot dezelfde data, overal en op ieder moment. Het is essentieel om elk aspect van de organisatie te begrijpen en met de oplossingen van Bullhorn kun je alles vanuit \u00e9\u00e9n systeem doen: zoeken en plaatsen, het beheren van de cashflow, resultaten rapporten en meer.<\/p>\n","links_title":"","links":false,"block_background":"block-bg-none","block_background_video_type":"url","block_background_video_url":"","block_background_video_file":false,"block_background_image":false,"block_background_overlay":false,"unique_id":"truth","block_option_custom_class":"","block_animate":true,"block_option_padding":[],"block_option_hide":[],"bg_lower_slant_color":""},{"acf_fc_layout":"content-icon-box","icon":"content-icon-box\/DBB_Shape_3","icon_color":"blue-dark","icon_alignment":"left","background_shape":"","parallax_fx":true,"title":"Platform naar keuze","block_aria":"","content":"<p>Wij geloven in de kracht van keuzevrijheid. Wij investeren in verschillende platformen die de beste in de branche zijn \u2013 Bullhorn, Invenias en Salesforce \u2013 en die meegroeien en mee ontwikkelen met je bedrijf.<\/p>\n","links_title":"","links":false,"block_background":"block-bg-none","block_background_video_type":"url","block_background_video_url":"","block_background_video_file":false,"block_background_image":false,"block_background_overlay":false,"unique_id":"platform","block_option_custom_class":"","block_animate":true,"block_option_padding":[],"block_option_hide":[],"bg_lower_slant_color":""},{"acf_fc_layout":"content-icon-box","icon":"content-icon-box\/CE_Shape_1","icon_color":"green","icon_alignment":"right","background_shape":"","parallax_fx":true,"title":"Automation om de organisatie te transformeren","block_aria":"","content":"<p>Besteed meer tijd aan relaties door het enige automatiseringsplatform in te zetten dat is ontwikkeld voor de veranderlijke behoeften van recruitment organisaties. Verbeter de productiviteit drastisch, schoon je database voor eens en voor altijd op en bied een geweldige ervaring aan je kandidaten en klanten.<\/p>\n","links_title":"","links":false,"block_background":"block-bg-none","block_background_video_type":"url","block_background_video_url":"","block_background_video_file":false,"block_background_image":false,"block_background_overlay":false,"unique_id":"automation","block_option_custom_class":"","block_animate":true,"block_option_padding":[],"block_option_hide":[],"bg_lower_slant_color":""},{"acf_fc_layout":"cta","mid_page_format":true,"condensed_format":false,"text":"Klaar om aan de slag te gaan?","subtext":"","block_aria":"","image":false,"enable_bg_shape":true,"image_shape":"","action_type":"button","link_settings":{"link_type":"url","link_text":"Lees meer","link_page":null,"link_url":"#show-demo-modal","link_style":"button--orange","link_aria":""},"email_placeholder_text":"Enter Your Email Address","block_background":"bg-blue","block_background_video_type":"url","block_background_video_url":"","block_background_video_file":false,"block_background_image":false,"block_background_overlay":false,"unique_id":"","block_option_custom_class":"","block_animate":true,"block_option_padding":[],"block_option_hide":[],"bg_lower_slant_color":""},{"acf_fc_layout":"testimonials","background_shape":"shapes\/cloud","background_shape_position":"left","parallax_fx":true,"transition_speed":"10","enable_autoplay":false,"autoplay_speed":3000,"testimonials":[14536],"block_background":"block-bg-none","block_background_video_type":"url","block_background_video_url":"","block_background_video_file":false,"block_background_image":false,"block_background_overlay":false,"unique_id":"","block_option_custom_class":"","block_option_padding":[],"block_option_hide":[]},{"acf_fc_layout":"related-resources","title":"Gerelateerde content","enable_archive_link":true,"archive_link_text":"Alle content","post_type":"resource","post_type_resource_fields":{"relationship_source":"custom","note_automatic_relationship":null,"custom_tax":false,"custom_resources":[15045,13565,15328,13398],"fill_remaining_resources":true},"post_type_blog_fields":{"relationship_source":false,"note_automatic_relationship":null,"custom_tag":false,"custom_category":false,"custom_resources":null,"fill_remaining_posts":true},"block_background":"block-bg-none","block_background_video_type":"url","block_background_video_url":"","block_background_video_file":false,"block_background_image":false,"block_background_overlay":false,"unique_id":"","block_option_custom_class":"","block_option_padding":[],"block_option_hide":[]},{"acf_fc_layout":"cta","mid_page_format":false,"condensed_format":false,"text":"Klaar om aan de slag te gaan?","subtext":"","block_aria":"","image":{"ID":14535,"id":14535,"title":"G_Footer_V1","filename":"G_Footer_V1.png","filesize":53408,"url":"https:\/\/www.bullhorn.com\/nl\/wp-content\/uploads\/sites\/10\/2021\/07\/G_Footer_V1.png","link":"https:\/\/www.bullhorn.com\/nl\/grote-organisaties\/g_footer_v1\/","alt":"","author":"403","description":"","caption":"","name":"g_footer_v1","status":"inherit","uploaded_to":14533,"date":"2021-07-21 16:05:22","modified":"2021-07-21 16:05:22","menu_order":0,"mime_type":"image\/png","type":"image","subtype":"png","icon":"https:\/\/www.bullhorn.com\/nl\/wp-includes\/images\/media\/default.png","width":600,"height":560,"sizes":{"thumbnail":"https:\/\/www.bullhorn.com\/nl\/wp-content\/uploads\/sites\/10\/2021\/07\/G_Footer_V1-150x150.png","thumbnail-width":150,"thumbnail-height":150,"medium":"https:\/\/www.bullhorn.com\/nl\/wp-content\/uploads\/sites\/10\/2021\/07\/G_Footer_V1-300x280.png","medium-width":300,"medium-height":280,"medium_large":"https:\/\/www.bullhorn.com\/nl\/wp-content\/uploads\/sites\/10\/2021\/07\/G_Footer_V1.png","medium_large-width":600,"medium_large-height":560,"large":"https:\/\/www.bullhorn.com\/nl\/wp-content\/uploads\/sites\/10\/2021\/07\/G_Footer_V1.png","large-width":600,"large-height":560,"1536x1536":"https:\/\/www.bullhorn.com\/nl\/wp-content\/uploads\/sites\/10\/2021\/07\/G_Footer_V1.png","1536x1536-width":600,"1536x1536-height":560,"2048x2048":"https:\/\/www.bullhorn.com\/nl\/wp-content\/uploads\/sites\/10\/2021\/07\/G_Footer_V1.png","2048x2048-width":600,"2048x2048-height":560,"post-thumbnail":"https:\/\/www.bullhorn.com\/nl\/wp-content\/uploads\/sites\/10\/2021\/07\/G_Footer_V1-300x300.png","post-thumbnail-width":300,"post-thumbnail-height":300,"small":"https:\/\/www.bullhorn.com\/nl\/wp-content\/uploads\/sites\/10\/2021\/07\/G_Footer_V1-300x280.png","small-width":300,"small-height":280,"xlarge":"https:\/\/www.bullhorn.com\/nl\/wp-content\/uploads\/sites\/10\/2021\/07\/G_Footer_V1.png","xlarge-width":600,"xlarge-height":560,"insight-of-the-week":"https:\/\/www.bullhorn.com\/nl\/wp-content\/uploads\/sites\/10\/2021\/07\/G_Footer_V1.png","insight-of-the-week-width":404,"insight-of-the-week-height":377,"insight-icons":"https:\/\/www.bullhorn.com\/nl\/wp-content\/uploads\/sites\/10\/2021\/07\/G_Footer_V1.png","insight-icons-width":83,"insight-icons-height":77,"insight-research-image":"https:\/\/www.bullhorn.com\/nl\/wp-content\/uploads\/sites\/10\/2021\/07\/G_Footer_V1.png","insight-research-image-width":236,"insight-research-image-height":220,"insight-featured-articles-thumbnail":"https:\/\/www.bullhorn.com\/nl\/wp-content\/uploads\/sites\/10\/2021\/07\/G_Footer_V1.png","insight-featured-articles-thumbnail-width":176,"insight-featured-articles-thumbnail-height":164,"insight-logo":"https:\/\/www.bullhorn.com\/nl\/wp-content\/uploads\/sites\/10\/2021\/07\/G_Footer_V1.png","insight-logo-width":191,"insight-logo-height":178}},"enable_bg_shape":false,"image_shape":"","action_type":"button","link_settings":{"link_type":"url","link_text":"Live demo","link_page":null,"link_url":"#show-demo-modal","link_style":"button--orange","link_aria":""},"email_placeholder_text":"Enter Your Email Address","block_background":"bg-blue","block_background_video_type":"url","block_background_video_url":"","block_background_video_file":false,"block_background_image":false,"block_background_overlay":false,"unique_id":"","block_option_custom_class":"","block_animate":true,"block_option_padding":[],"block_option_hide":[],"bg_lower_slant_color":""}],"_links":{"self":[{"href":"https:\/\/www.bullhorn.com\/nl\/wp-json\/wp\/v2\/pages\/14533","targetHints":{"allow":["GET"]}}],"collection":[{"href":"https:\/\/www.bullhorn.com\/nl\/wp-json\/wp\/v2\/pages"}],"about":[{"href":"https:\/\/www.bullhorn.com\/nl\/wp-json\/wp\/v2\/types\/page"}],"author":[{"embeddable":true,"href":"https:\/\/www.bullhorn.com\/nl\/wp-json\/wp\/v2\/users\/403"}],"replies":[{"embeddable":true,"href":"https:\/\/www.bullhorn.com\/nl\/wp-json\/wp\/v2\/comments?post=14533"}],"version-history":[{"count":9,"href":"https:\/\/www.bullhorn.com\/nl\/wp-json\/wp\/v2\/pages\/14533\/revisions"}],"predecessor-version":[{"id":16463,"href":"https:\/\/www.bullhorn.com\/nl\/wp-json\/wp\/v2\/pages\/14533\/revisions\/16463"}],"wp:featuredmedia":[{"embeddable":true,"href":"https:\/\/www.bullhorn.com\/nl\/wp-json\/wp\/v2\/media\/15879"}],"wp:attachment":[{"href":"https:\/\/www.bullhorn.com\/nl\/wp-json\/wp\/v2\/media?parent=14533"}],"curies":[{"name":"wp","href":"https:\/\/api.w.org\/{rel}","templated":true}]}}