{"id":14564,"date":"2021-07-22T13:47:40","date_gmt":"2021-07-22T13:47:40","guid":{"rendered":"https:\/\/www.bullhorn.com\/nl\/?page_id=14564"},"modified":"2021-09-20T16:54:59","modified_gmt":"2021-09-20T16:54:59","slug":"kandidaatervaring","status":"publish","type":"page","link":"https:\/\/www.bullhorn.com\/nl\/kandidaatervaring\/","title":{"rendered":"Kandidaatervaring"},"content":{"rendered":"","protected":false},"excerpt":{"rendered":"","protected":false},"author":302,"featured_media":15883,"parent":0,"menu_order":0,"comment_status":"closed","ping_status":"closed","template":"","meta":{"_acf_changed":false,"om_disable_all_campaigns":false},"class_list":["post-14564","page","type-page","status-publish","has-post-thumbnail","hentry"],"acf":[],"yoast_head":"<!-- This site is optimized with the Yoast SEO plugin v27.2 - https:\/\/yoast.com\/product\/yoast-seo-wordpress\/ -->\n<title>Kandidaatervaring - Bullhorn NL<\/title>\n<meta name=\"description\" content=\"De recruitmentsoftware van Bullhorn helpt je een geweldige kandidaatervaring te bieden en de organisatie te onderscheiden van de concurrentie.\" \/>\n<meta name=\"robots\" content=\"index, follow, max-snippet:-1, max-image-preview:large, max-video-preview:-1\" \/>\n<link rel=\"canonical\" href=\"https:\/\/www.bullhorn.com\/nl\/kandidaatervaring\/\" \/>\n<meta property=\"og:locale\" content=\"nl_NL\" \/>\n<meta property=\"og:type\" content=\"article\" \/>\n<meta property=\"og:title\" content=\"Kandidaatervaring - Bullhorn NL\" \/>\n<meta property=\"og:description\" content=\"De recruitmentsoftware van Bullhorn helpt je een geweldige kandidaatervaring te bieden en de organisatie te onderscheiden van de concurrentie.\" \/>\n<meta property=\"og:url\" content=\"https:\/\/www.bullhorn.com\/nl\/kandidaatervaring\/\" \/>\n<meta property=\"og:site_name\" content=\"Bullhorn NL\" \/>\n<meta property=\"article:publisher\" content=\"https:\/\/www.facebook.com\/Bullhorn\/\" \/>\n<meta property=\"article:modified_time\" content=\"2021-09-20T16:54:59+00:00\" \/>\n<meta property=\"og:image\" content=\"https:\/\/www.bullhorn.com\/nl\/wp-content\/uploads\/sites\/10\/2021\/09\/shutterstock_1323802757.jpg\" \/>\n\t<meta property=\"og:image:width\" content=\"1920\" \/>\n\t<meta property=\"og:image:height\" content=\"1080\" \/>\n\t<meta property=\"og:image:type\" content=\"image\/jpeg\" \/>\n<meta name=\"twitter:card\" content=\"summary_large_image\" \/>\n<meta name=\"twitter:site\" content=\"@Bullhorn\" \/>\n<script type=\"application\/ld+json\" class=\"yoast-schema-graph\">{\"@context\":\"https:\/\/schema.org\",\"@graph\":[{\"@type\":\"WebPage\",\"@id\":\"https:\/\/www.bullhorn.com\/nl\/kandidaatervaring\/\",\"url\":\"https:\/\/www.bullhorn.com\/nl\/kandidaatervaring\/\",\"name\":\"Kandidaatervaring - Bullhorn NL\",\"isPartOf\":{\"@id\":\"https:\/\/www.bullhorn.com\/nl\/#website\"},\"primaryImageOfPage\":{\"@id\":\"https:\/\/www.bullhorn.com\/nl\/kandidaatervaring\/#primaryimage\"},\"image\":{\"@id\":\"https:\/\/www.bullhorn.com\/nl\/kandidaatervaring\/#primaryimage\"},\"thumbnailUrl\":\"https:\/\/www.bullhorn.com\/nl\/wp-content\/uploads\/sites\/10\/2021\/09\/shutterstock_1323802757.jpg\",\"datePublished\":\"2021-07-22T13:47:40+00:00\",\"dateModified\":\"2021-09-20T16:54:59+00:00\",\"description\":\"De recruitmentsoftware van Bullhorn helpt je een geweldige kandidaatervaring te bieden en de organisatie te onderscheiden van de concurrentie.\",\"breadcrumb\":{\"@id\":\"https:\/\/www.bullhorn.com\/nl\/kandidaatervaring\/#breadcrumb\"},\"inLanguage\":\"nl-NL\",\"potentialAction\":[{\"@type\":\"ReadAction\",\"target\":[\"https:\/\/www.bullhorn.com\/nl\/kandidaatervaring\/\"]}]},{\"@type\":\"ImageObject\",\"inLanguage\":\"nl-NL\",\"@id\":\"https:\/\/www.bullhorn.com\/nl\/kandidaatervaring\/#primaryimage\",\"url\":\"https:\/\/www.bullhorn.com\/nl\/wp-content\/uploads\/sites\/10\/2021\/09\/shutterstock_1323802757.jpg\",\"contentUrl\":\"https:\/\/www.bullhorn.com\/nl\/wp-content\/uploads\/sites\/10\/2021\/09\/shutterstock_1323802757.jpg\",\"width\":1920,\"height\":1080},{\"@type\":\"BreadcrumbList\",\"@id\":\"https:\/\/www.bullhorn.com\/nl\/kandidaatervaring\/#breadcrumb\",\"itemListElement\":[{\"@type\":\"ListItem\",\"position\":1,\"name\":\"Home\",\"item\":\"https:\/\/www.bullhorn.com\/nl\/\"},{\"@type\":\"ListItem\",\"position\":2,\"name\":\"Kandidaatervaring\"}]},{\"@type\":\"WebSite\",\"@id\":\"https:\/\/www.bullhorn.com\/nl\/#website\",\"url\":\"https:\/\/www.bullhorn.com\/nl\/\",\"name\":\"Bullhorn NL\",\"description\":\"Just another Bullhorn Sites site\",\"publisher\":{\"@id\":\"https:\/\/www.bullhorn.com\/nl\/#organization\"},\"potentialAction\":[{\"@type\":\"SearchAction\",\"target\":{\"@type\":\"EntryPoint\",\"urlTemplate\":\"https:\/\/www.bullhorn.com\/nl\/?s={search_term_string}\"},\"query-input\":{\"@type\":\"PropertyValueSpecification\",\"valueRequired\":true,\"valueName\":\"search_term_string\"}}],\"inLanguage\":\"nl-NL\"},{\"@type\":\"Organization\",\"@id\":\"https:\/\/www.bullhorn.com\/nl\/#organization\",\"name\":\"Bullhorn\",\"url\":\"https:\/\/www.bullhorn.com\/nl\/\",\"logo\":{\"@type\":\"ImageObject\",\"inLanguage\":\"nl-NL\",\"@id\":\"https:\/\/www.bullhorn.com\/nl\/#\/schema\/logo\/image\/\",\"url\":\"https:\/\/www.bullhorn.com\/nl\/wp-content\/uploads\/sites\/10\/2021\/09\/og-img.png\",\"contentUrl\":\"https:\/\/www.bullhorn.com\/nl\/wp-content\/uploads\/sites\/10\/2021\/09\/og-img.png\",\"width\":1200,\"height\":628,\"caption\":\"Bullhorn\"},\"image\":{\"@id\":\"https:\/\/www.bullhorn.com\/nl\/#\/schema\/logo\/image\/\"},\"sameAs\":[\"https:\/\/www.facebook.com\/Bullhorn\/\",\"https:\/\/x.com\/Bullhorn\",\"https:\/\/www.instagram.com\/lifeatbullhorn\/?hl=nl\",\"https:\/\/www.linkedin.com\/company\/bullhorn\",\"https:\/\/www.youtube.com\/channel\/UC-Rgm5YxtoxsvlCHy6KW3Ug\",\"https:\/\/en.wikipedia.org\/wiki\/Bullhorn,_Inc.\"]}]}<\/script>\n<!-- \/ Yoast SEO plugin. -->","yoast_head_json":{"title":"Kandidaatervaring - Bullhorn NL","description":"De recruitmentsoftware van Bullhorn helpt je een geweldige kandidaatervaring te bieden en de organisatie te onderscheiden van de concurrentie.","robots":{"index":"index","follow":"follow","max-snippet":"max-snippet:-1","max-image-preview":"max-image-preview:large","max-video-preview":"max-video-preview:-1"},"canonical":"https:\/\/www.bullhorn.com\/nl\/kandidaatervaring\/","og_locale":"nl_NL","og_type":"article","og_title":"Kandidaatervaring - Bullhorn NL","og_description":"De recruitmentsoftware van Bullhorn helpt je een geweldige kandidaatervaring te bieden en de organisatie te onderscheiden van de concurrentie.","og_url":"https:\/\/www.bullhorn.com\/nl\/kandidaatervaring\/","og_site_name":"Bullhorn NL","article_publisher":"https:\/\/www.facebook.com\/Bullhorn\/","article_modified_time":"2021-09-20T16:54:59+00:00","og_image":[{"width":1920,"height":1080,"url":"https:\/\/www.bullhorn.com\/nl\/wp-content\/uploads\/sites\/10\/2021\/09\/shutterstock_1323802757.jpg","type":"image\/jpeg"}],"twitter_card":"summary_large_image","twitter_site":"@Bullhorn","schema":{"@context":"https:\/\/schema.org","@graph":[{"@type":"WebPage","@id":"https:\/\/www.bullhorn.com\/nl\/kandidaatervaring\/","url":"https:\/\/www.bullhorn.com\/nl\/kandidaatervaring\/","name":"Kandidaatervaring - Bullhorn NL","isPartOf":{"@id":"https:\/\/www.bullhorn.com\/nl\/#website"},"primaryImageOfPage":{"@id":"https:\/\/www.bullhorn.com\/nl\/kandidaatervaring\/#primaryimage"},"image":{"@id":"https:\/\/www.bullhorn.com\/nl\/kandidaatervaring\/#primaryimage"},"thumbnailUrl":"https:\/\/www.bullhorn.com\/nl\/wp-content\/uploads\/sites\/10\/2021\/09\/shutterstock_1323802757.jpg","datePublished":"2021-07-22T13:47:40+00:00","dateModified":"2021-09-20T16:54:59+00:00","description":"De recruitmentsoftware van Bullhorn helpt je een geweldige kandidaatervaring te bieden en de organisatie te onderscheiden van de concurrentie.","breadcrumb":{"@id":"https:\/\/www.bullhorn.com\/nl\/kandidaatervaring\/#breadcrumb"},"inLanguage":"nl-NL","potentialAction":[{"@type":"ReadAction","target":["https:\/\/www.bullhorn.com\/nl\/kandidaatervaring\/"]}]},{"@type":"ImageObject","inLanguage":"nl-NL","@id":"https:\/\/www.bullhorn.com\/nl\/kandidaatervaring\/#primaryimage","url":"https:\/\/www.bullhorn.com\/nl\/wp-content\/uploads\/sites\/10\/2021\/09\/shutterstock_1323802757.jpg","contentUrl":"https:\/\/www.bullhorn.com\/nl\/wp-content\/uploads\/sites\/10\/2021\/09\/shutterstock_1323802757.jpg","width":1920,"height":1080},{"@type":"BreadcrumbList","@id":"https:\/\/www.bullhorn.com\/nl\/kandidaatervaring\/#breadcrumb","itemListElement":[{"@type":"ListItem","position":1,"name":"Home","item":"https:\/\/www.bullhorn.com\/nl\/"},{"@type":"ListItem","position":2,"name":"Kandidaatervaring"}]},{"@type":"WebSite","@id":"https:\/\/www.bullhorn.com\/nl\/#website","url":"https:\/\/www.bullhorn.com\/nl\/","name":"Bullhorn NL","description":"Just another Bullhorn Sites site","publisher":{"@id":"https:\/\/www.bullhorn.com\/nl\/#organization"},"potentialAction":[{"@type":"SearchAction","target":{"@type":"EntryPoint","urlTemplate":"https:\/\/www.bullhorn.com\/nl\/?s={search_term_string}"},"query-input":{"@type":"PropertyValueSpecification","valueRequired":true,"valueName":"search_term_string"}}],"inLanguage":"nl-NL"},{"@type":"Organization","@id":"https:\/\/www.bullhorn.com\/nl\/#organization","name":"Bullhorn","url":"https:\/\/www.bullhorn.com\/nl\/","logo":{"@type":"ImageObject","inLanguage":"nl-NL","@id":"https:\/\/www.bullhorn.com\/nl\/#\/schema\/logo\/image\/","url":"https:\/\/www.bullhorn.com\/nl\/wp-content\/uploads\/sites\/10\/2021\/09\/og-img.png","contentUrl":"https:\/\/www.bullhorn.com\/nl\/wp-content\/uploads\/sites\/10\/2021\/09\/og-img.png","width":1200,"height":628,"caption":"Bullhorn"},"image":{"@id":"https:\/\/www.bullhorn.com\/nl\/#\/schema\/logo\/image\/"},"sameAs":["https:\/\/www.facebook.com\/Bullhorn\/","https:\/\/x.com\/Bullhorn","https:\/\/www.instagram.com\/lifeatbullhorn\/?hl=nl","https:\/\/www.linkedin.com\/company\/bullhorn","https:\/\/www.youtube.com\/channel\/UC-Rgm5YxtoxsvlCHy6KW3Ug","https:\/\/en.wikipedia.org\/wiki\/Bullhorn,_Inc."]}]}},"grav_blocks":[{"acf_fc_layout":"columns","block_title":"","block_aria":"","block_subtitle":"","format":"","enable_box_shadow":true,"columns":[{"type":"wysiwyg","wysiwyg":"<h3>Het probleem<\/h3>\n<p>Kandidaten verwachten vandaag de dag een gestroomlijnde recruitmentervaring die aansluit bij hun werkzoekende leven. Ze willen realtime toegang tot informatie. Ze verwachten snelheid, gemak en menselijke interactie. Vaak gaat toptalent echter verloren in het recruitmentproces, omdat talent door een slechte ervaring alsnog afhaakt.<\/p>\n","accordion_open_first_section":false,"accordion_multiple_open_sections":false,"accordion_items":false,"icon_list_items":false},{"type":"wysiwyg","wysiwyg":"<h3>Onze oplossing<\/h3>\n<p>Bullhorn biedt oplossingen die de organisatie in staat stellen een uniforme kandidaatervaring te bieden binnen de hele recruitment lifecycle. Van het eerste contact tot registratie, onboarding en de selfservice opties: alles is ontworpen om hoogwaardige contactervaringen te bieden die van kandidaten werknemers voor de lange termijn maken.<\/p>\n","accordion_open_first_section":false,"accordion_multiple_open_sections":false,"accordion_items":false,"icon_list_items":false}],"block_background":"bg-blue","block_background_video_type":"url","block_background_video_url":"","block_background_video_file":false,"block_background_image":false,"block_background_overlay":false,"unique_id":"","block_option_custom_class":"","block_animate":true,"block_option_padding":[],"block_option_hide":[],"bg_lower_slant_color":"white"},{"acf_fc_layout":"card-grid","block_title":"","block_aria":"","block_subtitle":"","background_shape":"","background_shape_position":"left","parallax_fx":false,"title_position":"top","cards_bg_color":"","cards_border":false,"cards_per_row":"4","cards":[{"icon":"icons\/heart","icon_color":"orange","line_title_with_icon":false,"inline_title":"","content":"<h3>Cre\u00eber trouwe kandidaten<\/h3>\n<p>Zorg voor een ervaring die kandidaten willen ervaren! Eenvoudig te gebruiken, mobiel, flexibel. Zorg voor een soepel proces en cre\u00eber kandidaten voor het leven \u2013 realiseer meer nieuwe plaatsingen en verlaag de kosten per recruiter.<\/p>\n"},{"icon":"icons\/phone","icon_color":"orange","line_title_with_icon":false,"inline_title":"","content":"<h3>Opschalen met selfservice<\/h3>\n<p>Door het je kandidaten gemakkelijk te maken, weet je zeker dat je niet alleen een betrokken pool hebt die aan de slag wil, maar ook dat je team uren aan recruitmenttijd en administratie kan besparen.<\/p>\n"},{"icon":"icons\/gear-chat","icon_color":"orange","line_title_with_icon":false,"inline_title":"","content":"<h3>Automatiseer persoonlijk contact<\/h3>\n<p>Cre\u00eber geautomatiseerde persoonlijke kandidaatervaringen die bouwen aan duurzame relaties en routinematig werk verminderen.<\/p>\n"}],"block_background":"block-bg-none","block_background_video_type":"url","block_background_video_url":"","block_background_video_file":false,"block_background_image":false,"block_background_overlay":false,"unique_id":"","block_option_custom_class":"","block_animate":true,"block_option_padding":[],"block_option_hide":[],"bg_lower_slant_color":""},{"acf_fc_layout":"content-icon-box","icon":"content-icon-box\/CE_Shape_1","icon_color":"orange","icon_alignment":"right","background_shape":"","parallax_fx":false,"title":"Automatisering, automatisering, automatisering","block_aria":"","content":"<p>Met Bullhorn voor Herefish kun je eenvoudige automations cre\u00ebren die een groot verschil maken voor de ervaring van de kandidaat, in slechts een paar klikken. Automatiseer communicatie om je kandidaten te laten weten dat een sollicitatie is ontvangen, vragenlijsten te versturen na een opdracht en om hen te laten weten wanneer er vergelijkbare vacatures zijn. Geef je passieve kandidaten aandacht en betrek je actieve kandidaten om een goudmijn aan talent te cre\u00ebren.<\/p>\n<p><a class=\"button button--orange\" href=\"\/recruitment-automation\/\">Lees meer<\/a><\/p>\n","links_title":"","links":false,"block_background":"block-bg-none","block_background_video_type":"url","block_background_video_url":"","block_background_video_file":false,"block_background_image":false,"block_background_overlay":false,"unique_id":"","block_option_custom_class":"","block_animate":true,"block_option_padding":[],"block_option_hide":[],"bg_lower_slant_color":""},{"acf_fc_layout":"content-icon-box","icon":"content-icon-box\/CE_Shape_2","icon_color":"orange","icon_alignment":"left","background_shape":"","parallax_fx":false,"title":"Optimaliseer voor mobiele communicatie","block_aria":"","content":"<p>Vergroot het aantal reacties per kandidaat in vergelijking met cold calls en e-mails. Sms&#8217;jes zorgen voor 10 keer meer reacties en versnellen de zakelijke communicatie. Met Bullhorn Messaging kun je sms-campagnes opzetten en \u00e9\u00e9n-op-\u00e9\u00e9n contacten beheren vanuit dezelfde locatie.<\/p>\n<p><a class=\"button button--orange\" href=\"\/bullhorn-messaging\/\">Lees meer<\/a><\/p>\n","links_title":"","links":false,"block_background":"block-bg-none","block_background_video_type":"url","block_background_video_url":"","block_background_video_file":false,"block_background_image":false,"block_background_overlay":false,"unique_id":"","block_option_custom_class":"","block_animate":true,"block_option_padding":[],"block_option_hide":[],"bg_lower_slant_color":""},{"acf_fc_layout":"content-icon-box","icon":"content-icon-box\/CE_Shape_3","icon_color":"orange","icon_alignment":"right","background_shape":"","parallax_fx":false,"title":"Contact op het juiste moment","block_aria":"","content":"<p>Zou het niet fijn zijn als je ze weten wat het beste moment is om met een kandidaat te communiceren? Of snel kon checken wanneer het laatste contact was? Met Bullhorn Pulse kun je je verdiepen in de relatie met iedere kandidaat of klant om belangrijke inzichten te verkrijgen waardoor je effectiever kunt communiceren.<\/p>\n<p><a class=\"button button--orange\" href=\"\/bullhorn-pulse\/\">Lees meer<\/a><\/p>\n","links_title":"Related Products","links":false,"block_background":"block-bg-none","block_background_video_type":"url","block_background_video_url":"","block_background_video_file":false,"block_background_image":false,"block_background_overlay":false,"unique_id":"","block_option_custom_class":"","block_animate":true,"block_option_padding":[],"block_option_hide":[],"bg_lower_slant_color":""},{"acf_fc_layout":"global-block","block_group":false},{"acf_fc_layout":"testimonials","background_shape":"shapes\/heart","background_shape_position":"left","parallax_fx":true,"transition_speed":"10","enable_autoplay":false,"autoplay_speed":3000,"testimonials":[14566],"block_background":"block-bg-none","block_background_video_type":"url","block_background_video_url":"","block_background_video_file":false,"block_background_image":false,"block_background_overlay":false,"unique_id":"","block_option_custom_class":"","block_option_padding":[],"block_option_hide":[]},{"acf_fc_layout":"related-resources","title":"Gerelateerde content","enable_archive_link":true,"archive_link_text":"Alle content","post_type":"resource","post_type_resource_fields":{"relationship_source":"custom","note_automatic_relationship":null,"custom_tax":false,"custom_resources":[13398,471,468,13565],"fill_remaining_resources":true},"post_type_blog_fields":{"relationship_source":false,"note_automatic_relationship":null,"custom_tag":false,"custom_category":false,"custom_resources":null,"fill_remaining_posts":true},"block_background":"block-bg-none","block_background_video_type":"url","block_background_video_url":"","block_background_video_file":false,"block_background_image":false,"block_background_overlay":false,"unique_id":"","block_option_custom_class":"","block_option_padding":[],"block_option_hide":[]},{"acf_fc_layout":"cta","mid_page_format":false,"condensed_format":false,"text":"Klaar om aan de slag te gaan?","subtext":"","block_aria":"","image":{"ID":14528,"id":14528,"title":"L_Footer_V1-2","filename":"L_Footer_V1-2.png","filesize":58410,"url":"https:\/\/www.bullhorn.com\/nl\/wp-content\/uploads\/sites\/10\/2021\/07\/L_Footer_V1-2.png","link":"https:\/\/www.bullhorn.com\/nl\/mkb-2\/l_footer_v1-2\/","alt":"","author":"403","description":"","caption":"","name":"l_footer_v1-2","status":"inherit","uploaded_to":14526,"date":"2021-07-21 15:49:09","modified":"2021-07-21 15:49:09","menu_order":0,"mime_type":"image\/png","type":"image","subtype":"png","icon":"https:\/\/www.bullhorn.com\/nl\/wp-includes\/images\/media\/default.png","width":478,"height":503,"sizes":{"thumbnail":"https:\/\/www.bullhorn.com\/nl\/wp-content\/uploads\/sites\/10\/2021\/07\/L_Footer_V1-2-150x150.png","thumbnail-width":150,"thumbnail-height":150,"medium":"https:\/\/www.bullhorn.com\/nl\/wp-content\/uploads\/sites\/10\/2021\/07\/L_Footer_V1-2-285x300.png","medium-width":285,"medium-height":300,"medium_large":"https:\/\/www.bullhorn.com\/nl\/wp-content\/uploads\/sites\/10\/2021\/07\/L_Footer_V1-2.png","medium_large-width":478,"medium_large-height":503,"large":"https:\/\/www.bullhorn.com\/nl\/wp-content\/uploads\/sites\/10\/2021\/07\/L_Footer_V1-2.png","large-width":478,"large-height":503,"1536x1536":"https:\/\/www.bullhorn.com\/nl\/wp-content\/uploads\/sites\/10\/2021\/07\/L_Footer_V1-2.png","1536x1536-width":478,"1536x1536-height":503,"2048x2048":"https:\/\/www.bullhorn.com\/nl\/wp-content\/uploads\/sites\/10\/2021\/07\/L_Footer_V1-2.png","2048x2048-width":478,"2048x2048-height":503,"post-thumbnail":"https:\/\/www.bullhorn.com\/nl\/wp-content\/uploads\/sites\/10\/2021\/07\/L_Footer_V1-2-300x300.png","post-thumbnail-width":300,"post-thumbnail-height":300,"small":"https:\/\/www.bullhorn.com\/nl\/wp-content\/uploads\/sites\/10\/2021\/07\/L_Footer_V1-2-285x300.png","small-width":285,"small-height":300,"xlarge":"https:\/\/www.bullhorn.com\/nl\/wp-content\/uploads\/sites\/10\/2021\/07\/L_Footer_V1-2.png","xlarge-width":478,"xlarge-height":503,"insight-of-the-week":"https:\/\/www.bullhorn.com\/nl\/wp-content\/uploads\/sites\/10\/2021\/07\/L_Footer_V1-2.png","insight-of-the-week-width":358,"insight-of-the-week-height":377,"insight-icons":"https:\/\/www.bullhorn.com\/nl\/wp-content\/uploads\/sites\/10\/2021\/07\/L_Footer_V1-2.png","insight-icons-width":79,"insight-icons-height":83,"insight-research-image":"https:\/\/www.bullhorn.com\/nl\/wp-content\/uploads\/sites\/10\/2021\/07\/L_Footer_V1-2.png","insight-research-image-width":209,"insight-research-image-height":220,"insight-featured-articles-thumbnail":"https:\/\/www.bullhorn.com\/nl\/wp-content\/uploads\/sites\/10\/2021\/07\/L_Footer_V1-2.png","insight-featured-articles-thumbnail-width":156,"insight-featured-articles-thumbnail-height":164,"insight-logo":"https:\/\/www.bullhorn.com\/nl\/wp-content\/uploads\/sites\/10\/2021\/07\/L_Footer_V1-2.png","insight-logo-width":169,"insight-logo-height":178}},"enable_bg_shape":false,"image_shape":"masks\/arrow-right","action_type":"button","link_settings":{"link_type":"url","link_text":"Live demo","link_page":null,"link_url":"#show-demo-modal","link_style":"button--orange","link_aria":""},"email_placeholder_text":"Enter Your Email Address","block_background":"bg-blue","block_background_video_type":"url","block_background_video_url":"","block_background_video_file":false,"block_background_image":false,"block_background_overlay":false,"unique_id":"","block_option_custom_class":"","block_animate":true,"block_option_padding":[],"block_option_hide":[],"bg_lower_slant_color":""}],"_links":{"self":[{"href":"https:\/\/www.bullhorn.com\/nl\/wp-json\/wp\/v2\/pages\/14564","targetHints":{"allow":["GET"]}}],"collection":[{"href":"https:\/\/www.bullhorn.com\/nl\/wp-json\/wp\/v2\/pages"}],"about":[{"href":"https:\/\/www.bullhorn.com\/nl\/wp-json\/wp\/v2\/types\/page"}],"author":[{"embeddable":true,"href":"https:\/\/www.bullhorn.com\/nl\/wp-json\/wp\/v2\/users\/302"}],"replies":[{"embeddable":true,"href":"https:\/\/www.bullhorn.com\/nl\/wp-json\/wp\/v2\/comments?post=14564"}],"version-history":[{"count":5,"href":"https:\/\/www.bullhorn.com\/nl\/wp-json\/wp\/v2\/pages\/14564\/revisions"}],"predecessor-version":[{"id":16033,"href":"https:\/\/www.bullhorn.com\/nl\/wp-json\/wp\/v2\/pages\/14564\/revisions\/16033"}],"wp:featuredmedia":[{"embeddable":true,"href":"https:\/\/www.bullhorn.com\/nl\/wp-json\/wp\/v2\/media\/15883"}],"wp:attachment":[{"href":"https:\/\/www.bullhorn.com\/nl\/wp-json\/wp\/v2\/media?parent=14564"}],"curies":[{"name":"wp","href":"https:\/\/api.w.org\/{rel}","templated":true}]}}