{"id":15057,"date":"2021-08-10T14:12:36","date_gmt":"2021-08-10T14:12:36","guid":{"rendered":"https:\/\/www.bullhorn.com\/nl\/?page_id=15057"},"modified":"2021-08-17T16:10:14","modified_gmt":"2021-08-17T16:10:14","slug":"recruitment-software-financiele-sector","status":"publish","type":"page","link":"https:\/\/www.bullhorn.com\/nl\/recruitment-software-financiele-sector\/","title":{"rendered":"Recruitment software voor de financi\u00eble sector"},"content":{"rendered":"","protected":false},"excerpt":{"rendered":"","protected":false},"author":302,"featured_media":0,"parent":0,"menu_order":0,"comment_status":"closed","ping_status":"closed","template":"","meta":{"_acf_changed":false,"om_disable_all_campaigns":false},"class_list":["post-15057","page","type-page","status-publish","hentry"],"acf":[],"yoast_head":"<!-- This site is optimized with the Yoast SEO plugin v27.2 - https:\/\/yoast.com\/product\/yoast-seo-wordpress\/ -->\n<title>Recruitment software voor de financi\u00eble sector | Bullhorn NL<\/title>\n<meta name=\"description\" content=\"Recruitment software voor de financi\u00eble sector? Verschillende organisaties kozen al voor de Connexys recruitment oplossing.\" \/>\n<meta name=\"robots\" content=\"index, follow, max-snippet:-1, max-image-preview:large, max-video-preview:-1\" \/>\n<link rel=\"canonical\" href=\"https:\/\/www.bullhorn.com\/nl\/recruitment-software-financiele-sector\/\" \/>\n<meta property=\"og:locale\" content=\"nl_NL\" \/>\n<meta property=\"og:type\" content=\"article\" \/>\n<meta property=\"og:title\" content=\"Recruitment software voor de financi\u00eble sector | Bullhorn NL\" \/>\n<meta property=\"og:description\" content=\"Recruitment software voor de financi\u00eble sector? Verschillende organisaties kozen al voor de Connexys recruitment oplossing.\" \/>\n<meta property=\"og:url\" content=\"https:\/\/www.bullhorn.com\/nl\/recruitment-software-financiele-sector\/\" \/>\n<meta property=\"og:site_name\" content=\"Bullhorn NL\" \/>\n<meta property=\"article:publisher\" content=\"https:\/\/www.facebook.com\/Bullhorn\/\" \/>\n<meta property=\"article:modified_time\" content=\"2021-08-17T16:10:14+00:00\" \/>\n<meta name=\"twitter:card\" content=\"summary_large_image\" \/>\n<meta name=\"twitter:site\" content=\"@Bullhorn\" \/>\n<script type=\"application\/ld+json\" class=\"yoast-schema-graph\">{\"@context\":\"https:\/\/schema.org\",\"@graph\":[{\"@type\":\"WebPage\",\"@id\":\"https:\/\/www.bullhorn.com\/nl\/recruitment-software-financiele-sector\/\",\"url\":\"https:\/\/www.bullhorn.com\/nl\/recruitment-software-financiele-sector\/\",\"name\":\"Recruitment software voor de financi\u00eble sector | Bullhorn NL\",\"isPartOf\":{\"@id\":\"https:\/\/www.bullhorn.com\/nl\/#website\"},\"datePublished\":\"2021-08-10T14:12:36+00:00\",\"dateModified\":\"2021-08-17T16:10:14+00:00\",\"description\":\"Recruitment software voor de financi\u00eble sector? Verschillende organisaties kozen al voor de Connexys recruitment oplossing.\",\"breadcrumb\":{\"@id\":\"https:\/\/www.bullhorn.com\/nl\/recruitment-software-financiele-sector\/#breadcrumb\"},\"inLanguage\":\"nl-NL\",\"potentialAction\":[{\"@type\":\"ReadAction\",\"target\":[\"https:\/\/www.bullhorn.com\/nl\/recruitment-software-financiele-sector\/\"]}]},{\"@type\":\"BreadcrumbList\",\"@id\":\"https:\/\/www.bullhorn.com\/nl\/recruitment-software-financiele-sector\/#breadcrumb\",\"itemListElement\":[{\"@type\":\"ListItem\",\"position\":1,\"name\":\"Home\",\"item\":\"https:\/\/www.bullhorn.com\/nl\/\"},{\"@type\":\"ListItem\",\"position\":2,\"name\":\"Recruitment software voor de financi\u00eble sector\"}]},{\"@type\":\"WebSite\",\"@id\":\"https:\/\/www.bullhorn.com\/nl\/#website\",\"url\":\"https:\/\/www.bullhorn.com\/nl\/\",\"name\":\"Bullhorn NL\",\"description\":\"Just another Bullhorn Sites site\",\"publisher\":{\"@id\":\"https:\/\/www.bullhorn.com\/nl\/#organization\"},\"potentialAction\":[{\"@type\":\"SearchAction\",\"target\":{\"@type\":\"EntryPoint\",\"urlTemplate\":\"https:\/\/www.bullhorn.com\/nl\/?s={search_term_string}\"},\"query-input\":{\"@type\":\"PropertyValueSpecification\",\"valueRequired\":true,\"valueName\":\"search_term_string\"}}],\"inLanguage\":\"nl-NL\"},{\"@type\":\"Organization\",\"@id\":\"https:\/\/www.bullhorn.com\/nl\/#organization\",\"name\":\"Bullhorn\",\"url\":\"https:\/\/www.bullhorn.com\/nl\/\",\"logo\":{\"@type\":\"ImageObject\",\"inLanguage\":\"nl-NL\",\"@id\":\"https:\/\/www.bullhorn.com\/nl\/#\/schema\/logo\/image\/\",\"url\":\"https:\/\/www.bullhorn.com\/nl\/wp-content\/uploads\/sites\/10\/2021\/09\/og-img.png\",\"contentUrl\":\"https:\/\/www.bullhorn.com\/nl\/wp-content\/uploads\/sites\/10\/2021\/09\/og-img.png\",\"width\":1200,\"height\":628,\"caption\":\"Bullhorn\"},\"image\":{\"@id\":\"https:\/\/www.bullhorn.com\/nl\/#\/schema\/logo\/image\/\"},\"sameAs\":[\"https:\/\/www.facebook.com\/Bullhorn\/\",\"https:\/\/x.com\/Bullhorn\",\"https:\/\/www.instagram.com\/lifeatbullhorn\/?hl=nl\",\"https:\/\/www.linkedin.com\/company\/bullhorn\",\"https:\/\/www.youtube.com\/channel\/UC-Rgm5YxtoxsvlCHy6KW3Ug\",\"https:\/\/en.wikipedia.org\/wiki\/Bullhorn,_Inc.\"]}]}<\/script>\n<!-- \/ Yoast SEO plugin. -->","yoast_head_json":{"title":"Recruitment software voor de financi\u00eble sector | Bullhorn NL","description":"Recruitment software voor de financi\u00eble sector? Verschillende organisaties kozen al voor de Connexys recruitment oplossing.","robots":{"index":"index","follow":"follow","max-snippet":"max-snippet:-1","max-image-preview":"max-image-preview:large","max-video-preview":"max-video-preview:-1"},"canonical":"https:\/\/www.bullhorn.com\/nl\/recruitment-software-financiele-sector\/","og_locale":"nl_NL","og_type":"article","og_title":"Recruitment software voor de financi\u00eble sector | Bullhorn NL","og_description":"Recruitment software voor de financi\u00eble sector? Verschillende organisaties kozen al voor de Connexys recruitment oplossing.","og_url":"https:\/\/www.bullhorn.com\/nl\/recruitment-software-financiele-sector\/","og_site_name":"Bullhorn NL","article_publisher":"https:\/\/www.facebook.com\/Bullhorn\/","article_modified_time":"2021-08-17T16:10:14+00:00","twitter_card":"summary_large_image","twitter_site":"@Bullhorn","schema":{"@context":"https:\/\/schema.org","@graph":[{"@type":"WebPage","@id":"https:\/\/www.bullhorn.com\/nl\/recruitment-software-financiele-sector\/","url":"https:\/\/www.bullhorn.com\/nl\/recruitment-software-financiele-sector\/","name":"Recruitment software voor de financi\u00eble sector | Bullhorn NL","isPartOf":{"@id":"https:\/\/www.bullhorn.com\/nl\/#website"},"datePublished":"2021-08-10T14:12:36+00:00","dateModified":"2021-08-17T16:10:14+00:00","description":"Recruitment software voor de financi\u00eble sector? Verschillende organisaties kozen al voor de Connexys recruitment oplossing.","breadcrumb":{"@id":"https:\/\/www.bullhorn.com\/nl\/recruitment-software-financiele-sector\/#breadcrumb"},"inLanguage":"nl-NL","potentialAction":[{"@type":"ReadAction","target":["https:\/\/www.bullhorn.com\/nl\/recruitment-software-financiele-sector\/"]}]},{"@type":"BreadcrumbList","@id":"https:\/\/www.bullhorn.com\/nl\/recruitment-software-financiele-sector\/#breadcrumb","itemListElement":[{"@type":"ListItem","position":1,"name":"Home","item":"https:\/\/www.bullhorn.com\/nl\/"},{"@type":"ListItem","position":2,"name":"Recruitment software voor de financi\u00eble sector"}]},{"@type":"WebSite","@id":"https:\/\/www.bullhorn.com\/nl\/#website","url":"https:\/\/www.bullhorn.com\/nl\/","name":"Bullhorn NL","description":"Just another Bullhorn Sites site","publisher":{"@id":"https:\/\/www.bullhorn.com\/nl\/#organization"},"potentialAction":[{"@type":"SearchAction","target":{"@type":"EntryPoint","urlTemplate":"https:\/\/www.bullhorn.com\/nl\/?s={search_term_string}"},"query-input":{"@type":"PropertyValueSpecification","valueRequired":true,"valueName":"search_term_string"}}],"inLanguage":"nl-NL"},{"@type":"Organization","@id":"https:\/\/www.bullhorn.com\/nl\/#organization","name":"Bullhorn","url":"https:\/\/www.bullhorn.com\/nl\/","logo":{"@type":"ImageObject","inLanguage":"nl-NL","@id":"https:\/\/www.bullhorn.com\/nl\/#\/schema\/logo\/image\/","url":"https:\/\/www.bullhorn.com\/nl\/wp-content\/uploads\/sites\/10\/2021\/09\/og-img.png","contentUrl":"https:\/\/www.bullhorn.com\/nl\/wp-content\/uploads\/sites\/10\/2021\/09\/og-img.png","width":1200,"height":628,"caption":"Bullhorn"},"image":{"@id":"https:\/\/www.bullhorn.com\/nl\/#\/schema\/logo\/image\/"},"sameAs":["https:\/\/www.facebook.com\/Bullhorn\/","https:\/\/x.com\/Bullhorn","https:\/\/www.instagram.com\/lifeatbullhorn\/?hl=nl","https:\/\/www.linkedin.com\/company\/bullhorn","https:\/\/www.youtube.com\/channel\/UC-Rgm5YxtoxsvlCHy6KW3Ug","https:\/\/en.wikipedia.org\/wiki\/Bullhorn,_Inc."]}]}},"grav_blocks":[{"acf_fc_layout":"columns","block_title":"Een gezonde financi\u00eble sector","block_aria":"","block_subtitle":"","format":"","enable_box_shadow":false,"columns":[{"type":"wysiwyg","wysiwyg":"<p>Een sterke en betrouwbare financi\u00eble sector is nodig voor stabiele economische groei. Het kabinet wil de financi\u00eble sector weer in balans brengen. Financi\u00eble instellingen moeten gezond zijn. Daarom is een hervorming van de sector belangrijk. Op die manier wordt het toezicht op de hele sector beter en komt het belang van de klant centraal te staan. Consumenten van financi\u00eble organisaties hebben betere bescherming nodig. Deze organisaties moeten de klant centraal stellen. Zo moeten financi\u00eble producten voor de klant begrijpelijk zijn. De klant kan dan een goede afweging maken bij de aanschaf van een financieel product.<\/p>\n","accordion_open_first_section":false,"accordion_multiple_open_sections":false,"accordion_items":false,"icon_list_items":false}],"block_background":"block-bg-none","block_background_video_type":"url","block_background_video_url":"","block_background_video_file":false,"block_background_image":false,"block_background_overlay":false,"unique_id":"","block_option_custom_class":"","block_animate":false,"block_option_padding":[],"block_option_hide":[],"bg_lower_slant_color":""},{"acf_fc_layout":"content-media","media_type":"image","image":{"ID":15058,"id":15058,"title":"shutterstock_106690454-768x512","filename":"shutterstock_106690454-768x512-1.jpg","filesize":48802,"url":"https:\/\/www.bullhorn.com\/nl\/wp-content\/uploads\/sites\/10\/2021\/08\/shutterstock_106690454-768x512-1.jpg","link":"https:\/\/www.bullhorn.com\/nl\/recruitment-software-financiele-sector\/shutterstock_106690454-768x512\/","alt":"","author":"302","description":"","caption":"","name":"shutterstock_106690454-768x512","status":"inherit","uploaded_to":15057,"date":"2021-08-10 14:07:39","modified":"2021-08-10 14:07:39","menu_order":0,"mime_type":"image\/jpeg","type":"image","subtype":"jpeg","icon":"https:\/\/www.bullhorn.com\/nl\/wp-includes\/images\/media\/default.png","width":768,"height":512,"sizes":{"thumbnail":"https:\/\/www.bullhorn.com\/nl\/wp-content\/uploads\/sites\/10\/2021\/08\/shutterstock_106690454-768x512-1-150x150.jpg","thumbnail-width":150,"thumbnail-height":150,"medium":"https:\/\/www.bullhorn.com\/nl\/wp-content\/uploads\/sites\/10\/2021\/08\/shutterstock_106690454-768x512-1-300x200.jpg","medium-width":300,"medium-height":200,"medium_large":"https:\/\/www.bullhorn.com\/nl\/wp-content\/uploads\/sites\/10\/2021\/08\/shutterstock_106690454-768x512-1.jpg","medium_large-width":768,"medium_large-height":512,"large":"https:\/\/www.bullhorn.com\/nl\/wp-content\/uploads\/sites\/10\/2021\/08\/shutterstock_106690454-768x512-1.jpg","large-width":768,"large-height":512,"1536x1536":"https:\/\/www.bullhorn.com\/nl\/wp-content\/uploads\/sites\/10\/2021\/08\/shutterstock_106690454-768x512-1.jpg","1536x1536-width":768,"1536x1536-height":512,"2048x2048":"https:\/\/www.bullhorn.com\/nl\/wp-content\/uploads\/sites\/10\/2021\/08\/shutterstock_106690454-768x512-1.jpg","2048x2048-width":768,"2048x2048-height":512,"post-thumbnail":"https:\/\/www.bullhorn.com\/nl\/wp-content\/uploads\/sites\/10\/2021\/08\/shutterstock_106690454-768x512-1-300x300.jpg","post-thumbnail-width":300,"post-thumbnail-height":300,"small":"https:\/\/www.bullhorn.com\/nl\/wp-content\/uploads\/sites\/10\/2021\/08\/shutterstock_106690454-768x512-1-300x200.jpg","small-width":300,"small-height":200,"xlarge":"https:\/\/www.bullhorn.com\/nl\/wp-content\/uploads\/sites\/10\/2021\/08\/shutterstock_106690454-768x512-1.jpg","xlarge-width":768,"xlarge-height":512,"insight-of-the-week":"https:\/\/www.bullhorn.com\/nl\/wp-content\/uploads\/sites\/10\/2021\/08\/shutterstock_106690454-768x512-1.jpg","insight-of-the-week-width":567,"insight-of-the-week-height":377,"insight-icons":"https:\/\/www.bullhorn.com\/nl\/wp-content\/uploads\/sites\/10\/2021\/08\/shutterstock_106690454-768x512-1.jpg","insight-icons-width":83,"insight-icons-height":55,"insight-research-image":"https:\/\/www.bullhorn.com\/nl\/wp-content\/uploads\/sites\/10\/2021\/08\/shutterstock_106690454-768x512-1.jpg","insight-research-image-width":330,"insight-research-image-height":220,"insight-featured-articles-thumbnail":"https:\/\/www.bullhorn.com\/nl\/wp-content\/uploads\/sites\/10\/2021\/08\/shutterstock_106690454-768x512-1.jpg","insight-featured-articles-thumbnail-width":246,"insight-featured-articles-thumbnail-height":164,"insight-logo":"https:\/\/www.bullhorn.com\/nl\/wp-content\/uploads\/sites\/10\/2021\/08\/shutterstock_106690454-768x512-1.jpg","insight-logo-width":267,"insight-logo-height":178}},"video_url":"","embed_code":"","image_placement":"right","image_size":"6","image_box_shadow":false,"background_shape":"","background_shape_position":"left","parallax_fx":false,"block_aria":"","link_type":"none","link_page":null,"link_url":"","link_file":false,"link_video":"","link_aria":"","content":"<h2>Nieuw type medewerkers<\/h2>\n<p>Na het wetsvoorstel om transparanter toezicht te krijgen op financi\u00eble markten, is het voor financi\u00eble instellingen belangrijk om talentvolle en deskundige kandidaten te kunnen vinden die deze vereisten kunnen naleven. Het recruitmentsysteem Connexys\u00a0 ondersteunt de financi\u00eble sector in deze zoektocht naar de juiste medewerkers.<\/p>\n","block_background":"block-bg-none","block_background_video_type":"url","block_background_video_url":"","block_background_video_file":false,"block_background_image":false,"block_background_overlay":false,"unique_id":"","block_option_custom_class":"","block_animate":false,"block_option_padding":["block-options-padding-remove-top"],"block_option_hide":[]},{"acf_fc_layout":"columns","block_title":"Klantverhalen","block_aria":"","block_subtitle":"","format":"","enable_box_shadow":false,"columns":[{"type":"wysiwyg","wysiwyg":"<p>Belfius Insurance is vorig jaar overgegaan op een volledige nieuwe, mobile first recruitmentsite. In <a href=\"https:\/\/www.bullhorn.com\/nl\/blog\/2016\/04\/nieuwe-recruitmentsite-belfius-insurance\/\">dit\u00a0blog<\/a>\u00a0wordt verteld hoe wij\u00a0dankzij een nauwe samenwerking tot een geweldig eindresultaat zijn gekomen.<\/p>\n<p>TriFinance lanceerde eind 2016 een spraakmakende wervingscampagne. Om de stroom aan reacties vlot en prettig te kunnen verwerken, maakt TriFinance gebruik van het Connexys recruitmentsysteem. Lees meer hierover in <a href=\"https:\/\/www.bullhorn.com\/nl\/blog\/2017\/03\/hoe-trifinance-employer-brand-op-de-rit-zet\/\">dit\u00a0blog<\/a>.<\/p>\n<p>&nbsp;<\/p>\n<p><a class=\"button button--orange\" href=\"https:\/\/www.bullhorn.com\/nl\/klanten\">Meer klantverhalen<\/a><\/p>\n","accordion_open_first_section":false,"accordion_multiple_open_sections":false,"accordion_items":false,"icon_list_items":false}],"block_background":"block-bg-none","block_background_video_type":"url","block_background_video_url":"","block_background_video_file":false,"block_background_image":false,"block_background_overlay":false,"unique_id":"","block_option_custom_class":"","block_animate":false,"block_option_padding":[],"block_option_hide":[],"bg_lower_slant_color":""},{"acf_fc_layout":"global-block","block_group":14556}],"_links":{"self":[{"href":"https:\/\/www.bullhorn.com\/nl\/wp-json\/wp\/v2\/pages\/15057","targetHints":{"allow":["GET"]}}],"collection":[{"href":"https:\/\/www.bullhorn.com\/nl\/wp-json\/wp\/v2\/pages"}],"about":[{"href":"https:\/\/www.bullhorn.com\/nl\/wp-json\/wp\/v2\/types\/page"}],"author":[{"embeddable":true,"href":"https:\/\/www.bullhorn.com\/nl\/wp-json\/wp\/v2\/users\/302"}],"replies":[{"embeddable":true,"href":"https:\/\/www.bullhorn.com\/nl\/wp-json\/wp\/v2\/comments?post=15057"}],"version-history":[{"count":4,"href":"https:\/\/www.bullhorn.com\/nl\/wp-json\/wp\/v2\/pages\/15057\/revisions"}],"predecessor-version":[{"id":15299,"href":"https:\/\/www.bullhorn.com\/nl\/wp-json\/wp\/v2\/pages\/15057\/revisions\/15299"}],"wp:attachment":[{"href":"https:\/\/www.bullhorn.com\/nl\/wp-json\/wp\/v2\/media?parent=15057"}],"curies":[{"name":"wp","href":"https:\/\/api.w.org\/{rel}","templated":true}]}}