{"id":16137,"date":"2021-10-19T21:18:08","date_gmt":"2021-10-19T21:18:08","guid":{"rendered":"https:\/\/www.bullhorn.com\/nl\/?page_id=16137"},"modified":"2024-11-06T10:49:21","modified_gmt":"2024-11-06T09:49:21","slug":"2021-engagex-europe-opnames-van-de-sessies","status":"publish","type":"page","link":"https:\/\/www.bullhorn.com\/nl\/2021-engagex-europe-opnames-van-de-sessies\/","title":{"rendered":"2021 EngageX Europe opnames van de sessies"},"content":{"rendered":"","protected":false},"excerpt":{"rendered":"<p>Bekijk on-demand de opnames van de sessies van Bullhorn EngageX Europe 2021. H\u00e9t recruitment event van het jaar.<\/p>\n","protected":false},"author":403,"featured_media":16211,"parent":0,"menu_order":0,"comment_status":"closed","ping_status":"closed","template":"","meta":{"_acf_changed":false,"om_disable_all_campaigns":false},"class_list":["post-16137","page","type-page","status-publish","has-post-thumbnail","hentry"],"acf":[],"yoast_head":"<!-- This site is optimized with the Yoast SEO plugin v27.2 - https:\/\/yoast.com\/product\/yoast-seo-wordpress\/ -->\n<title>2021 EngageX Europe opnames van de sessies - Bullhorn NL<\/title>\n<meta name=\"description\" content=\"Bekijk on-demand de opnames van de sessies van Bullhorn EngageX Europe 2021. H\u00e9t recruitment event van het jaar.\" \/>\n<meta name=\"robots\" content=\"index, follow, max-snippet:-1, max-image-preview:large, max-video-preview:-1\" \/>\n<link rel=\"canonical\" href=\"https:\/\/www.bullhorn.com\/nl\/2021-engagex-europe-opnames-van-de-sessies\/\" \/>\n<meta property=\"og:locale\" content=\"nl_NL\" \/>\n<meta property=\"og:type\" content=\"article\" \/>\n<meta property=\"og:title\" content=\"2021 EngageX Europe opnames van de sessies - Bullhorn NL\" \/>\n<meta property=\"og:description\" content=\"Bekijk on-demand de opnames van de sessies van Bullhorn EngageX Europe 2021. H\u00e9t recruitment event van het jaar.\" \/>\n<meta property=\"og:url\" content=\"https:\/\/www.bullhorn.com\/nl\/2021-engagex-europe-opnames-van-de-sessies\/\" \/>\n<meta property=\"og:site_name\" content=\"Bullhorn NL\" \/>\n<meta property=\"article:publisher\" content=\"https:\/\/www.facebook.com\/Bullhorn\/\" \/>\n<meta property=\"article:modified_time\" content=\"2024-11-06T09:49:21+00:00\" \/>\n<meta property=\"og:image\" content=\"https:\/\/www.bullhorn.com\/nl\/wp-content\/uploads\/sites\/10\/2021\/10\/EngageXEurope_masthead-scaled.jpeg\" \/>\n\t<meta property=\"og:image:width\" content=\"2560\" \/>\n\t<meta property=\"og:image:height\" content=\"904\" \/>\n\t<meta property=\"og:image:type\" content=\"image\/jpeg\" \/>\n<meta name=\"twitter:card\" content=\"summary_large_image\" \/>\n<meta name=\"twitter:site\" content=\"@Bullhorn\" \/>\n<meta name=\"twitter:label1\" content=\"Geschatte leestijd\" \/>\n\t<meta name=\"twitter:data1\" content=\"1 minuut\" \/>\n<script type=\"application\/ld+json\" class=\"yoast-schema-graph\">{\"@context\":\"https:\/\/schema.org\",\"@graph\":[{\"@type\":\"WebPage\",\"@id\":\"https:\/\/www.bullhorn.com\/nl\/2021-engagex-europe-opnames-van-de-sessies\/\",\"url\":\"https:\/\/www.bullhorn.com\/nl\/2021-engagex-europe-opnames-van-de-sessies\/\",\"name\":\"2021 EngageX Europe opnames van de sessies - Bullhorn NL\",\"isPartOf\":{\"@id\":\"https:\/\/www.bullhorn.com\/nl\/#website\"},\"primaryImageOfPage\":{\"@id\":\"https:\/\/www.bullhorn.com\/nl\/2021-engagex-europe-opnames-van-de-sessies\/#primaryimage\"},\"image\":{\"@id\":\"https:\/\/www.bullhorn.com\/nl\/2021-engagex-europe-opnames-van-de-sessies\/#primaryimage\"},\"thumbnailUrl\":\"https:\/\/www.bullhorn.com\/nl\/wp-content\/uploads\/sites\/10\/2021\/10\/EngageXEurope_masthead-scaled.jpeg\",\"datePublished\":\"2021-10-19T21:18:08+00:00\",\"dateModified\":\"2024-11-06T09:49:21+00:00\",\"description\":\"Bekijk on-demand de opnames van de sessies van Bullhorn EngageX Europe 2021. H\u00e9t recruitment event van het jaar.\",\"breadcrumb\":{\"@id\":\"https:\/\/www.bullhorn.com\/nl\/2021-engagex-europe-opnames-van-de-sessies\/#breadcrumb\"},\"inLanguage\":\"nl-NL\",\"potentialAction\":[{\"@type\":\"ReadAction\",\"target\":[\"https:\/\/www.bullhorn.com\/nl\/2021-engagex-europe-opnames-van-de-sessies\/\"]}]},{\"@type\":\"ImageObject\",\"inLanguage\":\"nl-NL\",\"@id\":\"https:\/\/www.bullhorn.com\/nl\/2021-engagex-europe-opnames-van-de-sessies\/#primaryimage\",\"url\":\"https:\/\/www.bullhorn.com\/nl\/wp-content\/uploads\/sites\/10\/2021\/10\/EngageXEurope_masthead-scaled.jpeg\",\"contentUrl\":\"https:\/\/www.bullhorn.com\/nl\/wp-content\/uploads\/sites\/10\/2021\/10\/EngageXEurope_masthead-scaled.jpeg\",\"width\":2560,\"height\":904},{\"@type\":\"BreadcrumbList\",\"@id\":\"https:\/\/www.bullhorn.com\/nl\/2021-engagex-europe-opnames-van-de-sessies\/#breadcrumb\",\"itemListElement\":[{\"@type\":\"ListItem\",\"position\":1,\"name\":\"Home\",\"item\":\"https:\/\/www.bullhorn.com\/nl\/\"},{\"@type\":\"ListItem\",\"position\":2,\"name\":\"2021 EngageX Europe opnames van de sessies\"}]},{\"@type\":\"WebSite\",\"@id\":\"https:\/\/www.bullhorn.com\/nl\/#website\",\"url\":\"https:\/\/www.bullhorn.com\/nl\/\",\"name\":\"Bullhorn NL\",\"description\":\"Just another Bullhorn Sites site\",\"publisher\":{\"@id\":\"https:\/\/www.bullhorn.com\/nl\/#organization\"},\"potentialAction\":[{\"@type\":\"SearchAction\",\"target\":{\"@type\":\"EntryPoint\",\"urlTemplate\":\"https:\/\/www.bullhorn.com\/nl\/?s={search_term_string}\"},\"query-input\":{\"@type\":\"PropertyValueSpecification\",\"valueRequired\":true,\"valueName\":\"search_term_string\"}}],\"inLanguage\":\"nl-NL\"},{\"@type\":\"Organization\",\"@id\":\"https:\/\/www.bullhorn.com\/nl\/#organization\",\"name\":\"Bullhorn\",\"url\":\"https:\/\/www.bullhorn.com\/nl\/\",\"logo\":{\"@type\":\"ImageObject\",\"inLanguage\":\"nl-NL\",\"@id\":\"https:\/\/www.bullhorn.com\/nl\/#\/schema\/logo\/image\/\",\"url\":\"https:\/\/www.bullhorn.com\/nl\/wp-content\/uploads\/sites\/10\/2021\/09\/og-img.png\",\"contentUrl\":\"https:\/\/www.bullhorn.com\/nl\/wp-content\/uploads\/sites\/10\/2021\/09\/og-img.png\",\"width\":1200,\"height\":628,\"caption\":\"Bullhorn\"},\"image\":{\"@id\":\"https:\/\/www.bullhorn.com\/nl\/#\/schema\/logo\/image\/\"},\"sameAs\":[\"https:\/\/www.facebook.com\/Bullhorn\/\",\"https:\/\/x.com\/Bullhorn\",\"https:\/\/www.instagram.com\/lifeatbullhorn\/?hl=nl\",\"https:\/\/www.linkedin.com\/company\/bullhorn\",\"https:\/\/www.youtube.com\/channel\/UC-Rgm5YxtoxsvlCHy6KW3Ug\",\"https:\/\/en.wikipedia.org\/wiki\/Bullhorn,_Inc.\"]}]}<\/script>\n<!-- \/ Yoast SEO plugin. -->","yoast_head_json":{"title":"2021 EngageX Europe opnames van de sessies - Bullhorn NL","description":"Bekijk on-demand de opnames van de sessies van Bullhorn EngageX Europe 2021. H\u00e9t recruitment event van het jaar.","robots":{"index":"index","follow":"follow","max-snippet":"max-snippet:-1","max-image-preview":"max-image-preview:large","max-video-preview":"max-video-preview:-1"},"canonical":"https:\/\/www.bullhorn.com\/nl\/2021-engagex-europe-opnames-van-de-sessies\/","og_locale":"nl_NL","og_type":"article","og_title":"2021 EngageX Europe opnames van de sessies - Bullhorn NL","og_description":"Bekijk on-demand de opnames van de sessies van Bullhorn EngageX Europe 2021. H\u00e9t recruitment event van het jaar.","og_url":"https:\/\/www.bullhorn.com\/nl\/2021-engagex-europe-opnames-van-de-sessies\/","og_site_name":"Bullhorn NL","article_publisher":"https:\/\/www.facebook.com\/Bullhorn\/","article_modified_time":"2024-11-06T09:49:21+00:00","og_image":[{"width":2560,"height":904,"url":"https:\/\/www.bullhorn.com\/nl\/wp-content\/uploads\/sites\/10\/2021\/10\/EngageXEurope_masthead-scaled.jpeg","type":"image\/jpeg"}],"twitter_card":"summary_large_image","twitter_site":"@Bullhorn","twitter_misc":{"Geschatte leestijd":"1 minuut"},"schema":{"@context":"https:\/\/schema.org","@graph":[{"@type":"WebPage","@id":"https:\/\/www.bullhorn.com\/nl\/2021-engagex-europe-opnames-van-de-sessies\/","url":"https:\/\/www.bullhorn.com\/nl\/2021-engagex-europe-opnames-van-de-sessies\/","name":"2021 EngageX Europe opnames van de sessies - Bullhorn NL","isPartOf":{"@id":"https:\/\/www.bullhorn.com\/nl\/#website"},"primaryImageOfPage":{"@id":"https:\/\/www.bullhorn.com\/nl\/2021-engagex-europe-opnames-van-de-sessies\/#primaryimage"},"image":{"@id":"https:\/\/www.bullhorn.com\/nl\/2021-engagex-europe-opnames-van-de-sessies\/#primaryimage"},"thumbnailUrl":"https:\/\/www.bullhorn.com\/nl\/wp-content\/uploads\/sites\/10\/2021\/10\/EngageXEurope_masthead-scaled.jpeg","datePublished":"2021-10-19T21:18:08+00:00","dateModified":"2024-11-06T09:49:21+00:00","description":"Bekijk on-demand de opnames van de sessies van Bullhorn EngageX Europe 2021. H\u00e9t recruitment event van het jaar.","breadcrumb":{"@id":"https:\/\/www.bullhorn.com\/nl\/2021-engagex-europe-opnames-van-de-sessies\/#breadcrumb"},"inLanguage":"nl-NL","potentialAction":[{"@type":"ReadAction","target":["https:\/\/www.bullhorn.com\/nl\/2021-engagex-europe-opnames-van-de-sessies\/"]}]},{"@type":"ImageObject","inLanguage":"nl-NL","@id":"https:\/\/www.bullhorn.com\/nl\/2021-engagex-europe-opnames-van-de-sessies\/#primaryimage","url":"https:\/\/www.bullhorn.com\/nl\/wp-content\/uploads\/sites\/10\/2021\/10\/EngageXEurope_masthead-scaled.jpeg","contentUrl":"https:\/\/www.bullhorn.com\/nl\/wp-content\/uploads\/sites\/10\/2021\/10\/EngageXEurope_masthead-scaled.jpeg","width":2560,"height":904},{"@type":"BreadcrumbList","@id":"https:\/\/www.bullhorn.com\/nl\/2021-engagex-europe-opnames-van-de-sessies\/#breadcrumb","itemListElement":[{"@type":"ListItem","position":1,"name":"Home","item":"https:\/\/www.bullhorn.com\/nl\/"},{"@type":"ListItem","position":2,"name":"2021 EngageX Europe opnames van de sessies"}]},{"@type":"WebSite","@id":"https:\/\/www.bullhorn.com\/nl\/#website","url":"https:\/\/www.bullhorn.com\/nl\/","name":"Bullhorn NL","description":"Just another Bullhorn Sites site","publisher":{"@id":"https:\/\/www.bullhorn.com\/nl\/#organization"},"potentialAction":[{"@type":"SearchAction","target":{"@type":"EntryPoint","urlTemplate":"https:\/\/www.bullhorn.com\/nl\/?s={search_term_string}"},"query-input":{"@type":"PropertyValueSpecification","valueRequired":true,"valueName":"search_term_string"}}],"inLanguage":"nl-NL"},{"@type":"Organization","@id":"https:\/\/www.bullhorn.com\/nl\/#organization","name":"Bullhorn","url":"https:\/\/www.bullhorn.com\/nl\/","logo":{"@type":"ImageObject","inLanguage":"nl-NL","@id":"https:\/\/www.bullhorn.com\/nl\/#\/schema\/logo\/image\/","url":"https:\/\/www.bullhorn.com\/nl\/wp-content\/uploads\/sites\/10\/2021\/09\/og-img.png","contentUrl":"https:\/\/www.bullhorn.com\/nl\/wp-content\/uploads\/sites\/10\/2021\/09\/og-img.png","width":1200,"height":628,"caption":"Bullhorn"},"image":{"@id":"https:\/\/www.bullhorn.com\/nl\/#\/schema\/logo\/image\/"},"sameAs":["https:\/\/www.facebook.com\/Bullhorn\/","https:\/\/x.com\/Bullhorn","https:\/\/www.instagram.com\/lifeatbullhorn\/?hl=nl","https:\/\/www.linkedin.com\/company\/bullhorn","https:\/\/www.youtube.com\/channel\/UC-Rgm5YxtoxsvlCHy6KW3Ug","https:\/\/en.wikipedia.org\/wiki\/Bullhorn,_Inc."]}]}},"grav_blocks":[{"acf_fc_layout":"columns","block_title":"","block_aria":"","block_subtitle":"","format":"","enable_box_shadow":false,"columns":[{"type":"wysiwyg","wysiwyg":"<h2>Breakouts in de Nederlandse track:<\/h2>\n","accordion_open_first_section":false,"accordion_multiple_open_sections":false,"accordion_items":false,"icon_list_items":false}],"block_background":"block-bg-none","block_background_video_type":"url","block_background_video_url":"","block_background_video_file":false,"block_background_image":false,"block_background_overlay":false,"unique_id":"","block_option_custom_class":"","block_animate":false,"block_option_padding":["block-options-padding-remove-bottom"],"block_option_hide":[],"bg_lower_slant_color":""},{"acf_fc_layout":"content-media","media_type":"image","image":{"ID":16143,"id":16143,"title":"EngageX_Wim_Davidse","filename":"EngageX_Wim_Davidse.png","filesize":158379,"url":"https:\/\/www.bullhorn.com\/nl\/wp-content\/uploads\/sites\/10\/2021\/10\/EngageX_Wim_Davidse.png","link":"https:\/\/www.bullhorn.com\/nl\/2021-engagex-europe-opnames-van-de-sessies\/engagex_wim_davidse\/","alt":"","author":"403","description":"","caption":"","name":"engagex_wim_davidse","status":"inherit","uploaded_to":16137,"date":"2021-10-18 19:57:08","modified":"2021-10-18 19:57:08","menu_order":0,"mime_type":"image\/png","type":"image","subtype":"png","icon":"https:\/\/www.bullhorn.com\/nl\/wp-includes\/images\/media\/default.png","width":400,"height":400,"sizes":{"thumbnail":"https:\/\/www.bullhorn.com\/nl\/wp-content\/uploads\/sites\/10\/2021\/10\/EngageX_Wim_Davidse-150x150.png","thumbnail-width":150,"thumbnail-height":150,"medium":"https:\/\/www.bullhorn.com\/nl\/wp-content\/uploads\/sites\/10\/2021\/10\/EngageX_Wim_Davidse-300x300.png","medium-width":300,"medium-height":300,"medium_large":"https:\/\/www.bullhorn.com\/nl\/wp-content\/uploads\/sites\/10\/2021\/10\/EngageX_Wim_Davidse.png","medium_large-width":400,"medium_large-height":400,"large":"https:\/\/www.bullhorn.com\/nl\/wp-content\/uploads\/sites\/10\/2021\/10\/EngageX_Wim_Davidse.png","large-width":400,"large-height":400,"1536x1536":"https:\/\/www.bullhorn.com\/nl\/wp-content\/uploads\/sites\/10\/2021\/10\/EngageX_Wim_Davidse.png","1536x1536-width":400,"1536x1536-height":400,"2048x2048":"https:\/\/www.bullhorn.com\/nl\/wp-content\/uploads\/sites\/10\/2021\/10\/EngageX_Wim_Davidse.png","2048x2048-width":400,"2048x2048-height":400,"post-thumbnail":"https:\/\/www.bullhorn.com\/nl\/wp-content\/uploads\/sites\/10\/2021\/10\/EngageX_Wim_Davidse-300x300.png","post-thumbnail-width":300,"post-thumbnail-height":300,"small":"https:\/\/www.bullhorn.com\/nl\/wp-content\/uploads\/sites\/10\/2021\/10\/EngageX_Wim_Davidse-300x300.png","small-width":300,"small-height":300,"xlarge":"https:\/\/www.bullhorn.com\/nl\/wp-content\/uploads\/sites\/10\/2021\/10\/EngageX_Wim_Davidse.png","xlarge-width":400,"xlarge-height":400,"insight-of-the-week":"https:\/\/www.bullhorn.com\/nl\/wp-content\/uploads\/sites\/10\/2021\/10\/EngageX_Wim_Davidse.png","insight-of-the-week-width":377,"insight-of-the-week-height":377,"insight-icons":"https:\/\/www.bullhorn.com\/nl\/wp-content\/uploads\/sites\/10\/2021\/10\/EngageX_Wim_Davidse.png","insight-icons-width":83,"insight-icons-height":83,"insight-research-image":"https:\/\/www.bullhorn.com\/nl\/wp-content\/uploads\/sites\/10\/2021\/10\/EngageX_Wim_Davidse.png","insight-research-image-width":220,"insight-research-image-height":220,"insight-featured-articles-thumbnail":"https:\/\/www.bullhorn.com\/nl\/wp-content\/uploads\/sites\/10\/2021\/10\/EngageX_Wim_Davidse.png","insight-featured-articles-thumbnail-width":164,"insight-featured-articles-thumbnail-height":164,"insight-logo":"https:\/\/www.bullhorn.com\/nl\/wp-content\/uploads\/sites\/10\/2021\/10\/EngageX_Wim_Davidse.png","insight-logo-width":178,"insight-logo-height":178}},"video_url":"","embed_code":"","image_placement":"left","image_size":"4","image_box_shadow":false,"background_shape":"","background_shape_position":"left","parallax_fx":false,"block_aria":"","link_type":"none","link_page":null,"link_url":"","link_file":false,"link_video":"","link_aria":"","content":"<h3><strong>Succes met flex in de Radicale Jaren \u201920:<br \/>\ntransformeer naar flexbureau 4.0<\/strong><\/h3>\n<p>Voor corona stond de flexbranche voor grote uitdagingen, om maar een super-kwartet te noemen: krapte, digitalisering, platformisering en wet- en regelgeving. Toen zette corona grote delen van onze economie stil \u2013 en de turbo op de ontwrichtend nieuwe toekomst: die van de 4e Industri\u00eble Revolutie (4IR). Okee, sinds afgelopen voorjaar is er op bijna alle fronten stevig herstel zichtbaar, maar wat zijn nu de verwachtingen voor 2022 en verder? Na een wrap-up van de bijzondere, historisch unieke stand van flex-zaken en een update van de 4 grote golven van de 4IR zoomen we in op twee grote vragen: Wat zijn de nieuwe mogelijkheden voor uitzend- en detacheringsbureaus? En hoe transformeer je naar dat flexbureau 4.0 \u2013 helemaal klaar voor succes in de 4IR?<\/p>\n<p><a class=\"button button--orange\" href=\"#form\">Bekijk de opname<\/a><\/p>\n","block_background":"block-bg-none","block_background_video_type":"url","block_background_video_url":"","block_background_video_file":false,"block_background_image":false,"block_background_overlay":false,"unique_id":"","block_option_custom_class":"","block_animate":true,"block_option_padding":[],"block_option_hide":[]},{"acf_fc_layout":"content-media","media_type":"image","image":{"ID":16149,"id":16149,"title":"engagex-europe2021-2","filename":"engagex-europe2021-2.png","filesize":619136,"url":"https:\/\/www.bullhorn.com\/nl\/wp-content\/uploads\/sites\/10\/2021\/10\/engagex-europe2021-2.png","link":"https:\/\/www.bullhorn.com\/nl\/2021-engagex-europe-opnames-van-de-sessies\/engagex-europe2021-2\/","alt":"","author":"403","description":"","caption":"","name":"engagex-europe2021-2","status":"inherit","uploaded_to":16137,"date":"2021-10-18 21:08:39","modified":"2021-10-18 21:08:39","menu_order":0,"mime_type":"image\/png","type":"image","subtype":"png","icon":"https:\/\/www.bullhorn.com\/nl\/wp-includes\/images\/media\/default.png","width":800,"height":800,"sizes":{"thumbnail":"https:\/\/www.bullhorn.com\/nl\/wp-content\/uploads\/sites\/10\/2021\/10\/engagex-europe2021-2-150x150.png","thumbnail-width":150,"thumbnail-height":150,"medium":"https:\/\/www.bullhorn.com\/nl\/wp-content\/uploads\/sites\/10\/2021\/10\/engagex-europe2021-2-300x300.png","medium-width":300,"medium-height":300,"medium_large":"https:\/\/www.bullhorn.com\/nl\/wp-content\/uploads\/sites\/10\/2021\/10\/engagex-europe2021-2-768x768.png","medium_large-width":768,"medium_large-height":768,"large":"https:\/\/www.bullhorn.com\/nl\/wp-content\/uploads\/sites\/10\/2021\/10\/engagex-europe2021-2.png","large-width":800,"large-height":800,"1536x1536":"https:\/\/www.bullhorn.com\/nl\/wp-content\/uploads\/sites\/10\/2021\/10\/engagex-europe2021-2.png","1536x1536-width":800,"1536x1536-height":800,"2048x2048":"https:\/\/www.bullhorn.com\/nl\/wp-content\/uploads\/sites\/10\/2021\/10\/engagex-europe2021-2.png","2048x2048-width":800,"2048x2048-height":800,"post-thumbnail":"https:\/\/www.bullhorn.com\/nl\/wp-content\/uploads\/sites\/10\/2021\/10\/engagex-europe2021-2-300x300.png","post-thumbnail-width":300,"post-thumbnail-height":300,"small":"https:\/\/www.bullhorn.com\/nl\/wp-content\/uploads\/sites\/10\/2021\/10\/engagex-europe2021-2-300x300.png","small-width":300,"small-height":300,"xlarge":"https:\/\/www.bullhorn.com\/nl\/wp-content\/uploads\/sites\/10\/2021\/10\/engagex-europe2021-2.png","xlarge-width":800,"xlarge-height":800,"insight-of-the-week":"https:\/\/www.bullhorn.com\/nl\/wp-content\/uploads\/sites\/10\/2021\/10\/engagex-europe2021-2.png","insight-of-the-week-width":377,"insight-of-the-week-height":377,"insight-icons":"https:\/\/www.bullhorn.com\/nl\/wp-content\/uploads\/sites\/10\/2021\/10\/engagex-europe2021-2.png","insight-icons-width":83,"insight-icons-height":83,"insight-research-image":"https:\/\/www.bullhorn.com\/nl\/wp-content\/uploads\/sites\/10\/2021\/10\/engagex-europe2021-2.png","insight-research-image-width":220,"insight-research-image-height":220,"insight-featured-articles-thumbnail":"https:\/\/www.bullhorn.com\/nl\/wp-content\/uploads\/sites\/10\/2021\/10\/engagex-europe2021-2.png","insight-featured-articles-thumbnail-width":164,"insight-featured-articles-thumbnail-height":164,"insight-logo":"https:\/\/www.bullhorn.com\/nl\/wp-content\/uploads\/sites\/10\/2021\/10\/engagex-europe2021-2.png","insight-logo-width":178,"insight-logo-height":178}},"video_url":"","embed_code":"","image_placement":"right","image_size":"4","image_box_shadow":false,"background_shape":"","background_shape_position":"left","parallax_fx":false,"block_aria":"","link_type":"none","link_page":null,"link_url":"","link_file":false,"link_video":"","link_aria":"","content":"<h3><strong>Hoe draagt een toekomstig applicatielandschap optimaal bij aan het verhogen van bedrijfsdoelstellingen?<\/strong><\/h3>\n<p>In het huidige landschap van recruitment specifieke applicaties zijn eindeloos veel keuzes te maken. De impact van data bij het vinden van de juiste kandidaat en klant is groot en zal de komende jaren alleen maar toenemen. Waar moet je aan denken bij het kiezen van de juiste applicaties? En hoe zullen de gekozen applicaties gaan bijdragen aan het behalen van de strategische doelstellingen van de organisatie, nu en in de toekomst. Welke rol speelt data in het behalen van deze doelstellingen en hoe zorg je ervoor dat data daarbij optimaal kan worden ingezet?<\/p>\n<p>Enkele van vele vragen die we tijdens deze discussie zullen beantwoorden. Bekijk deze sessie met Bart Alberink van Bullhorn waarin hij in gesprek gaat met Wim Van Meerbeeck, oprichter van HRlinkIT en Minggo, Luc Burgelman, oprichter en CEO van Madison Partners en Partner en co-founder van Inacco en Stijn Wyndaele, Enterprising Partner &amp; Co-Founder van Scalefactory, over best practices rondom de tech stack van de toekomst.<\/p>\n<p><a class=\"button button--orange\" href=\"#form\">Bekijk de opname<\/a><\/p>\n","block_background":"block-bg-none","block_background_video_type":"url","block_background_video_url":"","block_background_video_file":false,"block_background_image":false,"block_background_overlay":false,"unique_id":"","block_option_custom_class":"","block_animate":true,"block_option_padding":[],"block_option_hide":[]},{"acf_fc_layout":"content-media","media_type":"image","image":{"ID":16150,"id":16150,"title":"engagex-europe2021-3","filename":"engagex-europe2021-3.png","filesize":457619,"url":"https:\/\/www.bullhorn.com\/nl\/wp-content\/uploads\/sites\/10\/2021\/10\/engagex-europe2021-3.png","link":"https:\/\/www.bullhorn.com\/nl\/2021-engagex-europe-opnames-van-de-sessies\/engagex-europe2021-3\/","alt":"","author":"403","description":"","caption":"","name":"engagex-europe2021-3","status":"inherit","uploaded_to":16137,"date":"2021-10-18 21:11:14","modified":"2021-10-18 21:11:14","menu_order":0,"mime_type":"image\/png","type":"image","subtype":"png","icon":"https:\/\/www.bullhorn.com\/nl\/wp-includes\/images\/media\/default.png","width":800,"height":800,"sizes":{"thumbnail":"https:\/\/www.bullhorn.com\/nl\/wp-content\/uploads\/sites\/10\/2021\/10\/engagex-europe2021-3-150x150.png","thumbnail-width":150,"thumbnail-height":150,"medium":"https:\/\/www.bullhorn.com\/nl\/wp-content\/uploads\/sites\/10\/2021\/10\/engagex-europe2021-3-300x300.png","medium-width":300,"medium-height":300,"medium_large":"https:\/\/www.bullhorn.com\/nl\/wp-content\/uploads\/sites\/10\/2021\/10\/engagex-europe2021-3-768x768.png","medium_large-width":768,"medium_large-height":768,"large":"https:\/\/www.bullhorn.com\/nl\/wp-content\/uploads\/sites\/10\/2021\/10\/engagex-europe2021-3.png","large-width":800,"large-height":800,"1536x1536":"https:\/\/www.bullhorn.com\/nl\/wp-content\/uploads\/sites\/10\/2021\/10\/engagex-europe2021-3.png","1536x1536-width":800,"1536x1536-height":800,"2048x2048":"https:\/\/www.bullhorn.com\/nl\/wp-content\/uploads\/sites\/10\/2021\/10\/engagex-europe2021-3.png","2048x2048-width":800,"2048x2048-height":800,"post-thumbnail":"https:\/\/www.bullhorn.com\/nl\/wp-content\/uploads\/sites\/10\/2021\/10\/engagex-europe2021-3-300x300.png","post-thumbnail-width":300,"post-thumbnail-height":300,"small":"https:\/\/www.bullhorn.com\/nl\/wp-content\/uploads\/sites\/10\/2021\/10\/engagex-europe2021-3-300x300.png","small-width":300,"small-height":300,"xlarge":"https:\/\/www.bullhorn.com\/nl\/wp-content\/uploads\/sites\/10\/2021\/10\/engagex-europe2021-3.png","xlarge-width":800,"xlarge-height":800,"insight-of-the-week":"https:\/\/www.bullhorn.com\/nl\/wp-content\/uploads\/sites\/10\/2021\/10\/engagex-europe2021-3.png","insight-of-the-week-width":377,"insight-of-the-week-height":377,"insight-icons":"https:\/\/www.bullhorn.com\/nl\/wp-content\/uploads\/sites\/10\/2021\/10\/engagex-europe2021-3.png","insight-icons-width":83,"insight-icons-height":83,"insight-research-image":"https:\/\/www.bullhorn.com\/nl\/wp-content\/uploads\/sites\/10\/2021\/10\/engagex-europe2021-3.png","insight-research-image-width":220,"insight-research-image-height":220,"insight-featured-articles-thumbnail":"https:\/\/www.bullhorn.com\/nl\/wp-content\/uploads\/sites\/10\/2021\/10\/engagex-europe2021-3.png","insight-featured-articles-thumbnail-width":164,"insight-featured-articles-thumbnail-height":164,"insight-logo":"https:\/\/www.bullhorn.com\/nl\/wp-content\/uploads\/sites\/10\/2021\/10\/engagex-europe2021-3.png","insight-logo-width":178,"insight-logo-height":178}},"video_url":"","embed_code":"","image_placement":"left","image_size":"4","image_box_shadow":false,"background_shape":"","background_shape_position":"left","parallax_fx":false,"block_aria":"","link_type":"none","link_page":null,"link_url":"","link_file":false,"link_video":"","link_aria":"","content":"<h3><strong>Dingen die je kunt doen met automation die je nog niet wist<\/strong><\/h3>\n<p>Of je nu nog nooit hebt gewerkt met Herefish of al een echte pro bent, deze sessie wil je niet missen. Onze Nederlanstalige Bullhorn automation expert Luc van der Voorn geeft je alle ins en outs over Herefish en wat je ermee kunt die je hoogstwaarschijnlijk nog niet wist. Ontdek in deze sessie hoe je interne surveys uitstuurt, het aanmaken van candidate records automatiseert, best practices in de hele organisatie implementeert, dynamische knock-out vragen opzet om automatisch kandidaten door het sollicitatieproces te laten lopen en nog veel meer! Onze automation use cases zijn eindeloos, maar \u00e9\u00e9n ding is zeker: na deze sessie heb je frisse, nieuwe idee\u00ebn over hoe je recruitment automation kunt inzetten binnen de organisatie.<\/p>\n<p><a class=\"button button--orange\" href=\"#form\">Bekijk de opname<\/a><\/p>\n","block_background":"block-bg-none","block_background_video_type":"url","block_background_video_url":"","block_background_video_file":false,"block_background_image":false,"block_background_overlay":false,"unique_id":"","block_option_custom_class":"","block_animate":true,"block_option_padding":[],"block_option_hide":[]}],"_links":{"self":[{"href":"https:\/\/www.bullhorn.com\/nl\/wp-json\/wp\/v2\/pages\/16137","targetHints":{"allow":["GET"]}}],"collection":[{"href":"https:\/\/www.bullhorn.com\/nl\/wp-json\/wp\/v2\/pages"}],"about":[{"href":"https:\/\/www.bullhorn.com\/nl\/wp-json\/wp\/v2\/types\/page"}],"author":[{"embeddable":true,"href":"https:\/\/www.bullhorn.com\/nl\/wp-json\/wp\/v2\/users\/403"}],"replies":[{"embeddable":true,"href":"https:\/\/www.bullhorn.com\/nl\/wp-json\/wp\/v2\/comments?post=16137"}],"version-history":[{"count":21,"href":"https:\/\/www.bullhorn.com\/nl\/wp-json\/wp\/v2\/pages\/16137\/revisions"}],"predecessor-version":[{"id":16201,"href":"https:\/\/www.bullhorn.com\/nl\/wp-json\/wp\/v2\/pages\/16137\/revisions\/16201"}],"wp:featuredmedia":[{"embeddable":true,"href":"https:\/\/www.bullhorn.com\/nl\/wp-json\/wp\/v2\/media\/16211"}],"wp:attachment":[{"href":"https:\/\/www.bullhorn.com\/nl\/wp-json\/wp\/v2\/media?parent=16137"}],"curies":[{"name":"wp","href":"https:\/\/api.w.org\/{rel}","templated":true}]}}