{"id":22305,"date":"2026-03-20T15:02:40","date_gmt":"2026-03-20T14:02:40","guid":{"rendered":"https:\/\/www.bullhorn.com\/nl\/?page_id=22305"},"modified":"2026-03-20T15:07:18","modified_gmt":"2026-03-20T14:07:18","slug":"squarecity-technologie-als-strategische-ruggengraat-voor-duurzame-groei","status":"publish","type":"page","link":"https:\/\/www.bullhorn.com\/nl\/squarecity-technologie-als-strategische-ruggengraat-voor-duurzame-groei\/","title":{"rendered":"Technologie als strategische ruggengraat voor duurzame groei"},"content":{"rendered":"","protected":false},"excerpt":{"rendered":"<p>Als middelgroot bureau opboksen tegen de bekende bureaus. VONDERS doet het. Lees in het klantverhaal hoe zij slimme recruitment software inzetten om succes te behalen.<\/p>\n","protected":false},"author":538,"featured_media":0,"parent":0,"menu_order":0,"comment_status":"closed","ping_status":"closed","template":"","meta":{"_acf_changed":false,"om_disable_all_campaigns":false},"class_list":["post-22305","page","type-page","status-publish","hentry"],"acf":[],"yoast_head":"<!-- This site is optimized with the Yoast SEO plugin v27.2 - https:\/\/yoast.com\/product\/yoast-seo-wordpress\/ -->\n<title>Bullhorn&#039;s technologie als strategische ruggengraat voor duurzame groei<\/title>\n<meta name=\"description\" content=\"SQUARE CITY is een Antwerpse specialist in werving &amp; selectie en temp solutions binnen vier duidelijke domeinen: logistics &amp; supply chain, general office &amp; sales, engineering &amp; technics en finance. Wat vijftien jaar geleden begon als een ambitieuze kmo, is vandaag een organisatie met een uitgesproken visie: recruitment moet m\u00e9\u00e9r zijn dan het invullen van vacatures. Het moet bijdragen aan duurzame carri\u00e8reontwikkeling en aan groei van organisaties. Om die ambitie waar te maken, koos SQUARE CITY bewust voor een technologische strategie waarin data, automatisering en inzicht centraal staan. Met het Bullhorn Platform bouwde de organisatie een schaalbaar platform dat hen ondersteunt in een markt die steeds transparanter en competitiever wordt.\" \/>\n<meta name=\"robots\" content=\"index, follow, max-snippet:-1, max-image-preview:large, max-video-preview:-1\" \/>\n<link rel=\"canonical\" href=\"https:\/\/www.bullhorn.com\/nl\/squarecity-technologie-als-strategische-ruggengraat-voor-duurzame-groei\/\" \/>\n<meta property=\"og:locale\" content=\"nl_NL\" \/>\n<meta property=\"og:type\" content=\"article\" \/>\n<meta property=\"og:title\" content=\"Bullhorn&#039;s technologie als strategische ruggengraat voor duurzame groei\" \/>\n<meta property=\"og:description\" content=\"SQUARE CITY is een Antwerpse specialist in werving &amp; selectie en temp solutions binnen vier duidelijke domeinen: logistics &amp; supply chain, general office &amp; sales, engineering &amp; technics en finance. Wat vijftien jaar geleden begon als een ambitieuze kmo, is vandaag een organisatie met een uitgesproken visie: recruitment moet m\u00e9\u00e9r zijn dan het invullen van vacatures. Het moet bijdragen aan duurzame carri\u00e8reontwikkeling en aan groei van organisaties. Om die ambitie waar te maken, koos SQUARE CITY bewust voor een technologische strategie waarin data, automatisering en inzicht centraal staan. Met het Bullhorn Platform bouwde de organisatie een schaalbaar platform dat hen ondersteunt in een markt die steeds transparanter en competitiever wordt.\" \/>\n<meta property=\"og:url\" content=\"https:\/\/www.bullhorn.com\/nl\/squarecity-technologie-als-strategische-ruggengraat-voor-duurzame-groei\/\" \/>\n<meta property=\"og:site_name\" content=\"Bullhorn NL\" \/>\n<meta property=\"article:publisher\" content=\"https:\/\/www.facebook.com\/Bullhorn\/\" \/>\n<meta property=\"article:modified_time\" content=\"2026-03-20T14:07:18+00:00\" \/>\n<meta name=\"twitter:card\" content=\"summary_large_image\" \/>\n<meta name=\"twitter:site\" content=\"@Bullhorn\" \/>\n<script type=\"application\/ld+json\" class=\"yoast-schema-graph\">{\"@context\":\"https:\/\/schema.org\",\"@graph\":[{\"@type\":\"WebPage\",\"@id\":\"https:\/\/www.bullhorn.com\/nl\/squarecity-technologie-als-strategische-ruggengraat-voor-duurzame-groei\/\",\"url\":\"https:\/\/www.bullhorn.com\/nl\/squarecity-technologie-als-strategische-ruggengraat-voor-duurzame-groei\/\",\"name\":\"Bullhorn's technologie als strategische ruggengraat voor duurzame groei\",\"isPartOf\":{\"@id\":\"https:\/\/www.bullhorn.com\/nl\/#website\"},\"datePublished\":\"2026-03-20T14:02:40+00:00\",\"dateModified\":\"2026-03-20T14:07:18+00:00\",\"description\":\"SQUARE CITY is een Antwerpse specialist in werving & selectie en temp solutions binnen vier duidelijke domeinen: logistics & supply chain, general office & sales, engineering & technics en finance. Wat vijftien jaar geleden begon als een ambitieuze kmo, is vandaag een organisatie met een uitgesproken visie: recruitment moet m\u00e9\u00e9r zijn dan het invullen van vacatures. Het moet bijdragen aan duurzame carri\u00e8reontwikkeling en aan groei van organisaties. Om die ambitie waar te maken, koos SQUARE CITY bewust voor een technologische strategie waarin data, automatisering en inzicht centraal staan. Met het Bullhorn Platform bouwde de organisatie een schaalbaar platform dat hen ondersteunt in een markt die steeds transparanter en competitiever wordt.\",\"breadcrumb\":{\"@id\":\"https:\/\/www.bullhorn.com\/nl\/squarecity-technologie-als-strategische-ruggengraat-voor-duurzame-groei\/#breadcrumb\"},\"inLanguage\":\"nl-NL\",\"potentialAction\":[{\"@type\":\"ReadAction\",\"target\":[\"https:\/\/www.bullhorn.com\/nl\/squarecity-technologie-als-strategische-ruggengraat-voor-duurzame-groei\/\"]}]},{\"@type\":\"BreadcrumbList\",\"@id\":\"https:\/\/www.bullhorn.com\/nl\/squarecity-technologie-als-strategische-ruggengraat-voor-duurzame-groei\/#breadcrumb\",\"itemListElement\":[{\"@type\":\"ListItem\",\"position\":1,\"name\":\"Home\",\"item\":\"https:\/\/www.bullhorn.com\/nl\/\"},{\"@type\":\"ListItem\",\"position\":2,\"name\":\"Technologie als strategische ruggengraat voor duurzame groei\"}]},{\"@type\":\"WebSite\",\"@id\":\"https:\/\/www.bullhorn.com\/nl\/#website\",\"url\":\"https:\/\/www.bullhorn.com\/nl\/\",\"name\":\"Bullhorn NL\",\"description\":\"Just another Bullhorn Sites site\",\"publisher\":{\"@id\":\"https:\/\/www.bullhorn.com\/nl\/#organization\"},\"potentialAction\":[{\"@type\":\"SearchAction\",\"target\":{\"@type\":\"EntryPoint\",\"urlTemplate\":\"https:\/\/www.bullhorn.com\/nl\/?s={search_term_string}\"},\"query-input\":{\"@type\":\"PropertyValueSpecification\",\"valueRequired\":true,\"valueName\":\"search_term_string\"}}],\"inLanguage\":\"nl-NL\"},{\"@type\":\"Organization\",\"@id\":\"https:\/\/www.bullhorn.com\/nl\/#organization\",\"name\":\"Bullhorn\",\"url\":\"https:\/\/www.bullhorn.com\/nl\/\",\"logo\":{\"@type\":\"ImageObject\",\"inLanguage\":\"nl-NL\",\"@id\":\"https:\/\/www.bullhorn.com\/nl\/#\/schema\/logo\/image\/\",\"url\":\"https:\/\/www.bullhorn.com\/nl\/wp-content\/uploads\/sites\/10\/2021\/09\/og-img.png\",\"contentUrl\":\"https:\/\/www.bullhorn.com\/nl\/wp-content\/uploads\/sites\/10\/2021\/09\/og-img.png\",\"width\":1200,\"height\":628,\"caption\":\"Bullhorn\"},\"image\":{\"@id\":\"https:\/\/www.bullhorn.com\/nl\/#\/schema\/logo\/image\/\"},\"sameAs\":[\"https:\/\/www.facebook.com\/Bullhorn\/\",\"https:\/\/x.com\/Bullhorn\",\"https:\/\/www.instagram.com\/lifeatbullhorn\/?hl=nl\",\"https:\/\/www.linkedin.com\/company\/bullhorn\",\"https:\/\/www.youtube.com\/channel\/UC-Rgm5YxtoxsvlCHy6KW3Ug\",\"https:\/\/en.wikipedia.org\/wiki\/Bullhorn,_Inc.\"]}]}<\/script>\n<!-- \/ Yoast SEO plugin. -->","yoast_head_json":{"title":"Bullhorn's technologie als strategische ruggengraat voor duurzame groei","description":"SQUARE CITY is een Antwerpse specialist in werving & selectie en temp solutions binnen vier duidelijke domeinen: logistics & supply chain, general office & sales, engineering & technics en finance. Wat vijftien jaar geleden begon als een ambitieuze kmo, is vandaag een organisatie met een uitgesproken visie: recruitment moet m\u00e9\u00e9r zijn dan het invullen van vacatures. Het moet bijdragen aan duurzame carri\u00e8reontwikkeling en aan groei van organisaties. Om die ambitie waar te maken, koos SQUARE CITY bewust voor een technologische strategie waarin data, automatisering en inzicht centraal staan. Met het Bullhorn Platform bouwde de organisatie een schaalbaar platform dat hen ondersteunt in een markt die steeds transparanter en competitiever wordt.","robots":{"index":"index","follow":"follow","max-snippet":"max-snippet:-1","max-image-preview":"max-image-preview:large","max-video-preview":"max-video-preview:-1"},"canonical":"https:\/\/www.bullhorn.com\/nl\/squarecity-technologie-als-strategische-ruggengraat-voor-duurzame-groei\/","og_locale":"nl_NL","og_type":"article","og_title":"Bullhorn's technologie als strategische ruggengraat voor duurzame groei","og_description":"SQUARE CITY is een Antwerpse specialist in werving & selectie en temp solutions binnen vier duidelijke domeinen: logistics & supply chain, general office & sales, engineering & technics en finance. Wat vijftien jaar geleden begon als een ambitieuze kmo, is vandaag een organisatie met een uitgesproken visie: recruitment moet m\u00e9\u00e9r zijn dan het invullen van vacatures. Het moet bijdragen aan duurzame carri\u00e8reontwikkeling en aan groei van organisaties. Om die ambitie waar te maken, koos SQUARE CITY bewust voor een technologische strategie waarin data, automatisering en inzicht centraal staan. Met het Bullhorn Platform bouwde de organisatie een schaalbaar platform dat hen ondersteunt in een markt die steeds transparanter en competitiever wordt.","og_url":"https:\/\/www.bullhorn.com\/nl\/squarecity-technologie-als-strategische-ruggengraat-voor-duurzame-groei\/","og_site_name":"Bullhorn NL","article_publisher":"https:\/\/www.facebook.com\/Bullhorn\/","article_modified_time":"2026-03-20T14:07:18+00:00","twitter_card":"summary_large_image","twitter_site":"@Bullhorn","schema":{"@context":"https:\/\/schema.org","@graph":[{"@type":"WebPage","@id":"https:\/\/www.bullhorn.com\/nl\/squarecity-technologie-als-strategische-ruggengraat-voor-duurzame-groei\/","url":"https:\/\/www.bullhorn.com\/nl\/squarecity-technologie-als-strategische-ruggengraat-voor-duurzame-groei\/","name":"Bullhorn's technologie als strategische ruggengraat voor duurzame groei","isPartOf":{"@id":"https:\/\/www.bullhorn.com\/nl\/#website"},"datePublished":"2026-03-20T14:02:40+00:00","dateModified":"2026-03-20T14:07:18+00:00","description":"SQUARE CITY is een Antwerpse specialist in werving & selectie en temp solutions binnen vier duidelijke domeinen: logistics & supply chain, general office & sales, engineering & technics en finance. Wat vijftien jaar geleden begon als een ambitieuze kmo, is vandaag een organisatie met een uitgesproken visie: recruitment moet m\u00e9\u00e9r zijn dan het invullen van vacatures. Het moet bijdragen aan duurzame carri\u00e8reontwikkeling en aan groei van organisaties. Om die ambitie waar te maken, koos SQUARE CITY bewust voor een technologische strategie waarin data, automatisering en inzicht centraal staan. Met het Bullhorn Platform bouwde de organisatie een schaalbaar platform dat hen ondersteunt in een markt die steeds transparanter en competitiever wordt.","breadcrumb":{"@id":"https:\/\/www.bullhorn.com\/nl\/squarecity-technologie-als-strategische-ruggengraat-voor-duurzame-groei\/#breadcrumb"},"inLanguage":"nl-NL","potentialAction":[{"@type":"ReadAction","target":["https:\/\/www.bullhorn.com\/nl\/squarecity-technologie-als-strategische-ruggengraat-voor-duurzame-groei\/"]}]},{"@type":"BreadcrumbList","@id":"https:\/\/www.bullhorn.com\/nl\/squarecity-technologie-als-strategische-ruggengraat-voor-duurzame-groei\/#breadcrumb","itemListElement":[{"@type":"ListItem","position":1,"name":"Home","item":"https:\/\/www.bullhorn.com\/nl\/"},{"@type":"ListItem","position":2,"name":"Technologie als strategische ruggengraat voor duurzame groei"}]},{"@type":"WebSite","@id":"https:\/\/www.bullhorn.com\/nl\/#website","url":"https:\/\/www.bullhorn.com\/nl\/","name":"Bullhorn NL","description":"Just another Bullhorn Sites site","publisher":{"@id":"https:\/\/www.bullhorn.com\/nl\/#organization"},"potentialAction":[{"@type":"SearchAction","target":{"@type":"EntryPoint","urlTemplate":"https:\/\/www.bullhorn.com\/nl\/?s={search_term_string}"},"query-input":{"@type":"PropertyValueSpecification","valueRequired":true,"valueName":"search_term_string"}}],"inLanguage":"nl-NL"},{"@type":"Organization","@id":"https:\/\/www.bullhorn.com\/nl\/#organization","name":"Bullhorn","url":"https:\/\/www.bullhorn.com\/nl\/","logo":{"@type":"ImageObject","inLanguage":"nl-NL","@id":"https:\/\/www.bullhorn.com\/nl\/#\/schema\/logo\/image\/","url":"https:\/\/www.bullhorn.com\/nl\/wp-content\/uploads\/sites\/10\/2021\/09\/og-img.png","contentUrl":"https:\/\/www.bullhorn.com\/nl\/wp-content\/uploads\/sites\/10\/2021\/09\/og-img.png","width":1200,"height":628,"caption":"Bullhorn"},"image":{"@id":"https:\/\/www.bullhorn.com\/nl\/#\/schema\/logo\/image\/"},"sameAs":["https:\/\/www.facebook.com\/Bullhorn\/","https:\/\/x.com\/Bullhorn","https:\/\/www.instagram.com\/lifeatbullhorn\/?hl=nl","https:\/\/www.linkedin.com\/company\/bullhorn","https:\/\/www.youtube.com\/channel\/UC-Rgm5YxtoxsvlCHy6KW3Ug","https:\/\/en.wikipedia.org\/wiki\/Bullhorn,_Inc."]}]}},"grav_blocks":[{"acf_fc_layout":"content-icon-box","icon":"shapes-solid\/lightning","icon_color":"yellow","icon_alignment":"left","background_shape":"","parallax_fx":true,"title":"De Uitdaging","block_aria":"","content":"<h4>Presteren in een markt die sneller en transparanter wordt<\/h4>\n<p>De staffingmarkt is de afgelopen jaren sterk veranderd. Klanten verwachten snelheid en kwaliteit tegelijk. Kandidaten zijn kritischer. Marges staan onder druk. Tegelijkertijd is performance meetbaarder dan ooit. Voor SQUARE CITY betekende dit dat intu\u00eftief werken niet langer volstond. Als relatief compacte organisatie moesten zij slimmer opereren dan grotere spelers. De vraag was niet hoe ze konden besparen, maar hoe ze hun dienstverlening structureel konden versterken. Daarbij speelde schaalbaarheid een belangrijke rol. Met een team van circa 15 medewerkers en de ambitie om verder te groeien, was een toekomstbestendig platform nodig dat meebeweegt met de organisatie. Niet alleen een registratiesysteem, maar een oplossing die inzicht geeft in prestaties, conversies en kwaliteit.<\/p>\n","links_title":"Related Products","links":false,"block_background":"bg-blue","block_background_video_type":"url","block_background_video_url":"","block_background_video_file":false,"block_background_image":false,"block_background_overlay":false,"unique_id":"","block_option_custom_class":"","block_animate":false,"block_option_padding":[],"block_option_hide":[],"bg_lower_slant_color":""},{"acf_fc_layout":"content-icon-box","icon":"shapes-solid\/heart","icon_color":"purple","icon_alignment":"right","background_shape":"","parallax_fx":true,"title":"De Oplossing","block_aria":"","content":"<h3>Een gefaseerde implementatie van het Bullhorn Platform<\/h3>\n<p>Na een internationale HR en AI conferentie werd duidelijk dat data en AI een structurele rol zouden spelen in recruitment. SQUARE CITY ging op zoek naar een partner die hen kon ondersteunen in zowel procesoptimalisatie als performance inzicht.\u00a0 Die keuze viel op Bullhorn Platform met Automation, Textkernel\u2019s Search &amp; Match en MIQ. De doorslaggevende factoren waren het modulaire karakter, de schaalbaarheid en de mogelijkheid om stapsgewijs te implementeren.<\/p>\n<p>&nbsp;<\/p>\n<p>De implementatie werd bewust in vier fasen opgebouwd.<\/p>\n<p>1. Fundament: databank en processtructuur<\/p>\n<p style=\"padding-left: 40px\">De eerste stap was het optimaliseren van de databank en het structureren van processen binnen Bullhorn. Met ondersteuning van een implementatiepartner werd de basis opnieuw ingericht.<\/p>\n<p style=\"padding-left: 40px\">Data werd hierbij niet langer gezien als administratieve verplichting, maar als strategische asset. Alle activiteiten van consultants werden consequent vastgelegd en gestandaardiseerd, zodat informatie herbruikbaar en analyseerbaar werd.<\/p>\n<p>2. Automatisering en AI ondersteuning<\/p>\n<p style=\"padding-left: 40px\">In de tweede fase werden automatiseringslagen toegevoegd. Communicatie met kandidaten werd effici\u00ebnter ingericht en search &amp; match processen werden ondersteund met AI tools.<\/p>\n<p style=\"padding-left: 40px\">Bullhorn evolueerde van registratiesysteem naar actieve workflow ondersteuning. Consultants ontvangen gerichte suggesties op basis van beschikbare data, wat zorgt voor snellere en beter onderbouwde matches.<\/p>\n<p>3. Volledige telefonie-integratie via Ringover<\/p>\n<p style=\"padding-left: 40px\">Transparantie in communicatie werd versterkt door integratie van Ringover met Bullhorn. Gesprekken worden automatisch gelogd en getranscribeerd, waarna actiepunten direct in het ATS worden vastgelegd.<\/p>\n<p style=\"padding-left: 40px\">Ook mobiele gesprekken worden automatisch geregistreerd. Hierdoor ontstaat een volledig overzicht van klant- en kandidaatinteracties. Door structurele feedback wordt het systeem continu slimmer, terwijl de consultant de regie behoudt.<\/p>\n<p>4. Performance inzicht met Bullhorn Analytics<\/p>\n<p style=\"padding-left: 40px\">Met de implementatie van Bullhorn Analytics werd data vertaald naar stuurinformatie. Ratio\u2019s, conversies en activiteitenniveaus zijn inzichtelijk per consultant en per team.<\/p>\n<p style=\"padding-left: 40px\">Square City introduceerde individuele performance onepagers, waardoor consultants hun eigen resultaten kunnen analyseren en bijsturen. Deze aanpak, intern omschreven als een vorm van unbossing, stimuleert eigenaarschap en datagedreven werken.<\/p>\n<p>De adoptie werd zorgvuldig begeleid. Verandering kreeg tijd en werd persoonlijk aangepakt, waardoor inzicht evolueerde van controlemiddel naar groeimiddel.<\/p>\n","links_title":"Related Products","links":false,"block_background":"bg-blue","block_background_video_type":"url","block_background_video_url":"","block_background_video_file":false,"block_background_image":false,"block_background_overlay":false,"unique_id":"","block_option_custom_class":"","block_animate":false,"block_option_padding":[],"block_option_hide":[],"bg_lower_slant_color":""},{"acf_fc_layout":"testimonials","background_shape":"shapes\/plus","background_shape_position":"left","parallax_fx":false,"transition_speed":"10","enable_autoplay":false,"autoplay_speed":3000,"testimonials":[22300],"block_background":"block-bg-none","block_background_video_type":"url","block_background_video_url":"","block_background_video_file":false,"block_background_image":false,"block_background_overlay":false,"unique_id":"","block_option_custom_class":"","block_option_padding":[],"block_option_hide":[]},{"acf_fc_layout":"content-icon-box","icon":"shapes-solid\/plus","icon_color":"blue-dark","icon_alignment":"left","background_shape":"","parallax_fx":true,"title":"De Resultaten","block_aria":"","content":"<h3><strong>Een nieuwe manier van werken<\/strong><\/h3>\n<p>Meer effici\u00ebntie, hogere kwaliteit en betere stuurinformatie. De impact van de implementatie is zowel kwantitatief als kwalitatief zichtbaar. Het aantal voordrachten en gesprekken is toegenomen dankzij effici\u00ebntere processen. Tegelijkertijd is de kwaliteit van voorstellen verbeterd doordat AI-ondersteunde search gerichter werkt.<\/p>\n<p>Met behulp van Analytics kan SQUARE CITY sneller bijsturen wanneer conversieratio\u2019s afwijken. Performanceverschillen worden inzichtelijk, wat gerichte coaching mogelijk maakt. Junior consultants worden begeleid op basis van data in plaats van aannames.<\/p>\n<p>Daarnaast is de interne transparantie vergroot. Accountability is concreet meetbaar geworden, wat bijdraagt aan een professionele en volwassen organisatiecultuur. Ook richting klanten en kandidaten is het verschil merkbaar. De dienstverlening is meer consistent, beter onderbouwd en effici\u00ebnter georganiseerd. Dit versterkt de positionering van SQUARE CITY in een competitieve markt.<\/p>\n","links_title":"Related Products","links":false,"block_background":"bg-blue","block_background_video_type":"url","block_background_video_url":"","block_background_video_file":false,"block_background_image":false,"block_background_overlay":false,"unique_id":"","block_option_custom_class":"","block_animate":false,"block_option_padding":[],"block_option_hide":[],"bg_lower_slant_color":""},{"acf_fc_layout":"testimonials","background_shape":"shapes\/plus","background_shape_position":"left","parallax_fx":false,"transition_speed":"10","enable_autoplay":false,"autoplay_speed":3000,"testimonials":[22303],"block_background":"block-bg-none","block_background_video_type":"url","block_background_video_url":"","block_background_video_file":false,"block_background_image":false,"block_background_overlay":false,"unique_id":"","block_option_custom_class":"","block_option_padding":[],"block_option_hide":[]},{"acf_fc_layout":"content-icon-box","icon":"shapes-solid\/arrow-right","icon_color":"orange","icon_alignment":"right","background_shape":"","parallax_fx":false,"title":"De Toekomst","block_aria":"","content":"<p>Verdere optimalisatie en versterking van het tech-ecosysteem. SQUARE CITY ziet technologie niet als een eenmalig project, maar als een continu ontwikkelproces. De komende periode ligt de focus op:<\/p>\n<ul>\n<li>Verdere verfijning van AI prompts<\/li>\n<li>Optimalisatie van integraties binnen de tech stack<\/li>\n<li>Verdere verdieping van data-inzichten<\/li>\n<li>Nog sterkere koppeling tussen performance en strategie<\/li>\n<\/ul>\n<p>&nbsp;<\/p>\n<p>In een markt waarin snelheid, kwaliteit en schaalbaarheid samenkomen in datagedreven werken, beschouwt SQUARE CITY software niet als kostenpost, maar als strategische investering. Door te investeren in het Bullhorn Platform heeft SQUARE CITY een fundament gelegd dat groei mogelijk maakt, zonder concessies te doen aan de menselijke benadering die hun dienstverlening kenmerkt.<\/p>\n","links_title":"Related Products","links":false,"block_background":"bg-blue","block_background_video_type":"url","block_background_video_url":"","block_background_video_file":false,"block_background_image":false,"block_background_overlay":false,"unique_id":"","block_option_custom_class":"","block_animate":false,"block_option_padding":[],"block_option_hide":[],"bg_lower_slant_color":""},{"acf_fc_layout":"global-block","block_group":14556},{"acf_fc_layout":"related-posts","title":"Klik door naar andere relevante pagina's","archive":"","posts":[{"ID":21702,"post_author":"538","post_date":"2025-08-18 12:51:25","post_date_gmt":"2025-08-18 11:51:25","post_content":"","post_title":"Amplify Recruitment","post_excerpt":"","post_status":"publish","comment_status":"closed","ping_status":"closed","post_password":"","post_name":"amplify-recruitment","to_ping":"","pinged":"","post_modified":"2025-08-18 13:27:36","post_modified_gmt":"2025-08-18 12:27:36","post_content_filtered":"","post_parent":0,"guid":"https:\/\/www.bullhorn.com\/nl\/?post_type=landing_page&#038;p=21702","menu_order":0,"post_type":"landing_page","post_mime_type":"","comment_count":"0","filter":"raw"},{"ID":15129,"post_author":"302","post_date":"2021-08-10 16:22:27","post_date_gmt":"2021-08-10 16:22:27","post_content":"","post_title":"Automation","post_excerpt":"","post_status":"publish","comment_status":"closed","ping_status":"closed","post_password":"","post_name":"automation","to_ping":"","pinged":"","post_modified":"2024-08-13 14:20:24","post_modified_gmt":"2024-08-13 13:20:24","post_content_filtered":"","post_parent":0,"guid":"https:\/\/www.bullhorn.com\/nl\/?page_id=15129","menu_order":0,"post_type":"page","post_mime_type":"","comment_count":"0","filter":"raw"}],"block_background":"block-bg-none","block_background_video_type":"url","block_background_video_url":"","block_background_video_file":false,"block_background_image":false,"block_background_overlay":false,"unique_id":"","block_option_custom_class":"","block_option_padding":[],"block_option_hide":[]}],"_links":{"self":[{"href":"https:\/\/www.bullhorn.com\/nl\/wp-json\/wp\/v2\/pages\/22305","targetHints":{"allow":["GET"]}}],"collection":[{"href":"https:\/\/www.bullhorn.com\/nl\/wp-json\/wp\/v2\/pages"}],"about":[{"href":"https:\/\/www.bullhorn.com\/nl\/wp-json\/wp\/v2\/types\/page"}],"author":[{"embeddable":true,"href":"https:\/\/www.bullhorn.com\/nl\/wp-json\/wp\/v2\/users\/538"}],"replies":[{"embeddable":true,"href":"https:\/\/www.bullhorn.com\/nl\/wp-json\/wp\/v2\/comments?post=22305"}],"version-history":[{"count":5,"href":"https:\/\/www.bullhorn.com\/nl\/wp-json\/wp\/v2\/pages\/22305\/revisions"}],"predecessor-version":[{"id":22312,"href":"https:\/\/www.bullhorn.com\/nl\/wp-json\/wp\/v2\/pages\/22305\/revisions\/22312"}],"wp:attachment":[{"href":"https:\/\/www.bullhorn.com\/nl\/wp-json\/wp\/v2\/media?parent=22305"}],"curies":[{"name":"wp","href":"https:\/\/api.w.org\/{rel}","templated":true}]}}